{"id":9806,"date":"2024-02-01T11:54:18","date_gmt":"2024-02-01T16:54:18","guid":{"rendered":"https:\/\/lechienblanc.com\/?post_type=product&#038;p=9806"},"modified":"2024-12-17T10:13:34","modified_gmt":"2024-12-17T15:13:34","slug":"pochette-volt-2-0","status":"publish","type":"product","link":"https:\/\/lechienblanc.com\/en\/product\/pochette-volt-2-0\/","title":{"rendered":"VOLT 2.0 TREAT POUCH"},"content":{"rendered":"<p>[et_pb_section fb_built=\u00a0\u00bb1&Prime; _builder_version=\u00a0\u00bb4.27.4&Prime; custom_padding=\u00a0\u00bb55px||55px||true|false\u00a0\u00bb hover_enabled=\u00a0\u00bb0&Prime; global_colors_info=\u00a0\u00bb{}\u00a0\u00bb custom_padding_last_edited=\u00a0\u00bbon|phone\u00a0\u00bb sticky_enabled=\u00a0\u00bb0&Prime; custom_padding_phone=\u00a0\u00bb15px||15px||true|false\u00a0\u00bb custom_padding_tablet=\u00a0\u00bb55px||55px||true|false\u00a0\u00bb][et_pb_row _builder_version=\u00a0\u00bb4.16&Prime; background_size=\u00a0\u00bbinitial\u00a0\u00bb background_position=\u00a0\u00bbtop_left\u00a0\u00bb background_repeat=\u00a0\u00bbrepeat\u00a0\u00bb width=\u00a0\u00bb100%\u00a0\u00bb custom_padding=\u00a0\u00bb0px||0px||false|false\u00a0\u00bb global_colors_info=\u00a0\u00bb{}\u00a0\u00bb][et_pb_column type=\u00a0\u00bb4_4&Prime; _builder_version=\u00a0\u00bb4.16&Prime; custom_padding=\u00a0\u00bb|||\u00a0\u00bb global_colors_info=\u00a0\u00bb{}\u00a0\u00bb custom_padding__hover=\u00a0\u00bb|||\u00a0\u00bb][et_pb_wc_cart_notice _builder_version=\u00a0\u00bb4.27.4&Prime; hover_enabled=\u00a0\u00bb0&Prime; global_colors_info=\u00a0\u00bb{}\u00a0\u00bb custom_margin=\u00a0\u00bb10px|0em|10px|0em|true|false\u00a0\u00bb custom_padding=\u00a0\u00bb10px|15px|10px|15px|true|false\u00a0\u00bb sticky_enabled=\u00a0\u00bb0&Prime;][\/et_pb_wc_cart_notice][\/et_pb_column][\/et_pb_row][et_pb_row column_structure=\u00a0\u00bb2_5,3_5&Prime; _builder_version=\u00a0\u00bb4.16&Prime; background_size=\u00a0\u00bbinitial\u00a0\u00bb background_position=\u00a0\u00bbtop_left\u00a0\u00bb background_repeat=\u00a0\u00bbrepeat\u00a0\u00bb width=\u00a0\u00bb100%\u00a0\u00bb custom_padding=\u00a0\u00bb0px||22px||false|false\u00a0\u00bb global_colors_info=\u00a0\u00bb{}\u00a0\u00bb][et_pb_column type=\u00a0\u00bb2_5&Prime; _builder_version=\u00a0\u00bb4.16&Prime; custom_padding=\u00a0\u00bb|||\u00a0\u00bb global_colors_info=\u00a0\u00bb{}\u00a0\u00bb custom_padding__hover=\u00a0\u00bb|||\u00a0\u00bb][et_pb_wc_images _builder_version=\u00a0\u00bb4.16&Prime; global_colors_info=\u00a0\u00bb{}\u00a0\u00bb][\/et_pb_wc_images][\/et_pb_column][et_pb_column type=\u00a0\u00bb3_5&Prime; _builder_version=\u00a0\u00bb4.16&Prime; custom_padding=\u00a0\u00bb|||\u00a0\u00bb global_colors_info=\u00a0\u00bb{}\u00a0\u00bb custom_padding__hover=\u00a0\u00bb|||\u00a0\u00bb][et_pb_wc_title _builder_version=\u00a0\u00bb4.27.4&Prime; header_font=\u00a0\u00bb|600|||||||\u00a0\u00bb header_font_size=\u00a0\u00bb34px\u00a0\u00bb hover_enabled=\u00a0\u00bb0&Prime; global_colors_info=\u00a0\u00bb{}\u00a0\u00bb custom_margin_last_edited=\u00a0\u00bbon|phone\u00a0\u00bb custom_margin=\u00a0\u00bb-6px||22px||false|false\u00a0\u00bb sticky_enabled=\u00a0\u00bb0&Prime; custom_margin_phone=\u00a0\u00bb-32px||||false|false\u00a0\u00bb custom_margin_tablet=\u00a0\u00bb-6px||22px||false|false\u00a0\u00bb][\/et_pb_wc_title][et_pb_text _builder_version=\u00a0\u00bb4.24.2&Prime; _module_preset=\u00a0\u00bbdefault\u00a0\u00bb global_colors_info=\u00a0\u00bb{}\u00a0\u00bb custom_margin=\u00a0\u00bb||32px|||\u00a0\u00bb]<\/p>\n<h3><span>La pochette VOLT 2.0 est une version am\u00e9lior\u00e9e de l&rsquo;\u00e9tui VOLT. Certaines fonctionnalit\u00e9s ont \u00e9t\u00e9 modifi\u00e9es pour offrir une exp\u00e9rience plus pratique aux utilisateurs.<\/span><\/h3>\n<p><span><\/span><\/p>\n<h3><span>Voici un r\u00e9sum\u00e9 des modifications apport\u00e9es :<\/span><\/h3>\n<p><span><br \/><strong>1.<\/strong> Changement de l&rsquo;ouverture\/fermeture : Le cordon de fermeture a \u00e9t\u00e9 d\u00e9plac\u00e9 sur le c\u00f4t\u00e9 de la pochette, ce qui facilite l&rsquo;insertion de la main \u00e0 l&rsquo;int\u00e9rieur.<br \/><\/span><\/p>\n<p><span><strong>2.<\/strong> D\u00e9placement du distributeur de sacs de ramassage : Le distributeur de sacs de ramassage a \u00e9t\u00e9 d\u00e9plac\u00e9 vers l&rsquo;arri\u00e8re de la pochette pour lib\u00e9rer plus d&rsquo;espace pour les g\u00e2teries.<br \/><\/span><\/p>\n<p><span><strong>3.<\/strong> Adaptation pour les t\u00e9l\u00e9phones plus grands : Le zip a \u00e9t\u00e9 remont\u00e9 plus haut pour permettre l&rsquo;insertion de t\u00e9l\u00e9phones de grande taille. La pochette peut \u00e9galement \u00eatre utilis\u00e9e pour ranger des cl\u00e9s, des cartes ou d&rsquo;autres objets.<br \/><\/span><\/p>\n<p><span><strong>4.<\/strong> Ajout d&rsquo;un filet \u00e0 l&rsquo;avant : Un filet a \u00e9t\u00e9 ajout\u00e9 \u00e0 l&rsquo;avant de la pochette pour y ranger une balle si n\u00e9cessaire.<br \/><\/span><\/p>\n<p><span><strong>5.<\/strong> Sangles ajustables : L&rsquo;\u00e9tui VOLT 2.0 est livr\u00e9 avec une sangle bandouli\u00e8re ajustable et une sangle pour la taille, ce qui permet de le porter de diff\u00e9rentes mani\u00e8res et de l&rsquo;ajuster \u00e0 diff\u00e9rentes tailles (de z\u00e9ro \u00e0 55 pouces). Si des tailles plus grandes sont n\u00e9cessaires, n&rsquo;h\u00e9sitez pas \u00e0 nous contacter.<\/span><\/p>\n<p><span><br \/>En ce qui concerne les caract\u00e9ristiques g\u00e9n\u00e9rales, la pochette VOLT 2.0 est comme durable, ajustable, l\u00e9g\u00e8re et facile \u00e0 transporter. L&rsquo;\u00e9tui lui-m\u00eame est con\u00e7u au Qu\u00e9bec et fabriqu\u00e9 en Chine, tandis que les sangles sont fabriqu\u00e9es au Qu\u00e9bec.<br \/><\/span><\/p>\n<p><span><\/span><\/p>\n<h3><span>COULEURS: BLEU, NOIR, ROSE, ORANGE, MAUVE, ROUGE<br \/>DIMENSIONS: 14 cm x 19 cm.<\/span><\/h3>\n<p>[\/et_pb_text][et_pb_wc_price _builder_version=\u00a0\u00bb4.16&Prime; custom_margin=\u00a0\u00bb||32px|||\u00a0\u00bb global_colors_info=\u00a0\u00bb{}\u00a0\u00bb][\/et_pb_wc_price][et_pb_wc_add_to_cart _builder_version=\u00a0\u00bb4.16&Prime; global_colors_info=\u00a0\u00bb{}\u00a0\u00bb custom_margin=\u00a0\u00bb||32px|||\u00a0\u00bb][\/et_pb_wc_add_to_cart][et_pb_image src=\u00a0\u00bbhttp:\/\/lechienblanc.com\/wp-content\/uploads\/2019\/08\/DESIGN\u00c9-TEST\u00c9-AU-CANADA-150&#215;150.jpg\u00a0\u00bb title_text=\u00a0\u00bbaccessoires pour chien DESIGN\u00c9 &#038; TEST\u00c9 AU CANADA\u00a0\u00bb _builder_version=\u00a0\u00bb4.20.4&Prime; _module_preset=\u00a0\u00bbdefault\u00a0\u00bb global_colors_info=\u00a0\u00bb{}\u00a0\u00bb][\/et_pb_image][\/et_pb_column][\/et_pb_row][et_pb_row _builder_version=\u00a0\u00bb4.16&Prime; background_size=\u00a0\u00bbinitial\u00a0\u00bb background_position=\u00a0\u00bbtop_left\u00a0\u00bb background_repeat=\u00a0\u00bbrepeat\u00a0\u00bb width=\u00a0\u00bb100%\u00a0\u00bb custom_padding=\u00a0\u00bb||8px|||\u00a0\u00bb global_colors_info=\u00a0\u00bb{}\u00a0\u00bb][et_pb_column type=\u00a0\u00bb4_4&Prime; _builder_version=\u00a0\u00bb4.16&Prime; custom_padding=\u00a0\u00bb|||\u00a0\u00bb global_colors_info=\u00a0\u00bb{}\u00a0\u00bb custom_padding__hover=\u00a0\u00bb|||\u00a0\u00bb][et_pb_wc_related_products posts_number=\u00a0\u00bb4&Prime; columns_number=\u00a0\u00bb4&Prime; include_categories=\u00a0\u00bbcurrent\u00a0\u00bb hover_icon=\u00a0\u00bb&#x35;||divi||400&Prime; _builder_version=\u00a0\u00bb4.27.2&Prime; custom_margin=\u00a0\u00bb||5px|||\u00a0\u00bb custom_padding=\u00a0\u00bb||2px|||\u00a0\u00bb global_module=\u00a0\u00bb7238&Prime; saved_tabs=\u00a0\u00bball\u00a0\u00bb locked=\u00a0\u00bboff\u00a0\u00bb global_colors_info=\u00a0\u00bb{}\u00a0\u00bb][\/et_pb_wc_related_products][\/et_pb_column][\/et_pb_row][\/et_pb_section]<\/p>\n","protected":false},"excerpt":{"rendered":"<p>La pochette VOLT 2.0 est une version am\u00e9lior\u00e9e de l&rsquo;\u00e9tui VOLT. Certaines fonctionnalit\u00e9s ont \u00e9t\u00e9 modifi\u00e9es pour offrir une exp\u00e9rience plus pratique aux utilisateurs. Voici un r\u00e9sum\u00e9 des modifications apport\u00e9es : 1. Changement de l&rsquo;ouverture\/fermeture : Le cordon de fermeture a \u00e9t\u00e9 d\u00e9plac\u00e9 sur le c\u00f4t\u00e9 de la pochette, ce qui facilite l&rsquo;insertion de la [&hellip;]<\/p>\n","protected":false},"featured_media":10117,"template":"","meta":{"_et_pb_use_builder":"on","_et_pb_old_content":"","_et_gb_content_width":""},"product_brand":[],"product_cat":[13,55,73],"product_tag":[],"class_list":{"0":"post-9806","1":"product","2":"type-product","3":"status-publish","4":"has-post-thumbnail","6":"product_cat-entrainement","7":"product_cat-marche","8":"product_cat-outils-dentrainement","10":"first","11":"instock","12":"taxable","13":"shipping-taxable","14":"purchasable","15":"product-type-variable"},"yoast_head":"<!-- This site is optimized with the Yoast SEO plugin v27.3 - https:\/\/yoast.com\/product\/yoast-seo-wordpress\/ -->\n<title>POCHETTE VOLT 2.0 - Le Chien Blanc<\/title>\n<meta name=\"description\" content=\"Certaines fonctionnalit\u00e9s ont \u00e9t\u00e9 modifi\u00e9es pour offrir une exp\u00e9rience plus pratique aux utilisateurs.\" \/>\n<meta name=\"robots\" content=\"index, follow, max-snippet:-1, max-image-preview:large, max-video-preview:-1\" \/>\n<link rel=\"canonical\" href=\"https:\/\/lechienblanc.com\/en\/product\/pochette-volt-2-0\/\" \/>\n<meta property=\"og:locale\" content=\"en_US\" \/>\n<meta property=\"og:type\" content=\"article\" \/>\n<meta property=\"og:title\" content=\"POCHETTE VOLT 2.0 - Le Chien Blanc\" \/>\n<meta property=\"og:description\" content=\"Certaines fonctionnalit\u00e9s ont \u00e9t\u00e9 modifi\u00e9es pour offrir une exp\u00e9rience plus pratique aux utilisateurs.\" \/>\n<meta property=\"og:url\" content=\"https:\/\/lechienblanc.com\/en\/product\/pochette-volt-2-0\/\" \/>\n<meta property=\"og:site_name\" content=\"Le Chien Blanc\" \/>\n<meta property=\"article:publisher\" content=\"https:\/\/www.facebook.com\/golechienblanc\" \/>\n<meta property=\"article:modified_time\" content=\"2024-12-17T15:13:34+00:00\" \/>\n<meta property=\"og:image\" content=\"http:\/\/lechienblanc.com\/wp-content\/uploads\/2024\/02\/1111111-1.jpg\" \/>\n\t<meta property=\"og:image:width\" content=\"759\" \/>\n\t<meta property=\"og:image:height\" content=\"800\" \/>\n\t<meta property=\"og:image:type\" content=\"image\/jpeg\" \/>\n<script type=\"application\/ld+json\" class=\"yoast-schema-graph\">{\"@context\":\"https:\\\/\\\/schema.org\",\"@graph\":[{\"@type\":\"WebPage\",\"@id\":\"https:\\\/\\\/lechienblanc.com\\\/produit\\\/pochette-volt-2-0\\\/\",\"url\":\"https:\\\/\\\/lechienblanc.com\\\/produit\\\/pochette-volt-2-0\\\/\",\"name\":\"POCHETTE VOLT 2.0 - Le Chien Blanc\",\"isPartOf\":{\"@id\":\"https:\\\/\\\/lechienblanc.com\\\/#website\"},\"primaryImageOfPage\":{\"@id\":\"https:\\\/\\\/lechienblanc.com\\\/produit\\\/pochette-volt-2-0\\\/#primaryimage\"},\"image\":{\"@id\":\"https:\\\/\\\/lechienblanc.com\\\/produit\\\/pochette-volt-2-0\\\/#primaryimage\"},\"thumbnailUrl\":\"https:\\\/\\\/lechienblanc.com\\\/wp-content\\\/uploads\\\/2024\\\/02\\\/1111111-1.jpg\",\"datePublished\":\"2024-02-01T16:54:18+00:00\",\"dateModified\":\"2024-12-17T15:13:34+00:00\",\"description\":\"Certaines fonctionnalit\u00e9s ont \u00e9t\u00e9 modifi\u00e9es pour offrir une exp\u00e9rience plus pratique aux utilisateurs.\",\"breadcrumb\":{\"@id\":\"https:\\\/\\\/lechienblanc.com\\\/produit\\\/pochette-volt-2-0\\\/#breadcrumb\"},\"inLanguage\":\"en-US\",\"potentialAction\":[{\"@type\":\"ReadAction\",\"target\":[\"https:\\\/\\\/lechienblanc.com\\\/produit\\\/pochette-volt-2-0\\\/\"]}]},{\"@type\":\"ImageObject\",\"inLanguage\":\"en-US\",\"@id\":\"https:\\\/\\\/lechienblanc.com\\\/produit\\\/pochette-volt-2-0\\\/#primaryimage\",\"url\":\"https:\\\/\\\/lechienblanc.com\\\/wp-content\\\/uploads\\\/2024\\\/02\\\/1111111-1.jpg\",\"contentUrl\":\"https:\\\/\\\/lechienblanc.com\\\/wp-content\\\/uploads\\\/2024\\\/02\\\/1111111-1.jpg\",\"width\":759,\"height\":800},{\"@type\":\"BreadcrumbList\",\"@id\":\"https:\\\/\\\/lechienblanc.com\\\/produit\\\/pochette-volt-2-0\\\/#breadcrumb\",\"itemListElement\":[{\"@type\":\"ListItem\",\"position\":1,\"name\":\"Accueil\",\"item\":\"https:\\\/\\\/lechienblanc.com\\\/\"},{\"@type\":\"ListItem\",\"position\":2,\"name\":\"BOUTIQUE\",\"item\":\"https:\\\/\\\/lechienblanc.com\\\/\"},{\"@type\":\"ListItem\",\"position\":3,\"name\":\"POCHETTE VOLT 2.0\"}]},{\"@type\":\"WebSite\",\"@id\":\"https:\\\/\\\/lechienblanc.com\\\/#website\",\"url\":\"https:\\\/\\\/lechienblanc.com\\\/\",\"name\":\"Le Chien Blanc\",\"description\":\"Accessoires pour chiens\",\"publisher\":{\"@id\":\"https:\\\/\\\/lechienblanc.com\\\/#organization\"},\"potentialAction\":[{\"@type\":\"SearchAction\",\"target\":{\"@type\":\"EntryPoint\",\"urlTemplate\":\"https:\\\/\\\/lechienblanc.com\\\/?s={search_term_string}\"},\"query-input\":{\"@type\":\"PropertyValueSpecification\",\"valueRequired\":true,\"valueName\":\"search_term_string\"}}],\"inLanguage\":\"en-US\"},{\"@type\":\"Organization\",\"@id\":\"https:\\\/\\\/lechienblanc.com\\\/#organization\",\"name\":\"Le Chien Blanc\",\"url\":\"https:\\\/\\\/lechienblanc.com\\\/\",\"logo\":{\"@type\":\"ImageObject\",\"inLanguage\":\"en-US\",\"@id\":\"https:\\\/\\\/lechienblanc.com\\\/#\\\/schema\\\/logo\\\/image\\\/\",\"url\":\"http:\\\/\\\/lechienblanc.com\\\/wp-content\\\/uploads\\\/2019\\\/09\\\/LogoHeaderLCB.png\",\"contentUrl\":\"http:\\\/\\\/lechienblanc.com\\\/wp-content\\\/uploads\\\/2019\\\/09\\\/LogoHeaderLCB.png\",\"width\":366,\"height\":286,\"caption\":\"Le Chien Blanc\"},\"image\":{\"@id\":\"https:\\\/\\\/lechienblanc.com\\\/#\\\/schema\\\/logo\\\/image\\\/\"},\"sameAs\":[\"https:\\\/\\\/www.facebook.com\\\/golechienblanc\",\"https:\\\/\\\/www.instagram.com\\\/golechienblanc\\\/\"]}]}<\/script>\n<!-- \/ Yoast SEO plugin. -->","yoast_head_json":{"title":"POCHETTE VOLT 2.0 - Le Chien Blanc","description":"Certaines fonctionnalit\u00e9s ont \u00e9t\u00e9 modifi\u00e9es pour offrir une exp\u00e9rience plus pratique aux utilisateurs.","robots":{"index":"index","follow":"follow","max-snippet":"max-snippet:-1","max-image-preview":"max-image-preview:large","max-video-preview":"max-video-preview:-1"},"canonical":"https:\/\/lechienblanc.com\/en\/product\/pochette-volt-2-0\/","og_locale":"en_US","og_type":"article","og_title":"POCHETTE VOLT 2.0 - Le Chien Blanc","og_description":"Certaines fonctionnalit\u00e9s ont \u00e9t\u00e9 modifi\u00e9es pour offrir une exp\u00e9rience plus pratique aux utilisateurs.","og_url":"https:\/\/lechienblanc.com\/en\/product\/pochette-volt-2-0\/","og_site_name":"Le Chien Blanc","article_publisher":"https:\/\/www.facebook.com\/golechienblanc","article_modified_time":"2024-12-17T15:13:34+00:00","og_image":[{"width":759,"height":800,"url":"http:\/\/lechienblanc.com\/wp-content\/uploads\/2024\/02\/1111111-1.jpg","type":"image\/jpeg"}],"schema":{"@context":"https:\/\/schema.org","@graph":[{"@type":"WebPage","@id":"https:\/\/lechienblanc.com\/produit\/pochette-volt-2-0\/","url":"https:\/\/lechienblanc.com\/produit\/pochette-volt-2-0\/","name":"POCHETTE VOLT 2.0 - Le Chien Blanc","isPartOf":{"@id":"https:\/\/lechienblanc.com\/#website"},"primaryImageOfPage":{"@id":"https:\/\/lechienblanc.com\/produit\/pochette-volt-2-0\/#primaryimage"},"image":{"@id":"https:\/\/lechienblanc.com\/produit\/pochette-volt-2-0\/#primaryimage"},"thumbnailUrl":"https:\/\/lechienblanc.com\/wp-content\/uploads\/2024\/02\/1111111-1.jpg","datePublished":"2024-02-01T16:54:18+00:00","dateModified":"2024-12-17T15:13:34+00:00","description":"Certaines fonctionnalit\u00e9s ont \u00e9t\u00e9 modifi\u00e9es pour offrir une exp\u00e9rience plus pratique aux utilisateurs.","breadcrumb":{"@id":"https:\/\/lechienblanc.com\/produit\/pochette-volt-2-0\/#breadcrumb"},"inLanguage":"en-US","potentialAction":[{"@type":"ReadAction","target":["https:\/\/lechienblanc.com\/produit\/pochette-volt-2-0\/"]}]},{"@type":"ImageObject","inLanguage":"en-US","@id":"https:\/\/lechienblanc.com\/produit\/pochette-volt-2-0\/#primaryimage","url":"https:\/\/lechienblanc.com\/wp-content\/uploads\/2024\/02\/1111111-1.jpg","contentUrl":"https:\/\/lechienblanc.com\/wp-content\/uploads\/2024\/02\/1111111-1.jpg","width":759,"height":800},{"@type":"BreadcrumbList","@id":"https:\/\/lechienblanc.com\/produit\/pochette-volt-2-0\/#breadcrumb","itemListElement":[{"@type":"ListItem","position":1,"name":"Accueil","item":"https:\/\/lechienblanc.com\/"},{"@type":"ListItem","position":2,"name":"BOUTIQUE","item":"https:\/\/lechienblanc.com\/"},{"@type":"ListItem","position":3,"name":"POCHETTE VOLT 2.0"}]},{"@type":"WebSite","@id":"https:\/\/lechienblanc.com\/#website","url":"https:\/\/lechienblanc.com\/","name":"Le Chien Blanc","description":"Accessoires pour chiens","publisher":{"@id":"https:\/\/lechienblanc.com\/#organization"},"potentialAction":[{"@type":"SearchAction","target":{"@type":"EntryPoint","urlTemplate":"https:\/\/lechienblanc.com\/?s={search_term_string}"},"query-input":{"@type":"PropertyValueSpecification","valueRequired":true,"valueName":"search_term_string"}}],"inLanguage":"en-US"},{"@type":"Organization","@id":"https:\/\/lechienblanc.com\/#organization","name":"Le Chien Blanc","url":"https:\/\/lechienblanc.com\/","logo":{"@type":"ImageObject","inLanguage":"en-US","@id":"https:\/\/lechienblanc.com\/#\/schema\/logo\/image\/","url":"http:\/\/lechienblanc.com\/wp-content\/uploads\/2019\/09\/LogoHeaderLCB.png","contentUrl":"http:\/\/lechienblanc.com\/wp-content\/uploads\/2019\/09\/LogoHeaderLCB.png","width":366,"height":286,"caption":"Le Chien Blanc"},"image":{"@id":"https:\/\/lechienblanc.com\/#\/schema\/logo\/image\/"},"sameAs":["https:\/\/www.facebook.com\/golechienblanc","https:\/\/www.instagram.com\/golechienblanc\/"]}]}},"_links":{"self":[{"href":"https:\/\/lechienblanc.com\/en\/wp-json\/wp\/v2\/product\/9806","targetHints":{"allow":["GET"]}}],"collection":[{"href":"https:\/\/lechienblanc.com\/en\/wp-json\/wp\/v2\/product"}],"about":[{"href":"https:\/\/lechienblanc.com\/en\/wp-json\/wp\/v2\/types\/product"}],"wp:featuredmedia":[{"embeddable":true,"href":"https:\/\/lechienblanc.com\/en\/wp-json\/wp\/v2\/media\/10117"}],"wp:attachment":[{"href":"https:\/\/lechienblanc.com\/en\/wp-json\/wp\/v2\/media?parent=9806"}],"wp:term":[{"taxonomy":"product_brand","embeddable":true,"href":"https:\/\/lechienblanc.com\/en\/wp-json\/wp\/v2\/product_brand?post=9806"},{"taxonomy":"product_cat","embeddable":true,"href":"https:\/\/lechienblanc.com\/en\/wp-json\/wp\/v2\/product_cat?post=9806"},{"taxonomy":"product_tag","embeddable":true,"href":"https:\/\/lechienblanc.com\/en\/wp-json\/wp\/v2\/product_tag?post=9806"}],"curies":[{"name":"wp","href":"https:\/\/api.w.org\/{rel}","templated":true}]}}