{"id":9711,"date":"2024-02-01T09:39:22","date_gmt":"2024-02-01T14:39:22","guid":{"rendered":"https:\/\/lechienblanc.com\/?post_type=product&#038;p=9711"},"modified":"2026-03-08T15:31:25","modified_gmt":"2026-03-08T19:31:25","slug":"harnais-horizon","status":"publish","type":"product","link":"https:\/\/lechienblanc.com\/en\/product\/harnais-horizon\/","title":{"rendered":"HORIZON HARNESS"},"content":{"rendered":"<p>[et_pb_section fb_built=\u00a0\u00bb1&Prime; custom_padding_last_edited=\u00a0\u00bbon|phone\u00a0\u00bb _builder_version=\u00a0\u00bb4.27.4&Prime; custom_padding=\u00a0\u00bb55px||55px||true|false\u00a0\u00bb custom_padding_tablet=\u00a0\u00bb55px||55px||true|false\u00a0\u00bb custom_padding_phone=\u00a0\u00bb15px||15px||true|false\u00a0\u00bb global_colors_info=\u00a0\u00bb{}\u00a0\u00bb][et_pb_row _builder_version=\u00a0\u00bb4.16&Prime; background_size=\u00a0\u00bbinitial\u00a0\u00bb background_position=\u00a0\u00bbtop_left\u00a0\u00bb background_repeat=\u00a0\u00bbrepeat\u00a0\u00bb width=\u00a0\u00bb100%\u00a0\u00bb custom_padding=\u00a0\u00bb0px||0px||false|false\u00a0\u00bb global_colors_info=\u00a0\u00bb{}\u00a0\u00bb][et_pb_column type=\u00a0\u00bb4_4&Prime; _builder_version=\u00a0\u00bb4.16&Prime; custom_padding=\u00a0\u00bb|||\u00a0\u00bb global_colors_info=\u00a0\u00bb{}\u00a0\u00bb custom_padding__hover=\u00a0\u00bb|||\u00a0\u00bb][et_pb_wc_cart_notice _builder_version=\u00a0\u00bb4.27.4&Prime; custom_margin=\u00a0\u00bb10px|0em|10px|0em|true|false\u00a0\u00bb custom_padding=\u00a0\u00bb10px|15px|10px|15px|true|false\u00a0\u00bb global_colors_info=\u00a0\u00bb{}\u00a0\u00bb][\/et_pb_wc_cart_notice][\/et_pb_column][\/et_pb_row][et_pb_row column_structure=\u00a0\u00bb2_5,3_5&Prime; _builder_version=\u00a0\u00bb4.16&Prime; background_size=\u00a0\u00bbinitial\u00a0\u00bb background_position=\u00a0\u00bbtop_left\u00a0\u00bb background_repeat=\u00a0\u00bbrepeat\u00a0\u00bb width=\u00a0\u00bb100%\u00a0\u00bb custom_padding=\u00a0\u00bb0px||||false|false\u00a0\u00bb global_colors_info=\u00a0\u00bb{}\u00a0\u00bb][et_pb_column type=\u00a0\u00bb2_5&Prime; _builder_version=\u00a0\u00bb4.16&Prime; custom_padding=\u00a0\u00bb|||\u00a0\u00bb global_colors_info=\u00a0\u00bb{}\u00a0\u00bb custom_padding__hover=\u00a0\u00bb|||\u00a0\u00bb][et_pb_wc_images _builder_version=\u00a0\u00bb4.16&Prime; global_colors_info=\u00a0\u00bb{}\u00a0\u00bb][\/et_pb_wc_images][\/et_pb_column][et_pb_column type=\u00a0\u00bb3_5&Prime; _builder_version=\u00a0\u00bb4.16&Prime; custom_padding=\u00a0\u00bb|||\u00a0\u00bb global_colors_info=\u00a0\u00bb{}\u00a0\u00bb custom_padding__hover=\u00a0\u00bb|||\u00a0\u00bb][et_pb_wc_title _builder_version=\u00a0\u00bb4.27.4&Prime; header_font=\u00a0\u00bb|600|||||||\u00a0\u00bb header_font_size=\u00a0\u00bb34px\u00a0\u00bb custom_margin=\u00a0\u00bb-6px||22px||false|false\u00a0\u00bb custom_margin_tablet=\u00a0\u00bb-6px||22px||false|false\u00a0\u00bb custom_margin_phone=\u00a0\u00bb-32px||||false|false\u00a0\u00bb custom_margin_last_edited=\u00a0\u00bbon|phone\u00a0\u00bb global_colors_info=\u00a0\u00bb{}\u00a0\u00bb][\/et_pb_wc_title][et_pb_text _builder_version=\u00a0\u00bb4.27.4&Prime; _module_preset=\u00a0\u00bbdefault\u00a0\u00bb custom_margin=\u00a0\u00bb||32px|||\u00a0\u00bb global_colors_info=\u00a0\u00bb{}\u00a0\u00bb]<\/p>\n<h3>Avec le HARNAIS HORIZON, plus besoin de passer la t\u00eate de votre animal dans le harnais!<\/h3>\n<p>&nbsp;<\/p>\n<p>Le HARNAIS HORIZON est con\u00e7u de mani\u00e8re \u00e0 d\u00e9gager compl\u00e8tement les \u00e9paules et les aisselles de votre chien pour lui garantir un maximum de confort. Le HARNAIS HORIZON est robuste, stable et plus s\u00e9curitaire gr\u00e2ce aux doubles sangles qui rendent l\u2019\u00e9vasion plus difficile.<\/p>\n<p>Chez LE CHIEN BLANC, on adore innover et on souhaitait rendre le HARNAIS HORIZON encore plus polyvalent, nous avons donc cr\u00e9\u00e9 la RALLONGE HORIZON pour permettre d\u2019y ajouter le SAC \u00c0 DOS EXP\u00c9DITION amovible qui s\u2019installe exclusivement sur le HARNAIS ATLAS et maintenant sur le harnais HORIZON AVEC RALLONGE.<\/p>\n<h3>De plus, le HARNAIS HORIZON:<\/h3>\n<ul>\n<li>Est fabriqu\u00e9 de mat\u00e9riaux souples, durables, l\u00e9gers et qui offrent une grande respirabilit\u00e9<\/li>\n<li>Est TR\u00c8S AJUSTABLE<\/li>\n<li>Poss\u00e8de une attache de m\u00e9tal qui permet de mettre le harnais SANS PASSER LA T\u00caTE DEDANS. (votre chien nous remercie!)<\/li>\n<li>Poss\u00e8de une attache frontale en m\u00e9tal, une attache dorsale en m\u00e9tal et une poign\u00e9e facilement accessible ultra-pratique<\/li>\n<li>Est muni de bandes r\u00e9fl\u00e9chissantes<\/li>\n<li>Est compatible avec le SAC \u00c0 DOS EXP\u00c9DITION amovible lorsqu\u2019il est utilis\u00e9 avec la RALLONGE HORIZON.<\/li>\n<li>Permet de rendre l\u2019\u00e9vasion TR\u00c8S DIFFICILE (lorsqu\u2019il est utilis\u00e9 avec la RALLONGE HORIZON) gr\u00e2ce \u00e0 sa double sangle et permet de s\u2019attacher sous le ventre du harnais ou encore de le laisser d\u00e9tach\u00e9 en dessous pour rendre l\u2019\u00e9vasion encore plus difficile (Adapt\u00e9 pour les chiens de type l\u00e9vrier)<\/li>\n<\/ul>\n<h3>FI\u00c8REMENT CON\u00c7U ET FABRIQU\u00c9 AU QU\u00c9BEC<\/h3>\n<p>&nbsp;<\/p>\n<p><strong>Voici un guide pour vous aider \u00e0 s\u00e9lectionner la grandeur appropri\u00e9e:<\/strong><\/p>\n<p>S: COU 8-15\u2019\u2019, POITRINE 8.5-20\u2019\u2019, POIDS environ 8-32LBS<\/p>\n<p>M: COU 13-22\u2019\u2019, POITRINE 15-32\u2019\u2019, POIDS environ 30-50LBS<\/p>\n<p>L: COU 16-26\u2019\u2019, POITRINE 17-39\u2019\u2019, POIDS environ 51-74LBS<\/p>\n<p>XL: COU 18-30\u2019\u2019, POITRINE 20-47\u2019\u2019, POIDS environ 75-130LBS<\/p>\n<p>&nbsp;<\/p>\n<p><em>*Si vous h\u00e9sitez apr\u00e8s avoir consult\u00e9 ce guide, n\u2019h\u00e9sitez pas \u00e0 nous contacter.<\/em><\/p>\n<p>SI VOUS POSS\u00c9DEZ LE HARNAIS ATLAS on peut vous aider facilement \u00e0 trouver la bonne taille.<\/p>\n<p>&nbsp;<\/p>\n<h3>4 GRANDEURS OFFERTES<\/h3>\n<h3>4 COULEURS OFFERTES<\/h3>\n<p>[\/et_pb_text][et_pb_wc_price _builder_version=\u00a0\u00bb4.16&Prime; custom_margin=\u00a0\u00bb||32px|||\u00a0\u00bb global_colors_info=\u00a0\u00bb{}\u00a0\u00bb][\/et_pb_wc_price][et_pb_wc_add_to_cart _builder_version=\u00a0\u00bb4.16&Prime; global_colors_info=\u00a0\u00bb{}\u00a0\u00bb][\/et_pb_wc_add_to_cart][\/et_pb_column][\/et_pb_row][et_pb_row _builder_version=\u00a0\u00bb4.16&Prime; background_size=\u00a0\u00bbinitial\u00a0\u00bb background_position=\u00a0\u00bbtop_left\u00a0\u00bb background_repeat=\u00a0\u00bbrepeat\u00a0\u00bb width=\u00a0\u00bb100%\u00a0\u00bb custom_padding=\u00a0\u00bb8px||17px|||\u00a0\u00bb locked=\u00a0\u00bboff\u00a0\u00bb global_colors_info=\u00a0\u00bb{}\u00a0\u00bb][et_pb_column type=\u00a0\u00bb4_4&Prime; _builder_version=\u00a0\u00bb4.16&Prime; custom_padding=\u00a0\u00bb|||\u00a0\u00bb global_colors_info=\u00a0\u00bb{}\u00a0\u00bb custom_padding__hover=\u00a0\u00bb|||\u00a0\u00bb][et_pb_wc_related_products posts_number=\u00a0\u00bb4&Prime; columns_number=\u00a0\u00bb4&Prime; include_categories=\u00a0\u00bbcurrent\u00a0\u00bb hover_icon=\u00a0\u00bb&#x35;||divi||400&Prime; _builder_version=\u00a0\u00bb4.27.2&Prime; custom_margin=\u00a0\u00bb||5px|||\u00a0\u00bb custom_padding=\u00a0\u00bb||2px|||\u00a0\u00bb global_module=\u00a0\u00bb7238&Prime; saved_tabs=\u00a0\u00bball\u00a0\u00bb locked=\u00a0\u00bboff\u00a0\u00bb global_colors_info=\u00a0\u00bb{}\u00a0\u00bb][\/et_pb_wc_related_products][\/et_pb_column][\/et_pb_row][\/et_pb_section]<\/p>\n","protected":false},"excerpt":{"rendered":"<p>Avec le HARNAIS HORIZON, plus besoin de passer la t\u00eate de votre animal dans le harnais! &nbsp; Le HARNAIS HORIZON est con\u00e7u de mani\u00e8re \u00e0 d\u00e9gager compl\u00e8tement les \u00e9paules et les aisselles de votre chien pour lui garantir un maximum de confort. Le HARNAIS HORIZON est robuste, stable et plus s\u00e9curitaire gr\u00e2ce aux doubles sangles [&hellip;]<\/p>\n","protected":false},"featured_media":11264,"template":"","meta":{"_et_pb_use_builder":"on","_et_pb_old_content":"","_et_gb_content_width":""},"product_brand":[],"product_cat":[13,69,55,56,52],"product_tag":[],"class_list":{"0":"post-9711","1":"product","2":"type-product","3":"status-publish","4":"has-post-thumbnail","6":"product_cat-entrainement","7":"product_cat-harnais","8":"product_cat-marche","9":"product_cat-randonnee","10":"product_cat-voyage-camping","12":"first","13":"instock","14":"taxable","15":"shipping-taxable","16":"purchasable","17":"product-type-variable"},"yoast_head":"<!-- This site is optimized with the Yoast SEO plugin v27.3 - https:\/\/yoast.com\/product\/yoast-seo-wordpress\/ -->\n<title>HARNAIS HORIZON - Le Chien Blanc<\/title>\n<meta name=\"description\" content=\"Le HARNAIS HORIZON est con\u00e7u de mani\u00e8re \u00e0 d\u00e9gager compl\u00e8tement les \u00e9paules et les aisselles de votre chien pour lui garantir un maximum de confort.\" \/>\n<meta name=\"robots\" content=\"index, follow, max-snippet:-1, max-image-preview:large, max-video-preview:-1\" \/>\n<link rel=\"canonical\" href=\"https:\/\/lechienblanc.com\/en\/product\/harnais-horizon\/\" \/>\n<meta property=\"og:locale\" content=\"en_US\" \/>\n<meta property=\"og:type\" content=\"article\" \/>\n<meta property=\"og:title\" content=\"HARNAIS HORIZON - Le Chien Blanc\" \/>\n<meta property=\"og:description\" content=\"Le HARNAIS HORIZON est con\u00e7u de mani\u00e8re \u00e0 d\u00e9gager compl\u00e8tement les \u00e9paules et les aisselles de votre chien pour lui garantir un maximum de confort.\" \/>\n<meta property=\"og:url\" content=\"https:\/\/lechienblanc.com\/en\/product\/harnais-horizon\/\" \/>\n<meta property=\"og:site_name\" content=\"Le Chien Blanc\" \/>\n<meta property=\"article:publisher\" content=\"https:\/\/www.facebook.com\/golechienblanc\" \/>\n<meta property=\"article:modified_time\" content=\"2026-03-08T19:31:25+00:00\" \/>\n<meta property=\"og:image\" content=\"http:\/\/lechienblanc.com\/wp-content\/uploads\/2024\/02\/11111111-1.jpg\" \/>\n\t<meta property=\"og:image:width\" content=\"800\" \/>\n\t<meta property=\"og:image:height\" content=\"800\" \/>\n\t<meta property=\"og:image:type\" content=\"image\/jpeg\" \/>\n<script type=\"application\/ld+json\" class=\"yoast-schema-graph\">{\"@context\":\"https:\\\/\\\/schema.org\",\"@graph\":[{\"@type\":\"WebPage\",\"@id\":\"https:\\\/\\\/lechienblanc.com\\\/produit\\\/harnais-horizon\\\/\",\"url\":\"https:\\\/\\\/lechienblanc.com\\\/produit\\\/harnais-horizon\\\/\",\"name\":\"HARNAIS HORIZON - Le Chien Blanc\",\"isPartOf\":{\"@id\":\"https:\\\/\\\/lechienblanc.com\\\/#website\"},\"primaryImageOfPage\":{\"@id\":\"https:\\\/\\\/lechienblanc.com\\\/produit\\\/harnais-horizon\\\/#primaryimage\"},\"image\":{\"@id\":\"https:\\\/\\\/lechienblanc.com\\\/produit\\\/harnais-horizon\\\/#primaryimage\"},\"thumbnailUrl\":\"https:\\\/\\\/lechienblanc.com\\\/wp-content\\\/uploads\\\/2024\\\/02\\\/11111111-1.jpg\",\"datePublished\":\"2024-02-01T14:39:22+00:00\",\"dateModified\":\"2026-03-08T19:31:25+00:00\",\"description\":\"Le HARNAIS HORIZON est con\u00e7u de mani\u00e8re \u00e0 d\u00e9gager compl\u00e8tement les \u00e9paules et les aisselles de votre chien pour lui garantir un maximum de confort.\",\"breadcrumb\":{\"@id\":\"https:\\\/\\\/lechienblanc.com\\\/produit\\\/harnais-horizon\\\/#breadcrumb\"},\"inLanguage\":\"en-US\",\"potentialAction\":[{\"@type\":\"ReadAction\",\"target\":[\"https:\\\/\\\/lechienblanc.com\\\/produit\\\/harnais-horizon\\\/\"]}]},{\"@type\":\"ImageObject\",\"inLanguage\":\"en-US\",\"@id\":\"https:\\\/\\\/lechienblanc.com\\\/produit\\\/harnais-horizon\\\/#primaryimage\",\"url\":\"https:\\\/\\\/lechienblanc.com\\\/wp-content\\\/uploads\\\/2024\\\/02\\\/11111111-1.jpg\",\"contentUrl\":\"https:\\\/\\\/lechienblanc.com\\\/wp-content\\\/uploads\\\/2024\\\/02\\\/11111111-1.jpg\",\"width\":800,\"height\":800},{\"@type\":\"BreadcrumbList\",\"@id\":\"https:\\\/\\\/lechienblanc.com\\\/produit\\\/harnais-horizon\\\/#breadcrumb\",\"itemListElement\":[{\"@type\":\"ListItem\",\"position\":1,\"name\":\"Accueil\",\"item\":\"https:\\\/\\\/lechienblanc.com\\\/\"},{\"@type\":\"ListItem\",\"position\":2,\"name\":\"BOUTIQUE\",\"item\":\"https:\\\/\\\/lechienblanc.com\\\/\"},{\"@type\":\"ListItem\",\"position\":3,\"name\":\"HARNAIS HORIZON\"}]},{\"@type\":\"WebSite\",\"@id\":\"https:\\\/\\\/lechienblanc.com\\\/#website\",\"url\":\"https:\\\/\\\/lechienblanc.com\\\/\",\"name\":\"Le Chien Blanc\",\"description\":\"Accessoires pour chiens\",\"publisher\":{\"@id\":\"https:\\\/\\\/lechienblanc.com\\\/#organization\"},\"potentialAction\":[{\"@type\":\"SearchAction\",\"target\":{\"@type\":\"EntryPoint\",\"urlTemplate\":\"https:\\\/\\\/lechienblanc.com\\\/?s={search_term_string}\"},\"query-input\":{\"@type\":\"PropertyValueSpecification\",\"valueRequired\":true,\"valueName\":\"search_term_string\"}}],\"inLanguage\":\"en-US\"},{\"@type\":\"Organization\",\"@id\":\"https:\\\/\\\/lechienblanc.com\\\/#organization\",\"name\":\"Le Chien Blanc\",\"url\":\"https:\\\/\\\/lechienblanc.com\\\/\",\"logo\":{\"@type\":\"ImageObject\",\"inLanguage\":\"en-US\",\"@id\":\"https:\\\/\\\/lechienblanc.com\\\/#\\\/schema\\\/logo\\\/image\\\/\",\"url\":\"http:\\\/\\\/lechienblanc.com\\\/wp-content\\\/uploads\\\/2019\\\/09\\\/LogoHeaderLCB.png\",\"contentUrl\":\"http:\\\/\\\/lechienblanc.com\\\/wp-content\\\/uploads\\\/2019\\\/09\\\/LogoHeaderLCB.png\",\"width\":366,\"height\":286,\"caption\":\"Le Chien Blanc\"},\"image\":{\"@id\":\"https:\\\/\\\/lechienblanc.com\\\/#\\\/schema\\\/logo\\\/image\\\/\"},\"sameAs\":[\"https:\\\/\\\/www.facebook.com\\\/golechienblanc\",\"https:\\\/\\\/www.instagram.com\\\/golechienblanc\\\/\"]}]}<\/script>\n<!-- \/ Yoast SEO plugin. -->","yoast_head_json":{"title":"HARNAIS HORIZON - Le Chien Blanc","description":"Le HARNAIS HORIZON est con\u00e7u de mani\u00e8re \u00e0 d\u00e9gager compl\u00e8tement les \u00e9paules et les aisselles de votre chien pour lui garantir un maximum de confort.","robots":{"index":"index","follow":"follow","max-snippet":"max-snippet:-1","max-image-preview":"max-image-preview:large","max-video-preview":"max-video-preview:-1"},"canonical":"https:\/\/lechienblanc.com\/en\/product\/harnais-horizon\/","og_locale":"en_US","og_type":"article","og_title":"HARNAIS HORIZON - Le Chien Blanc","og_description":"Le HARNAIS HORIZON est con\u00e7u de mani\u00e8re \u00e0 d\u00e9gager compl\u00e8tement les \u00e9paules et les aisselles de votre chien pour lui garantir un maximum de confort.","og_url":"https:\/\/lechienblanc.com\/en\/product\/harnais-horizon\/","og_site_name":"Le Chien Blanc","article_publisher":"https:\/\/www.facebook.com\/golechienblanc","article_modified_time":"2026-03-08T19:31:25+00:00","og_image":[{"width":800,"height":800,"url":"http:\/\/lechienblanc.com\/wp-content\/uploads\/2024\/02\/11111111-1.jpg","type":"image\/jpeg"}],"schema":{"@context":"https:\/\/schema.org","@graph":[{"@type":"WebPage","@id":"https:\/\/lechienblanc.com\/produit\/harnais-horizon\/","url":"https:\/\/lechienblanc.com\/produit\/harnais-horizon\/","name":"HARNAIS HORIZON - Le Chien Blanc","isPartOf":{"@id":"https:\/\/lechienblanc.com\/#website"},"primaryImageOfPage":{"@id":"https:\/\/lechienblanc.com\/produit\/harnais-horizon\/#primaryimage"},"image":{"@id":"https:\/\/lechienblanc.com\/produit\/harnais-horizon\/#primaryimage"},"thumbnailUrl":"https:\/\/lechienblanc.com\/wp-content\/uploads\/2024\/02\/11111111-1.jpg","datePublished":"2024-02-01T14:39:22+00:00","dateModified":"2026-03-08T19:31:25+00:00","description":"Le HARNAIS HORIZON est con\u00e7u de mani\u00e8re \u00e0 d\u00e9gager compl\u00e8tement les \u00e9paules et les aisselles de votre chien pour lui garantir un maximum de confort.","breadcrumb":{"@id":"https:\/\/lechienblanc.com\/produit\/harnais-horizon\/#breadcrumb"},"inLanguage":"en-US","potentialAction":[{"@type":"ReadAction","target":["https:\/\/lechienblanc.com\/produit\/harnais-horizon\/"]}]},{"@type":"ImageObject","inLanguage":"en-US","@id":"https:\/\/lechienblanc.com\/produit\/harnais-horizon\/#primaryimage","url":"https:\/\/lechienblanc.com\/wp-content\/uploads\/2024\/02\/11111111-1.jpg","contentUrl":"https:\/\/lechienblanc.com\/wp-content\/uploads\/2024\/02\/11111111-1.jpg","width":800,"height":800},{"@type":"BreadcrumbList","@id":"https:\/\/lechienblanc.com\/produit\/harnais-horizon\/#breadcrumb","itemListElement":[{"@type":"ListItem","position":1,"name":"Accueil","item":"https:\/\/lechienblanc.com\/"},{"@type":"ListItem","position":2,"name":"BOUTIQUE","item":"https:\/\/lechienblanc.com\/"},{"@type":"ListItem","position":3,"name":"HARNAIS HORIZON"}]},{"@type":"WebSite","@id":"https:\/\/lechienblanc.com\/#website","url":"https:\/\/lechienblanc.com\/","name":"Le Chien Blanc","description":"Accessoires pour chiens","publisher":{"@id":"https:\/\/lechienblanc.com\/#organization"},"potentialAction":[{"@type":"SearchAction","target":{"@type":"EntryPoint","urlTemplate":"https:\/\/lechienblanc.com\/?s={search_term_string}"},"query-input":{"@type":"PropertyValueSpecification","valueRequired":true,"valueName":"search_term_string"}}],"inLanguage":"en-US"},{"@type":"Organization","@id":"https:\/\/lechienblanc.com\/#organization","name":"Le Chien Blanc","url":"https:\/\/lechienblanc.com\/","logo":{"@type":"ImageObject","inLanguage":"en-US","@id":"https:\/\/lechienblanc.com\/#\/schema\/logo\/image\/","url":"http:\/\/lechienblanc.com\/wp-content\/uploads\/2019\/09\/LogoHeaderLCB.png","contentUrl":"http:\/\/lechienblanc.com\/wp-content\/uploads\/2019\/09\/LogoHeaderLCB.png","width":366,"height":286,"caption":"Le Chien Blanc"},"image":{"@id":"https:\/\/lechienblanc.com\/#\/schema\/logo\/image\/"},"sameAs":["https:\/\/www.facebook.com\/golechienblanc","https:\/\/www.instagram.com\/golechienblanc\/"]}]}},"_links":{"self":[{"href":"https:\/\/lechienblanc.com\/en\/wp-json\/wp\/v2\/product\/9711","targetHints":{"allow":["GET"]}}],"collection":[{"href":"https:\/\/lechienblanc.com\/en\/wp-json\/wp\/v2\/product"}],"about":[{"href":"https:\/\/lechienblanc.com\/en\/wp-json\/wp\/v2\/types\/product"}],"wp:featuredmedia":[{"embeddable":true,"href":"https:\/\/lechienblanc.com\/en\/wp-json\/wp\/v2\/media\/11264"}],"wp:attachment":[{"href":"https:\/\/lechienblanc.com\/en\/wp-json\/wp\/v2\/media?parent=9711"}],"wp:term":[{"taxonomy":"product_brand","embeddable":true,"href":"https:\/\/lechienblanc.com\/en\/wp-json\/wp\/v2\/product_brand?post=9711"},{"taxonomy":"product_cat","embeddable":true,"href":"https:\/\/lechienblanc.com\/en\/wp-json\/wp\/v2\/product_cat?post=9711"},{"taxonomy":"product_tag","embeddable":true,"href":"https:\/\/lechienblanc.com\/en\/wp-json\/wp\/v2\/product_tag?post=9711"}],"curies":[{"name":"wp","href":"https:\/\/api.w.org\/{rel}","templated":true}]}}