{"id":3889,"date":"2020-12-03T07:48:19","date_gmt":"2020-12-03T12:48:19","guid":{"rendered":"http:\/\/lechienblanc.com\/?post_type=product&#038;p=3889"},"modified":"2025-12-15T07:58:53","modified_gmt":"2025-12-15T12:58:53","slug":"manteau-dhiver-orion","status":"publish","type":"product","link":"https:\/\/lechienblanc.com\/en\/product\/manteau-dhiver-orion\/","title":{"rendered":"WINTER DOG COAT"},"content":{"rendered":"<p>[et_pb_section fb_built=\u00a0\u00bb1&Prime; custom_padding_last_edited=\u00a0\u00bbon|phone\u00a0\u00bb _builder_version=\u00a0\u00bb4.27.4&Prime; custom_padding=\u00a0\u00bb55px||55px||true|false\u00a0\u00bb custom_padding_tablet=\u00a0\u00bb55px||55px||true|false\u00a0\u00bb custom_padding_phone=\u00a0\u00bb15px||15px||true|false\u00a0\u00bb global_colors_info=\u00a0\u00bb{}\u00a0\u00bb][et_pb_row _builder_version=\u00a0\u00bb4.16&Prime; background_size=\u00a0\u00bbinitial\u00a0\u00bb background_position=\u00a0\u00bbtop_left\u00a0\u00bb background_repeat=\u00a0\u00bbrepeat\u00a0\u00bb width=\u00a0\u00bb100%\u00a0\u00bb custom_padding=\u00a0\u00bb0px||0px||false|false\u00a0\u00bb global_colors_info=\u00a0\u00bb{}\u00a0\u00bb][et_pb_column type=\u00a0\u00bb4_4&Prime; _builder_version=\u00a0\u00bb4.16&Prime; custom_padding=\u00a0\u00bb|||\u00a0\u00bb global_colors_info=\u00a0\u00bb{}\u00a0\u00bb custom_padding__hover=\u00a0\u00bb|||\u00a0\u00bb][et_pb_wc_cart_notice _builder_version=\u00a0\u00bb4.27.4&Prime; custom_margin=\u00a0\u00bb10px|0em|10px|0em|true|false\u00a0\u00bb custom_padding=\u00a0\u00bb10px|15px|10px|15px|true|false\u00a0\u00bb global_colors_info=\u00a0\u00bb{}\u00a0\u00bb][\/et_pb_wc_cart_notice][\/et_pb_column][\/et_pb_row][et_pb_row column_structure=\u00a0\u00bb2_5,3_5&Prime; _builder_version=\u00a0\u00bb4.16&Prime; background_size=\u00a0\u00bbinitial\u00a0\u00bb background_position=\u00a0\u00bbtop_left\u00a0\u00bb background_repeat=\u00a0\u00bbrepeat\u00a0\u00bb width=\u00a0\u00bb100%\u00a0\u00bb custom_padding=\u00a0\u00bb0px||||false|false\u00a0\u00bb global_colors_info=\u00a0\u00bb{}\u00a0\u00bb][et_pb_column type=\u00a0\u00bb2_5&Prime; _builder_version=\u00a0\u00bb4.16&Prime; custom_padding=\u00a0\u00bb|||\u00a0\u00bb global_colors_info=\u00a0\u00bb{}\u00a0\u00bb custom_padding__hover=\u00a0\u00bb|||\u00a0\u00bb][et_pb_wc_images _builder_version=\u00a0\u00bb4.16&Prime; global_colors_info=\u00a0\u00bb{}\u00a0\u00bb][\/et_pb_wc_images][\/et_pb_column][et_pb_column type=\u00a0\u00bb3_5&Prime; _builder_version=\u00a0\u00bb4.16&Prime; custom_padding=\u00a0\u00bb|||\u00a0\u00bb global_colors_info=\u00a0\u00bb{}\u00a0\u00bb custom_padding__hover=\u00a0\u00bb|||\u00a0\u00bb][et_pb_wc_title _builder_version=\u00a0\u00bb4.27.4&Prime; header_font=\u00a0\u00bb|600|||||||\u00a0\u00bb header_font_size=\u00a0\u00bb34px\u00a0\u00bb custom_margin=\u00a0\u00bb-6px||22px||false|false\u00a0\u00bb custom_margin_tablet=\u00a0\u00bb-6px||22px||false|false\u00a0\u00bb custom_margin_phone=\u00a0\u00bb-32px||||false|false\u00a0\u00bb custom_margin_last_edited=\u00a0\u00bbon|phone\u00a0\u00bb global_colors_info=\u00a0\u00bb{}\u00a0\u00bb][\/et_pb_wc_title][et_pb_text _builder_version=\u00a0\u00bb4.27.4&Prime; _module_preset=\u00a0\u00bbdefault\u00a0\u00bb custom_margin=\u00a0\u00bb||32px|||\u00a0\u00bb global_colors_info=\u00a0\u00bb{}\u00a0\u00bb]<\/p>\n<p>Le MANTEAU ORION est le manteau d\u2019hiver par excellence.<\/p>\n<h3>Le MANTEAU D\u2019HIVER ORION est fabriqu\u00e9 \u00e0 partir des meilleurs mat\u00e9riaux et pourvu d\u2019un isolant de premi\u00e8re qualit\u00e9 pour assurer confort et chaleur \u00e0 votre chien.<\/h3>\n<ul>\n<li>Tr\u00e8s chaud<\/li>\n<li>R\u00e9sistant \u00e0 l\u2019eau<\/li>\n<li>Coupe-vent<\/li>\n<li>Poss\u00e8de une ouverture pour ins\u00e9rer la laisse<\/li>\n<li>Muni d\u2019un col ajustable et d\u2019\u00e9lastiques pour les pattes arri\u00e8res<\/li>\n<li>Poss\u00e8de 2 bandes r\u00e9fl\u00e9chissantes<\/li>\n<li>Tr\u00e8s facile \u00e0 enfiler<\/li>\n<li>Convient pour les chiens de toutes les tailles<\/li>\n<li>Look incroyable<\/li>\n<\/ul>\n<h3>FI\u00c8REMENT CON\u00c7U ET FABRIQU\u00c9 AU QU\u00c9BEC<\/h3>\n<p>&nbsp;<\/p>\n<h3>Voici quelques conseils d\u2019entretien pour conserver votre manteau le plus longtemps possible:<\/h3>\n<ul>\n<li>Privil\u00e9giez un doux nettoyage en frottant le manteau \u00e0 l\u2019aide d\u2019un chiffon humide pour \u00e9liminer les taches ou la salet\u00e9 plut\u00f4t qu\u2019un lavage complet.<\/li>\n<li>Si un lavage complet est n\u00e9cessaire, mettre le manteau dans une housse et laver \u00e0 la laveuse \u00e0 cycle D\u00c9LICAT et EAU FROIDE avec un savon doux. Puis, suspendre le manteau pour s\u00e9cher. Ne pas mettre le manteau dans la s\u00e9cheuse et ne pas utiliser de produits blanchissants.<\/li>\n<\/ul>\n<p>&nbsp;<\/p>\n<h3>EXT\u00c9RIEUR ET INT\u00c9RIEUR: NYLON<\/h3>\n<h3>ISOLANT: POLYESTER<\/h3>\n<h3>11 GRANDEURS OFFERTES<\/h3>\n<h3>COULEUR: NOIR<\/h3>\n<p>[\/et_pb_text][et_pb_wc_price _builder_version=\u00a0\u00bb4.16&Prime; custom_margin=\u00a0\u00bb||32px|||\u00a0\u00bb global_colors_info=\u00a0\u00bb{}\u00a0\u00bb][\/et_pb_wc_price][et_pb_wc_add_to_cart _builder_version=\u00a0\u00bb4.16&Prime; global_colors_info=\u00a0\u00bb{}\u00a0\u00bb][\/et_pb_wc_add_to_cart][\/et_pb_column][\/et_pb_row][et_pb_row _builder_version=\u00a0\u00bb4.16&Prime; background_size=\u00a0\u00bbinitial\u00a0\u00bb background_position=\u00a0\u00bbtop_left\u00a0\u00bb background_repeat=\u00a0\u00bbrepeat\u00a0\u00bb width=\u00a0\u00bb100%\u00a0\u00bb custom_padding=\u00a0\u00bb||7px|||\u00a0\u00bb global_colors_info=\u00a0\u00bb{}\u00a0\u00bb][et_pb_column type=\u00a0\u00bb4_4&Prime; _builder_version=\u00a0\u00bb4.16&Prime; custom_padding=\u00a0\u00bb|||\u00a0\u00bb global_colors_info=\u00a0\u00bb{}\u00a0\u00bb custom_padding__hover=\u00a0\u00bb|||\u00a0\u00bb][et_pb_wc_upsells _builder_version=\u00a0\u00bb4.16&Prime; custom_margin=\u00a0\u00bb||13px|||\u00a0\u00bb global_colors_info=\u00a0\u00bb{}\u00a0\u00bb][\/et_pb_wc_upsells][et_pb_wc_related_products posts_number=\u00a0\u00bb4&Prime; columns_number=\u00a0\u00bb4&Prime; include_categories=\u00a0\u00bbcurrent\u00a0\u00bb hover_icon=\u00a0\u00bb&#x35;||divi||400&Prime; _builder_version=\u00a0\u00bb4.27.2&Prime; custom_margin=\u00a0\u00bb||5px|||\u00a0\u00bb custom_padding=\u00a0\u00bb||2px|||\u00a0\u00bb global_module=\u00a0\u00bb7238&Prime; saved_tabs=\u00a0\u00bball\u00a0\u00bb locked=\u00a0\u00bboff\u00a0\u00bb global_colors_info=\u00a0\u00bb{}\u00a0\u00bb][\/et_pb_wc_related_products][\/et_pb_column][\/et_pb_row][\/et_pb_section]<\/p>\n","protected":false},"excerpt":{"rendered":"<p>Le MANTEAU ORION est le manteau d\u2019hiver par excellence. Le MANTEAU D\u2019HIVER ORION est fabriqu\u00e9 \u00e0 partir des meilleurs mat\u00e9riaux et pourvu d\u2019un isolant de premi\u00e8re qualit\u00e9 pour assurer confort et chaleur \u00e0 votre chien. Tr\u00e8s chaud R\u00e9sistant \u00e0 l\u2019eau Coupe-vent Poss\u00e8de une ouverture pour ins\u00e9rer la laisse Muni d\u2019un col ajustable et d\u2019\u00e9lastiques pour [&hellip;]<\/p>\n","protected":false},"featured_media":8983,"template":"","meta":{"_et_pb_use_builder":"on","_et_pb_old_content":"","_et_gb_content_width":""},"product_brand":[],"product_cat":[71,55,56,65,52],"product_tag":[],"class_list":{"0":"post-3889","1":"product","2":"type-product","3":"status-publish","4":"has-post-thumbnail","6":"product_cat-manteaux","7":"product_cat-marche","8":"product_cat-randonnee","9":"product_cat-sports-atteles","10":"product_cat-voyage-camping","11":"product_shipping_class-products","13":"first","14":"instock","15":"taxable","16":"shipping-taxable","17":"purchasable","18":"product-type-variable"},"yoast_head":"<!-- This site is optimized with the Yoast SEO plugin v27.3 - https:\/\/yoast.com\/product\/yoast-seo-wordpress\/ -->\n<title>MANTEAU D\u2019HIVER ORION - Le Chien Blanc<\/title>\n<meta name=\"description\" content=\"Fabriqu\u00e9 \u00e0 partir des meilleurs mat\u00e9riaux et pourvu d\u2019un isolant de premi\u00e8re qualit\u00e9 pour assurer confort et chaleur \u00e0 votre chien.\" \/>\n<meta name=\"robots\" content=\"index, follow, max-snippet:-1, max-image-preview:large, max-video-preview:-1\" \/>\n<link rel=\"canonical\" href=\"https:\/\/lechienblanc.com\/en\/product\/manteau-dhiver-orion\/\" \/>\n<meta property=\"og:locale\" content=\"en_US\" \/>\n<meta property=\"og:type\" content=\"article\" \/>\n<meta property=\"og:title\" content=\"MANTEAU D\u2019HIVER ORION - Le Chien Blanc\" \/>\n<meta property=\"og:description\" content=\"Fabriqu\u00e9 \u00e0 partir des meilleurs mat\u00e9riaux et pourvu d\u2019un isolant de premi\u00e8re qualit\u00e9 pour assurer confort et chaleur \u00e0 votre chien.\" \/>\n<meta property=\"og:url\" content=\"https:\/\/lechienblanc.com\/en\/product\/manteau-dhiver-orion\/\" \/>\n<meta property=\"og:site_name\" content=\"Le Chien Blanc\" \/>\n<meta property=\"article:publisher\" content=\"https:\/\/www.facebook.com\/golechienblanc\" \/>\n<meta property=\"article:modified_time\" content=\"2025-12-15T12:58:53+00:00\" \/>\n<meta property=\"og:image\" content=\"http:\/\/lechienblanc.com\/wp-content\/uploads\/2020\/12\/new-orion-scaled.jpg\" \/>\n\t<meta property=\"og:image:width\" content=\"2560\" \/>\n\t<meta property=\"og:image:height\" content=\"1912\" \/>\n\t<meta property=\"og:image:type\" content=\"image\/jpeg\" \/>\n<script type=\"application\/ld+json\" class=\"yoast-schema-graph\">{\"@context\":\"https:\\\/\\\/schema.org\",\"@graph\":[{\"@type\":\"WebPage\",\"@id\":\"https:\\\/\\\/lechienblanc.com\\\/produit\\\/manteau-dhiver-orion\\\/\",\"url\":\"https:\\\/\\\/lechienblanc.com\\\/produit\\\/manteau-dhiver-orion\\\/\",\"name\":\"MANTEAU D\u2019HIVER ORION - Le Chien Blanc\",\"isPartOf\":{\"@id\":\"https:\\\/\\\/lechienblanc.com\\\/#website\"},\"primaryImageOfPage\":{\"@id\":\"https:\\\/\\\/lechienblanc.com\\\/produit\\\/manteau-dhiver-orion\\\/#primaryimage\"},\"image\":{\"@id\":\"https:\\\/\\\/lechienblanc.com\\\/produit\\\/manteau-dhiver-orion\\\/#primaryimage\"},\"thumbnailUrl\":\"https:\\\/\\\/lechienblanc.com\\\/wp-content\\\/uploads\\\/2020\\\/12\\\/new-orion-scaled.jpg\",\"datePublished\":\"2020-12-03T12:48:19+00:00\",\"dateModified\":\"2025-12-15T12:58:53+00:00\",\"description\":\"Fabriqu\u00e9 \u00e0 partir des meilleurs mat\u00e9riaux et pourvu d\u2019un isolant de premi\u00e8re qualit\u00e9 pour assurer confort et chaleur \u00e0 votre chien.\",\"breadcrumb\":{\"@id\":\"https:\\\/\\\/lechienblanc.com\\\/produit\\\/manteau-dhiver-orion\\\/#breadcrumb\"},\"inLanguage\":\"en-US\",\"potentialAction\":[{\"@type\":\"ReadAction\",\"target\":[\"https:\\\/\\\/lechienblanc.com\\\/produit\\\/manteau-dhiver-orion\\\/\"]}]},{\"@type\":\"ImageObject\",\"inLanguage\":\"en-US\",\"@id\":\"https:\\\/\\\/lechienblanc.com\\\/produit\\\/manteau-dhiver-orion\\\/#primaryimage\",\"url\":\"https:\\\/\\\/lechienblanc.com\\\/wp-content\\\/uploads\\\/2020\\\/12\\\/new-orion-scaled.jpg\",\"contentUrl\":\"https:\\\/\\\/lechienblanc.com\\\/wp-content\\\/uploads\\\/2020\\\/12\\\/new-orion-scaled.jpg\",\"width\":2560,\"height\":1912},{\"@type\":\"BreadcrumbList\",\"@id\":\"https:\\\/\\\/lechienblanc.com\\\/produit\\\/manteau-dhiver-orion\\\/#breadcrumb\",\"itemListElement\":[{\"@type\":\"ListItem\",\"position\":1,\"name\":\"Accueil\",\"item\":\"https:\\\/\\\/lechienblanc.com\\\/\"},{\"@type\":\"ListItem\",\"position\":2,\"name\":\"BOUTIQUE\",\"item\":\"https:\\\/\\\/lechienblanc.com\\\/\"},{\"@type\":\"ListItem\",\"position\":3,\"name\":\"MANTEAU D\u2019HIVER ORION\"}]},{\"@type\":\"WebSite\",\"@id\":\"https:\\\/\\\/lechienblanc.com\\\/#website\",\"url\":\"https:\\\/\\\/lechienblanc.com\\\/\",\"name\":\"Le Chien Blanc\",\"description\":\"Accessoires pour chiens\",\"publisher\":{\"@id\":\"https:\\\/\\\/lechienblanc.com\\\/#organization\"},\"potentialAction\":[{\"@type\":\"SearchAction\",\"target\":{\"@type\":\"EntryPoint\",\"urlTemplate\":\"https:\\\/\\\/lechienblanc.com\\\/?s={search_term_string}\"},\"query-input\":{\"@type\":\"PropertyValueSpecification\",\"valueRequired\":true,\"valueName\":\"search_term_string\"}}],\"inLanguage\":\"en-US\"},{\"@type\":\"Organization\",\"@id\":\"https:\\\/\\\/lechienblanc.com\\\/#organization\",\"name\":\"Le Chien Blanc\",\"url\":\"https:\\\/\\\/lechienblanc.com\\\/\",\"logo\":{\"@type\":\"ImageObject\",\"inLanguage\":\"en-US\",\"@id\":\"https:\\\/\\\/lechienblanc.com\\\/#\\\/schema\\\/logo\\\/image\\\/\",\"url\":\"http:\\\/\\\/lechienblanc.com\\\/wp-content\\\/uploads\\\/2019\\\/09\\\/LogoHeaderLCB.png\",\"contentUrl\":\"http:\\\/\\\/lechienblanc.com\\\/wp-content\\\/uploads\\\/2019\\\/09\\\/LogoHeaderLCB.png\",\"width\":366,\"height\":286,\"caption\":\"Le Chien Blanc\"},\"image\":{\"@id\":\"https:\\\/\\\/lechienblanc.com\\\/#\\\/schema\\\/logo\\\/image\\\/\"},\"sameAs\":[\"https:\\\/\\\/www.facebook.com\\\/golechienblanc\",\"https:\\\/\\\/www.instagram.com\\\/golechienblanc\\\/\"]}]}<\/script>\n<!-- \/ Yoast SEO plugin. -->","yoast_head_json":{"title":"MANTEAU D\u2019HIVER ORION - Le Chien Blanc","description":"Fabriqu\u00e9 \u00e0 partir des meilleurs mat\u00e9riaux et pourvu d\u2019un isolant de premi\u00e8re qualit\u00e9 pour assurer confort et chaleur \u00e0 votre chien.","robots":{"index":"index","follow":"follow","max-snippet":"max-snippet:-1","max-image-preview":"max-image-preview:large","max-video-preview":"max-video-preview:-1"},"canonical":"https:\/\/lechienblanc.com\/en\/product\/manteau-dhiver-orion\/","og_locale":"en_US","og_type":"article","og_title":"MANTEAU D\u2019HIVER ORION - Le Chien Blanc","og_description":"Fabriqu\u00e9 \u00e0 partir des meilleurs mat\u00e9riaux et pourvu d\u2019un isolant de premi\u00e8re qualit\u00e9 pour assurer confort et chaleur \u00e0 votre chien.","og_url":"https:\/\/lechienblanc.com\/en\/product\/manteau-dhiver-orion\/","og_site_name":"Le Chien Blanc","article_publisher":"https:\/\/www.facebook.com\/golechienblanc","article_modified_time":"2025-12-15T12:58:53+00:00","og_image":[{"width":2560,"height":1912,"url":"http:\/\/lechienblanc.com\/wp-content\/uploads\/2020\/12\/new-orion-scaled.jpg","type":"image\/jpeg"}],"schema":{"@context":"https:\/\/schema.org","@graph":[{"@type":"WebPage","@id":"https:\/\/lechienblanc.com\/produit\/manteau-dhiver-orion\/","url":"https:\/\/lechienblanc.com\/produit\/manteau-dhiver-orion\/","name":"MANTEAU D\u2019HIVER ORION - Le Chien Blanc","isPartOf":{"@id":"https:\/\/lechienblanc.com\/#website"},"primaryImageOfPage":{"@id":"https:\/\/lechienblanc.com\/produit\/manteau-dhiver-orion\/#primaryimage"},"image":{"@id":"https:\/\/lechienblanc.com\/produit\/manteau-dhiver-orion\/#primaryimage"},"thumbnailUrl":"https:\/\/lechienblanc.com\/wp-content\/uploads\/2020\/12\/new-orion-scaled.jpg","datePublished":"2020-12-03T12:48:19+00:00","dateModified":"2025-12-15T12:58:53+00:00","description":"Fabriqu\u00e9 \u00e0 partir des meilleurs mat\u00e9riaux et pourvu d\u2019un isolant de premi\u00e8re qualit\u00e9 pour assurer confort et chaleur \u00e0 votre chien.","breadcrumb":{"@id":"https:\/\/lechienblanc.com\/produit\/manteau-dhiver-orion\/#breadcrumb"},"inLanguage":"en-US","potentialAction":[{"@type":"ReadAction","target":["https:\/\/lechienblanc.com\/produit\/manteau-dhiver-orion\/"]}]},{"@type":"ImageObject","inLanguage":"en-US","@id":"https:\/\/lechienblanc.com\/produit\/manteau-dhiver-orion\/#primaryimage","url":"https:\/\/lechienblanc.com\/wp-content\/uploads\/2020\/12\/new-orion-scaled.jpg","contentUrl":"https:\/\/lechienblanc.com\/wp-content\/uploads\/2020\/12\/new-orion-scaled.jpg","width":2560,"height":1912},{"@type":"BreadcrumbList","@id":"https:\/\/lechienblanc.com\/produit\/manteau-dhiver-orion\/#breadcrumb","itemListElement":[{"@type":"ListItem","position":1,"name":"Accueil","item":"https:\/\/lechienblanc.com\/"},{"@type":"ListItem","position":2,"name":"BOUTIQUE","item":"https:\/\/lechienblanc.com\/"},{"@type":"ListItem","position":3,"name":"MANTEAU D\u2019HIVER ORION"}]},{"@type":"WebSite","@id":"https:\/\/lechienblanc.com\/#website","url":"https:\/\/lechienblanc.com\/","name":"Le Chien Blanc","description":"Accessoires pour chiens","publisher":{"@id":"https:\/\/lechienblanc.com\/#organization"},"potentialAction":[{"@type":"SearchAction","target":{"@type":"EntryPoint","urlTemplate":"https:\/\/lechienblanc.com\/?s={search_term_string}"},"query-input":{"@type":"PropertyValueSpecification","valueRequired":true,"valueName":"search_term_string"}}],"inLanguage":"en-US"},{"@type":"Organization","@id":"https:\/\/lechienblanc.com\/#organization","name":"Le Chien Blanc","url":"https:\/\/lechienblanc.com\/","logo":{"@type":"ImageObject","inLanguage":"en-US","@id":"https:\/\/lechienblanc.com\/#\/schema\/logo\/image\/","url":"http:\/\/lechienblanc.com\/wp-content\/uploads\/2019\/09\/LogoHeaderLCB.png","contentUrl":"http:\/\/lechienblanc.com\/wp-content\/uploads\/2019\/09\/LogoHeaderLCB.png","width":366,"height":286,"caption":"Le Chien Blanc"},"image":{"@id":"https:\/\/lechienblanc.com\/#\/schema\/logo\/image\/"},"sameAs":["https:\/\/www.facebook.com\/golechienblanc","https:\/\/www.instagram.com\/golechienblanc\/"]}]}},"_links":{"self":[{"href":"https:\/\/lechienblanc.com\/en\/wp-json\/wp\/v2\/product\/3889","targetHints":{"allow":["GET"]}}],"collection":[{"href":"https:\/\/lechienblanc.com\/en\/wp-json\/wp\/v2\/product"}],"about":[{"href":"https:\/\/lechienblanc.com\/en\/wp-json\/wp\/v2\/types\/product"}],"wp:featuredmedia":[{"embeddable":true,"href":"https:\/\/lechienblanc.com\/en\/wp-json\/wp\/v2\/media\/8983"}],"wp:attachment":[{"href":"https:\/\/lechienblanc.com\/en\/wp-json\/wp\/v2\/media?parent=3889"}],"wp:term":[{"taxonomy":"product_brand","embeddable":true,"href":"https:\/\/lechienblanc.com\/en\/wp-json\/wp\/v2\/product_brand?post=3889"},{"taxonomy":"product_cat","embeddable":true,"href":"https:\/\/lechienblanc.com\/en\/wp-json\/wp\/v2\/product_cat?post=3889"},{"taxonomy":"product_tag","embeddable":true,"href":"https:\/\/lechienblanc.com\/en\/wp-json\/wp\/v2\/product_tag?post=3889"}],"curies":[{"name":"wp","href":"https:\/\/api.w.org\/{rel}","templated":true}]}}