{"id":1621,"date":"2019-08-27T18:25:02","date_gmt":"2019-08-27T22:25:02","guid":{"rendered":"http:\/\/lechienblanc.com\/?post_type=product&#038;p=1621"},"modified":"2026-02-16T09:44:52","modified_gmt":"2026-02-16T14:44:52","slug":"manteau-4-pattes-brave","status":"publish","type":"product","link":"https:\/\/lechienblanc.com\/en\/product\/manteau-4-pattes-brave\/","title":{"rendered":"DOG OVERALL"},"content":{"rendered":"<p>[et_pb_section fb_built=\u00a0\u00bb1&Prime; custom_padding_last_edited=\u00a0\u00bbon|phone\u00a0\u00bb _builder_version=\u00a0\u00bb4.27.4&Prime; custom_padding=\u00a0\u00bb55px||55px||true|false\u00a0\u00bb custom_padding_tablet=\u00a0\u00bb55px||55px||true|false\u00a0\u00bb custom_padding_phone=\u00a0\u00bb15px||15px||true|false\u00a0\u00bb global_colors_info=\u00a0\u00bb{}\u00a0\u00bb][et_pb_row _builder_version=\u00a0\u00bb4.16&Prime; background_size=\u00a0\u00bbinitial\u00a0\u00bb background_position=\u00a0\u00bbtop_left\u00a0\u00bb background_repeat=\u00a0\u00bbrepeat\u00a0\u00bb width=\u00a0\u00bb100%\u00a0\u00bb custom_padding=\u00a0\u00bb0px||0px||false|false\u00a0\u00bb global_colors_info=\u00a0\u00bb{}\u00a0\u00bb][et_pb_column type=\u00a0\u00bb4_4&Prime; _builder_version=\u00a0\u00bb4.16&Prime; custom_padding=\u00a0\u00bb|||\u00a0\u00bb global_colors_info=\u00a0\u00bb{}\u00a0\u00bb custom_padding__hover=\u00a0\u00bb|||\u00a0\u00bb][et_pb_wc_cart_notice _builder_version=\u00a0\u00bb4.27.4&Prime; custom_margin=\u00a0\u00bb10px|0em|10px|0em|true|false\u00a0\u00bb custom_padding=\u00a0\u00bb10px|15px|10px|15px|true|false\u00a0\u00bb global_colors_info=\u00a0\u00bb{}\u00a0\u00bb][\/et_pb_wc_cart_notice][\/et_pb_column][\/et_pb_row][et_pb_row column_structure=\u00a0\u00bb2_5,3_5&Prime; _builder_version=\u00a0\u00bb4.16&Prime; background_size=\u00a0\u00bbinitial\u00a0\u00bb background_position=\u00a0\u00bbtop_left\u00a0\u00bb background_repeat=\u00a0\u00bbrepeat\u00a0\u00bb width=\u00a0\u00bb100%\u00a0\u00bb custom_padding=\u00a0\u00bb0px||||false|false\u00a0\u00bb global_colors_info=\u00a0\u00bb{}\u00a0\u00bb][et_pb_column type=\u00a0\u00bb2_5&Prime; _builder_version=\u00a0\u00bb4.16&Prime; custom_padding=\u00a0\u00bb|||\u00a0\u00bb global_colors_info=\u00a0\u00bb{}\u00a0\u00bb custom_padding__hover=\u00a0\u00bb|||\u00a0\u00bb][et_pb_wc_images _builder_version=\u00a0\u00bb4.16&Prime; global_colors_info=\u00a0\u00bb{}\u00a0\u00bb][\/et_pb_wc_images][\/et_pb_column][et_pb_column type=\u00a0\u00bb3_5&Prime; _builder_version=\u00a0\u00bb4.16&Prime; custom_padding=\u00a0\u00bb|||\u00a0\u00bb global_colors_info=\u00a0\u00bb{}\u00a0\u00bb custom_padding__hover=\u00a0\u00bb|||\u00a0\u00bb][et_pb_wc_title _builder_version=\u00a0\u00bb4.27.4&Prime; header_font=\u00a0\u00bb|600|||||||\u00a0\u00bb header_font_size=\u00a0\u00bb34px\u00a0\u00bb custom_margin=\u00a0\u00bb-6px||22px||false|false\u00a0\u00bb custom_margin_tablet=\u00a0\u00bb-6px||22px||false|false\u00a0\u00bb custom_margin_phone=\u00a0\u00bb-32px||||false|false\u00a0\u00bb custom_margin_last_edited=\u00a0\u00bbon|phone\u00a0\u00bb global_colors_info=\u00a0\u00bb{}\u00a0\u00bb][\/et_pb_wc_title][et_pb_text _builder_version=\u00a0\u00bb4.27.4&Prime; _module_preset=\u00a0\u00bbdefault\u00a0\u00bb custom_margin=\u00a0\u00bb||32px|||\u00a0\u00bb global_colors_info=\u00a0\u00bb{}\u00a0\u00bb]<\/p>\n<p>Voici les caract\u00e9ristiques qui font de BRAVE le MEILLEUR MANTEAU 4 PATTES pour chien:<\/p>\n<ul>\n<li>R\u00e9sistant \u00e0 l\u2019eau<\/li>\n<li>Coupe-vent<\/li>\n<li>Prot\u00e8ge des boules de neige<\/li>\n<li>Poss\u00e8de une ouverture pour ins\u00e9rer la laisse<\/li>\n<li>S\u2019ajuste \u00e0 la poitrine, \u00e0 la taille et au cou<\/li>\n<li>Poss\u00e8de des bandes r\u00e9fl\u00e9chissantes aux 4 pattes<\/li>\n<li>Facile \u00e0 enfiler<\/li>\n<li>Id\u00e9al pour l\u2019automne, l\u2019hiver et le printemps<\/li>\n<li>Look d\u2019enfer assur\u00e9<\/li>\n<\/ul>\n<p>Du Chihuahua au Leonberg, le MANTEAU 4 PATTES BRAVE offre un FIT PARFAIT autant pour les petits que pour les tr\u00e8s GRANDS chiens!<\/p>\n<h3>Voici quelques conseils d\u2019entretien pour conserver votre manteau le plus longtemps possible:<\/h3>\n<ul>\n<li>Privil\u00e9giez un doux nettoyage en frottant le manteau \u00e0 l\u2019aide d\u2019un chiffon humide pour \u00e9liminer les taches ou la salet\u00e9 plut\u00f4t qu\u2019un lavage complet.<\/li>\n<li>Si un lavage complet est n\u00e9cessaire, mettre le manteau dans une housse et laver \u00e0 la laveuse \u00e0 cycle D\u00c9LICAT et EAU FROIDE avec un savon doux. Puis, suspendre le manteau pour s\u00e9cher. Ne pas mettre le manteau dans la s\u00e9cheuse et ne pas utiliser de produits blanchissants.<\/li>\n<\/ul>\n<h3>100% POLYESTER<br \/>11 GRANDEURS OFFERTES<br \/>COULEUR: NOIR<\/h3>\n<p>FABRIQU\u00c9 EN CHINE<\/p>\n<p>[\/et_pb_text][et_pb_wc_price _builder_version=\u00a0\u00bb4.16&Prime; custom_margin=\u00a0\u00bb||32px|||\u00a0\u00bb global_colors_info=\u00a0\u00bb{}\u00a0\u00bb][\/et_pb_wc_price][et_pb_wc_add_to_cart _builder_version=\u00a0\u00bb4.16&Prime; custom_margin=\u00a0\u00bb||32px|||\u00a0\u00bb global_colors_info=\u00a0\u00bb{}\u00a0\u00bb][\/et_pb_wc_add_to_cart][et_pb_image src=\u00a0\u00bbhttp:\/\/lechienblanc.com\/wp-content\/uploads\/2019\/08\/DESIGN\u00c9-TEST\u00c9-AU-CANADA-150&#215;150.jpg\u00a0\u00bb title_text=\u00a0\u00bbaccessoires pour chien DESIGN\u00c9 &#038; TEST\u00c9 AU CANADA\u00a0\u00bb _builder_version=\u00a0\u00bb4.20.4&Prime; _module_preset=\u00a0\u00bbdefault\u00a0\u00bb global_colors_info=\u00a0\u00bb{}\u00a0\u00bb][\/et_pb_image][\/et_pb_column][\/et_pb_row][et_pb_row _builder_version=\u00a0\u00bb4.16&Prime; background_size=\u00a0\u00bbinitial\u00a0\u00bb background_position=\u00a0\u00bbtop_left\u00a0\u00bb background_repeat=\u00a0\u00bbrepeat\u00a0\u00bb width=\u00a0\u00bb100%\u00a0\u00bb custom_padding=\u00a0\u00bb||4px|||\u00a0\u00bb global_colors_info=\u00a0\u00bb{}\u00a0\u00bb][et_pb_column type=\u00a0\u00bb4_4&Prime; _builder_version=\u00a0\u00bb4.16&Prime; custom_padding=\u00a0\u00bb|||\u00a0\u00bb global_colors_info=\u00a0\u00bb{}\u00a0\u00bb custom_padding__hover=\u00a0\u00bb|||\u00a0\u00bb][et_pb_wc_related_products posts_number=\u00a0\u00bb4&Prime; columns_number=\u00a0\u00bb4&Prime; include_categories=\u00a0\u00bbcurrent\u00a0\u00bb hover_icon=\u00a0\u00bb&#x35;||divi||400&Prime; _builder_version=\u00a0\u00bb4.27.2&Prime; custom_margin=\u00a0\u00bb||5px|||\u00a0\u00bb custom_padding=\u00a0\u00bb||2px|||\u00a0\u00bb global_module=\u00a0\u00bb7238&Prime; saved_tabs=\u00a0\u00bball\u00a0\u00bb locked=\u00a0\u00bboff\u00a0\u00bb global_colors_info=\u00a0\u00bb{}\u00a0\u00bb][\/et_pb_wc_related_products][\/et_pb_column][\/et_pb_row][\/et_pb_section]<\/p>\n","protected":false},"excerpt":{"rendered":"<p>Voici les caract\u00e9ristiques qui font de BRAVE le MEILLEUR MANTEAU 4 PATTES pour chien: R\u00e9sistant \u00e0 l\u2019eau Coupe-vent Prot\u00e8ge des boules de neige Poss\u00e8de une ouverture pour ins\u00e9rer la laisse S\u2019ajuste \u00e0 la poitrine, \u00e0 la taille et au cou Poss\u00e8de des bandes r\u00e9fl\u00e9chissantes aux 4 pattes Facile \u00e0 enfiler Id\u00e9al pour l\u2019automne, l\u2019hiver et [&hellip;]<\/p>\n","protected":false},"featured_media":8698,"template":"","meta":{"_et_pb_use_builder":"on","_et_pb_old_content":"","_et_gb_content_width":""},"product_brand":[],"product_cat":[71,55,56,52],"product_tag":[],"class_list":{"0":"post-1621","1":"product","2":"type-product","3":"status-publish","4":"has-post-thumbnail","6":"product_cat-manteaux","7":"product_cat-marche","8":"product_cat-randonnee","9":"product_cat-voyage-camping","11":"first","12":"instock","13":"taxable","14":"shipping-taxable","15":"purchasable","16":"product-type-variable"},"yoast_head":"<!-- This site is optimized with the Yoast SEO plugin v27.3 - https:\/\/yoast.com\/product\/yoast-seo-wordpress\/ -->\n<title>MANTEAU 4 PATTES BRAVE - Le Chien Blanc<\/title>\n<meta name=\"description\" content=\"R\u00e9sistant \u00e0 l\u2019eau. Coupe-vent. Prot\u00e8ge des boules de neige. Poss\u00e8de une ouverture pour ins\u00e9rer la laisse. S\u2019ajuste \u00e0 la poitrine, \u00e0 la taille et au cou.\" \/>\n<meta name=\"robots\" content=\"index, follow, max-snippet:-1, max-image-preview:large, max-video-preview:-1\" \/>\n<link rel=\"canonical\" href=\"https:\/\/lechienblanc.com\/en\/product\/manteau-4-pattes-brave\/\" \/>\n<meta property=\"og:locale\" content=\"en_US\" \/>\n<meta property=\"og:type\" content=\"article\" \/>\n<meta property=\"og:title\" content=\"MANTEAU 4 PATTES BRAVE - Le Chien Blanc\" \/>\n<meta property=\"og:description\" content=\"R\u00e9sistant \u00e0 l\u2019eau. Coupe-vent. Prot\u00e8ge des boules de neige. Poss\u00e8de une ouverture pour ins\u00e9rer la laisse. S\u2019ajuste \u00e0 la poitrine, \u00e0 la taille et au cou.\" \/>\n<meta property=\"og:url\" content=\"https:\/\/lechienblanc.com\/en\/product\/manteau-4-pattes-brave\/\" \/>\n<meta property=\"og:site_name\" content=\"Le Chien Blanc\" \/>\n<meta property=\"article:publisher\" content=\"https:\/\/www.facebook.com\/golechienblanc\" \/>\n<meta property=\"article:modified_time\" content=\"2026-02-16T14:44:52+00:00\" \/>\n<meta property=\"og:image\" content=\"http:\/\/lechienblanc.com\/wp-content\/uploads\/2019\/08\/brave-2.0-scaled.jpg\" \/>\n\t<meta property=\"og:image:width\" content=\"2560\" \/>\n\t<meta property=\"og:image:height\" content=\"1920\" \/>\n\t<meta property=\"og:image:type\" content=\"image\/jpeg\" \/>\n<script type=\"application\/ld+json\" class=\"yoast-schema-graph\">{\"@context\":\"https:\\\/\\\/schema.org\",\"@graph\":[{\"@type\":\"WebPage\",\"@id\":\"https:\\\/\\\/lechienblanc.com\\\/produit\\\/manteau-4-pattes-brave\\\/\",\"url\":\"https:\\\/\\\/lechienblanc.com\\\/produit\\\/manteau-4-pattes-brave\\\/\",\"name\":\"MANTEAU 4 PATTES BRAVE - Le Chien Blanc\",\"isPartOf\":{\"@id\":\"https:\\\/\\\/lechienblanc.com\\\/#website\"},\"primaryImageOfPage\":{\"@id\":\"https:\\\/\\\/lechienblanc.com\\\/produit\\\/manteau-4-pattes-brave\\\/#primaryimage\"},\"image\":{\"@id\":\"https:\\\/\\\/lechienblanc.com\\\/produit\\\/manteau-4-pattes-brave\\\/#primaryimage\"},\"thumbnailUrl\":\"https:\\\/\\\/lechienblanc.com\\\/wp-content\\\/uploads\\\/2019\\\/08\\\/brave-2.0-scaled.jpg\",\"datePublished\":\"2019-08-27T22:25:02+00:00\",\"dateModified\":\"2026-02-16T14:44:52+00:00\",\"description\":\"R\u00e9sistant \u00e0 l\u2019eau. Coupe-vent. Prot\u00e8ge des boules de neige. Poss\u00e8de une ouverture pour ins\u00e9rer la laisse. S\u2019ajuste \u00e0 la poitrine, \u00e0 la taille et au cou.\",\"breadcrumb\":{\"@id\":\"https:\\\/\\\/lechienblanc.com\\\/produit\\\/manteau-4-pattes-brave\\\/#breadcrumb\"},\"inLanguage\":\"en-US\",\"potentialAction\":[{\"@type\":\"ReadAction\",\"target\":[\"https:\\\/\\\/lechienblanc.com\\\/produit\\\/manteau-4-pattes-brave\\\/\"]}]},{\"@type\":\"ImageObject\",\"inLanguage\":\"en-US\",\"@id\":\"https:\\\/\\\/lechienblanc.com\\\/produit\\\/manteau-4-pattes-brave\\\/#primaryimage\",\"url\":\"https:\\\/\\\/lechienblanc.com\\\/wp-content\\\/uploads\\\/2019\\\/08\\\/brave-2.0-scaled.jpg\",\"contentUrl\":\"https:\\\/\\\/lechienblanc.com\\\/wp-content\\\/uploads\\\/2019\\\/08\\\/brave-2.0-scaled.jpg\",\"width\":2560,\"height\":1920},{\"@type\":\"BreadcrumbList\",\"@id\":\"https:\\\/\\\/lechienblanc.com\\\/produit\\\/manteau-4-pattes-brave\\\/#breadcrumb\",\"itemListElement\":[{\"@type\":\"ListItem\",\"position\":1,\"name\":\"Accueil\",\"item\":\"https:\\\/\\\/lechienblanc.com\\\/\"},{\"@type\":\"ListItem\",\"position\":2,\"name\":\"BOUTIQUE\",\"item\":\"https:\\\/\\\/lechienblanc.com\\\/\"},{\"@type\":\"ListItem\",\"position\":3,\"name\":\"MANTEAU 4 PATTES BRAVE\"}]},{\"@type\":\"WebSite\",\"@id\":\"https:\\\/\\\/lechienblanc.com\\\/#website\",\"url\":\"https:\\\/\\\/lechienblanc.com\\\/\",\"name\":\"Le Chien Blanc\",\"description\":\"Accessoires pour chiens\",\"publisher\":{\"@id\":\"https:\\\/\\\/lechienblanc.com\\\/#organization\"},\"potentialAction\":[{\"@type\":\"SearchAction\",\"target\":{\"@type\":\"EntryPoint\",\"urlTemplate\":\"https:\\\/\\\/lechienblanc.com\\\/?s={search_term_string}\"},\"query-input\":{\"@type\":\"PropertyValueSpecification\",\"valueRequired\":true,\"valueName\":\"search_term_string\"}}],\"inLanguage\":\"en-US\"},{\"@type\":\"Organization\",\"@id\":\"https:\\\/\\\/lechienblanc.com\\\/#organization\",\"name\":\"Le Chien Blanc\",\"url\":\"https:\\\/\\\/lechienblanc.com\\\/\",\"logo\":{\"@type\":\"ImageObject\",\"inLanguage\":\"en-US\",\"@id\":\"https:\\\/\\\/lechienblanc.com\\\/#\\\/schema\\\/logo\\\/image\\\/\",\"url\":\"http:\\\/\\\/lechienblanc.com\\\/wp-content\\\/uploads\\\/2019\\\/09\\\/LogoHeaderLCB.png\",\"contentUrl\":\"http:\\\/\\\/lechienblanc.com\\\/wp-content\\\/uploads\\\/2019\\\/09\\\/LogoHeaderLCB.png\",\"width\":366,\"height\":286,\"caption\":\"Le Chien Blanc\"},\"image\":{\"@id\":\"https:\\\/\\\/lechienblanc.com\\\/#\\\/schema\\\/logo\\\/image\\\/\"},\"sameAs\":[\"https:\\\/\\\/www.facebook.com\\\/golechienblanc\",\"https:\\\/\\\/www.instagram.com\\\/golechienblanc\\\/\"]}]}<\/script>\n<!-- \/ Yoast SEO plugin. -->","yoast_head_json":{"title":"MANTEAU 4 PATTES BRAVE - Le Chien Blanc","description":"R\u00e9sistant \u00e0 l\u2019eau. Coupe-vent. Prot\u00e8ge des boules de neige. Poss\u00e8de une ouverture pour ins\u00e9rer la laisse. S\u2019ajuste \u00e0 la poitrine, \u00e0 la taille et au cou.","robots":{"index":"index","follow":"follow","max-snippet":"max-snippet:-1","max-image-preview":"max-image-preview:large","max-video-preview":"max-video-preview:-1"},"canonical":"https:\/\/lechienblanc.com\/en\/product\/manteau-4-pattes-brave\/","og_locale":"en_US","og_type":"article","og_title":"MANTEAU 4 PATTES BRAVE - Le Chien Blanc","og_description":"R\u00e9sistant \u00e0 l\u2019eau. Coupe-vent. Prot\u00e8ge des boules de neige. Poss\u00e8de une ouverture pour ins\u00e9rer la laisse. S\u2019ajuste \u00e0 la poitrine, \u00e0 la taille et au cou.","og_url":"https:\/\/lechienblanc.com\/en\/product\/manteau-4-pattes-brave\/","og_site_name":"Le Chien Blanc","article_publisher":"https:\/\/www.facebook.com\/golechienblanc","article_modified_time":"2026-02-16T14:44:52+00:00","og_image":[{"width":2560,"height":1920,"url":"http:\/\/lechienblanc.com\/wp-content\/uploads\/2019\/08\/brave-2.0-scaled.jpg","type":"image\/jpeg"}],"schema":{"@context":"https:\/\/schema.org","@graph":[{"@type":"WebPage","@id":"https:\/\/lechienblanc.com\/produit\/manteau-4-pattes-brave\/","url":"https:\/\/lechienblanc.com\/produit\/manteau-4-pattes-brave\/","name":"MANTEAU 4 PATTES BRAVE - Le Chien Blanc","isPartOf":{"@id":"https:\/\/lechienblanc.com\/#website"},"primaryImageOfPage":{"@id":"https:\/\/lechienblanc.com\/produit\/manteau-4-pattes-brave\/#primaryimage"},"image":{"@id":"https:\/\/lechienblanc.com\/produit\/manteau-4-pattes-brave\/#primaryimage"},"thumbnailUrl":"https:\/\/lechienblanc.com\/wp-content\/uploads\/2019\/08\/brave-2.0-scaled.jpg","datePublished":"2019-08-27T22:25:02+00:00","dateModified":"2026-02-16T14:44:52+00:00","description":"R\u00e9sistant \u00e0 l\u2019eau. Coupe-vent. Prot\u00e8ge des boules de neige. Poss\u00e8de une ouverture pour ins\u00e9rer la laisse. S\u2019ajuste \u00e0 la poitrine, \u00e0 la taille et au cou.","breadcrumb":{"@id":"https:\/\/lechienblanc.com\/produit\/manteau-4-pattes-brave\/#breadcrumb"},"inLanguage":"en-US","potentialAction":[{"@type":"ReadAction","target":["https:\/\/lechienblanc.com\/produit\/manteau-4-pattes-brave\/"]}]},{"@type":"ImageObject","inLanguage":"en-US","@id":"https:\/\/lechienblanc.com\/produit\/manteau-4-pattes-brave\/#primaryimage","url":"https:\/\/lechienblanc.com\/wp-content\/uploads\/2019\/08\/brave-2.0-scaled.jpg","contentUrl":"https:\/\/lechienblanc.com\/wp-content\/uploads\/2019\/08\/brave-2.0-scaled.jpg","width":2560,"height":1920},{"@type":"BreadcrumbList","@id":"https:\/\/lechienblanc.com\/produit\/manteau-4-pattes-brave\/#breadcrumb","itemListElement":[{"@type":"ListItem","position":1,"name":"Accueil","item":"https:\/\/lechienblanc.com\/"},{"@type":"ListItem","position":2,"name":"BOUTIQUE","item":"https:\/\/lechienblanc.com\/"},{"@type":"ListItem","position":3,"name":"MANTEAU 4 PATTES BRAVE"}]},{"@type":"WebSite","@id":"https:\/\/lechienblanc.com\/#website","url":"https:\/\/lechienblanc.com\/","name":"Le Chien Blanc","description":"Accessoires pour chiens","publisher":{"@id":"https:\/\/lechienblanc.com\/#organization"},"potentialAction":[{"@type":"SearchAction","target":{"@type":"EntryPoint","urlTemplate":"https:\/\/lechienblanc.com\/?s={search_term_string}"},"query-input":{"@type":"PropertyValueSpecification","valueRequired":true,"valueName":"search_term_string"}}],"inLanguage":"en-US"},{"@type":"Organization","@id":"https:\/\/lechienblanc.com\/#organization","name":"Le Chien Blanc","url":"https:\/\/lechienblanc.com\/","logo":{"@type":"ImageObject","inLanguage":"en-US","@id":"https:\/\/lechienblanc.com\/#\/schema\/logo\/image\/","url":"http:\/\/lechienblanc.com\/wp-content\/uploads\/2019\/09\/LogoHeaderLCB.png","contentUrl":"http:\/\/lechienblanc.com\/wp-content\/uploads\/2019\/09\/LogoHeaderLCB.png","width":366,"height":286,"caption":"Le Chien Blanc"},"image":{"@id":"https:\/\/lechienblanc.com\/#\/schema\/logo\/image\/"},"sameAs":["https:\/\/www.facebook.com\/golechienblanc","https:\/\/www.instagram.com\/golechienblanc\/"]}]}},"_links":{"self":[{"href":"https:\/\/lechienblanc.com\/en\/wp-json\/wp\/v2\/product\/1621","targetHints":{"allow":["GET"]}}],"collection":[{"href":"https:\/\/lechienblanc.com\/en\/wp-json\/wp\/v2\/product"}],"about":[{"href":"https:\/\/lechienblanc.com\/en\/wp-json\/wp\/v2\/types\/product"}],"wp:featuredmedia":[{"embeddable":true,"href":"https:\/\/lechienblanc.com\/en\/wp-json\/wp\/v2\/media\/8698"}],"wp:attachment":[{"href":"https:\/\/lechienblanc.com\/en\/wp-json\/wp\/v2\/media?parent=1621"}],"wp:term":[{"taxonomy":"product_brand","embeddable":true,"href":"https:\/\/lechienblanc.com\/en\/wp-json\/wp\/v2\/product_brand?post=1621"},{"taxonomy":"product_cat","embeddable":true,"href":"https:\/\/lechienblanc.com\/en\/wp-json\/wp\/v2\/product_cat?post=1621"},{"taxonomy":"product_tag","embeddable":true,"href":"https:\/\/lechienblanc.com\/en\/wp-json\/wp\/v2\/product_tag?post=1621"}],"curies":[{"name":"wp","href":"https:\/\/api.w.org\/{rel}","templated":true}]}}