{"id":14460,"date":"2025-08-29T15:02:13","date_gmt":"2025-08-29T19:02:13","guid":{"rendered":"https:\/\/lechienblanc.com\/?post_type=product&#038;p=14460"},"modified":"2026-04-11T06:33:57","modified_gmt":"2026-04-11T10:33:57","slug":"harnais-atlas-edition-limitee","status":"publish","type":"product","link":"https:\/\/lechienblanc.com\/en\/product\/harnais-atlas-edition-limitee\/","title":{"rendered":"Limited Edition ATLAS harness"},"content":{"rendered":"<p>[et_pb_section fb_built=\u00a0\u00bb1&Prime; custom_padding_last_edited=\u00a0\u00bbon|phone\u00a0\u00bb _builder_version=\u00a0\u00bb4.27.4&Prime; custom_padding=\u00a0\u00bb55px||55px||true|false\u00a0\u00bb custom_padding_tablet=\u00a0\u00bb55px||55px||true|false\u00a0\u00bb custom_padding_phone=\u00a0\u00bb15px||15px||true|false\u00a0\u00bb global_colors_info=\u00a0\u00bb{}\u00a0\u00bb][et_pb_row _builder_version=\u00a0\u00bb4.16&Prime; background_size=\u00a0\u00bbinitial\u00a0\u00bb background_position=\u00a0\u00bbtop_left\u00a0\u00bb background_repeat=\u00a0\u00bbrepeat\u00a0\u00bb width=\u00a0\u00bb100%\u00a0\u00bb custom_padding=\u00a0\u00bb0px||0px||false|false\u00a0\u00bb global_colors_info=\u00a0\u00bb{}\u00a0\u00bb][et_pb_column type=\u00a0\u00bb4_4&Prime; _builder_version=\u00a0\u00bb4.16&Prime; custom_padding=\u00a0\u00bb|||\u00a0\u00bb global_colors_info=\u00a0\u00bb{}\u00a0\u00bb custom_padding__hover=\u00a0\u00bb|||\u00a0\u00bb][et_pb_wc_cart_notice _builder_version=\u00a0\u00bb4.27.4&Prime; custom_margin=\u00a0\u00bb10px|0em|10px|0em|true|false\u00a0\u00bb custom_padding=\u00a0\u00bb10px|15px|10px|15px|true|false\u00a0\u00bb global_colors_info=\u00a0\u00bb{}\u00a0\u00bb][\/et_pb_wc_cart_notice][\/et_pb_column][\/et_pb_row][et_pb_row column_structure=\u00a0\u00bb2_5,3_5&Prime; _builder_version=\u00a0\u00bb4.16&Prime; background_size=\u00a0\u00bbinitial\u00a0\u00bb background_position=\u00a0\u00bbtop_left\u00a0\u00bb background_repeat=\u00a0\u00bbrepeat\u00a0\u00bb width=\u00a0\u00bb100%\u00a0\u00bb custom_padding=\u00a0\u00bb0px||||false|false\u00a0\u00bb global_colors_info=\u00a0\u00bb{}\u00a0\u00bb][et_pb_column type=\u00a0\u00bb2_5&Prime; _builder_version=\u00a0\u00bb4.16&Prime; custom_padding=\u00a0\u00bb|||\u00a0\u00bb global_colors_info=\u00a0\u00bb{}\u00a0\u00bb custom_padding__hover=\u00a0\u00bb|||\u00a0\u00bb][et_pb_wc_images _builder_version=\u00a0\u00bb4.16&Prime; global_colors_info=\u00a0\u00bb{}\u00a0\u00bb][\/et_pb_wc_images][\/et_pb_column][et_pb_column type=\u00a0\u00bb3_5&Prime; _builder_version=\u00a0\u00bb4.16&Prime; custom_padding=\u00a0\u00bb|||\u00a0\u00bb global_colors_info=\u00a0\u00bb{}\u00a0\u00bb custom_padding__hover=\u00a0\u00bb|||\u00a0\u00bb][et_pb_wc_title _builder_version=\u00a0\u00bb4.27.4&Prime; header_font=\u00a0\u00bb|600|||||||\u00a0\u00bb header_font_size=\u00a0\u00bb34px\u00a0\u00bb custom_margin=\u00a0\u00bb-6px||22px||false|false\u00a0\u00bb custom_margin_tablet=\u00a0\u00bb-6px||22px||false|false\u00a0\u00bb custom_margin_phone=\u00a0\u00bb-32px||||false|false\u00a0\u00bb custom_margin_last_edited=\u00a0\u00bbon|phone\u00a0\u00bb global_colors_info=\u00a0\u00bb{}\u00a0\u00bb][\/et_pb_wc_title][et_pb_text _builder_version=\u00a0\u00bb4.27.4&Prime; _module_preset=\u00a0\u00bbdefault\u00a0\u00bb custom_margin=\u00a0\u00bb||32px|||\u00a0\u00bb global_colors_info=\u00a0\u00bb{}\u00a0\u00bb]<\/p>\n<h3><em>Disponible pour un temps et en quantit\u00e9 limit\u00e9e seulement.<\/em><\/h3>\n<p><em><\/em><\/p>\n<p><em>*la couleur peut varier l\u00e9g\u00e8rement pour les tailles, XXS, XS, S, M.<\/em><\/p>\n<h3>Le HARNAIS ATLAS est con\u00e7u de mani\u00e8re \u00e0 d\u00e9gager compl\u00e8tement les \u00e9paules et les aisselles de votre chien pour lui garantir un maximum de confort. Le HARNAIS ATLAS est robuste, stable et plus s\u00e9curitaire gr\u00e2ce aux doubles sangles.<\/h3>\n<p>&nbsp;<br \/>\nChez LE CHIEN BLANC, on adore innover et on souhaitait rendre le HARNAIS ATLAS encore plus polyvalent, nous avons donc cr\u00e9\u00e9 le SAC \u00c0 DOS EXP\u00c9DITION amovible qui s\u2019installe exclusivement sur le HARNAIS ATLAS et maintenant le harnais HORIZON.<\/p>\n<h3><em>De plus, le HARNAIS ATLAS:<\/em><\/h3>\n<ul>\n<li>Est fabriqu\u00e9 de mat\u00e9riaux souples, durables, l\u00e9gers et qui offrent une grande respirabilit\u00e9<\/li>\n<li>Poss\u00e8de une attache frontale, une attache dorsale et une poign\u00e9e facilement accessible ultra-pratique<\/li>\n<li>Est muni de bandes r\u00e9fl\u00e9chissantes<\/li>\n<li>Est compatible avec le SAC \u00c0 DOS EXP\u00c9DITION amovible<\/li>\n<\/ul>\n<h3>FI\u00c8REMENT CON\u00c7U ET FABRIQU\u00c9 AU QU\u00c9BEC<\/h3>\n<p>&nbsp;<br \/>\n<em><strong>Voici un guide pour vous aider \u00e0 s\u00e9lectionner la grandeur appropri\u00e9e:<\/strong><\/em><\/p>\n<ul>\n<li>XXS: +\/- 5 lbs \u2013 10 lbs<\/li>\n<li>XS: +\/- 10 lbs \u2013 18 lbs<\/li>\n<li>S: +\/- 18 lbs \u2013 26 lbs<\/li>\n<li>M: +\/- 27 lbs \u2013 35 lbs<\/li>\n<li>L: +\/- 36 lbs \u2013 45 lbs<\/li>\n<li>XL: +\/- 46 lbs \u2013 73 lbs<\/li>\n<li>2XL: +\/- 74 lbs \u2013 120 lbs<\/li>\n<li>3XL: Chien de tr\u00e8s grande race (Grand Danois, Leonberg, Mastiff, IrishWolfhound, etc.)<\/li>\n<\/ul>\n<p><em>*Si vous h\u00e9sitez apr\u00e8s avoir consult\u00e9 ce guide, n\u2019h\u00e9sitez pas \u00e0 nous contacter.<\/em>[\/et_pb_text][et_pb_wc_price _builder_version=\u00a0\u00bb4.16&Prime; custom_margin=\u00a0\u00bb||32px|||\u00a0\u00bb global_colors_info=\u00a0\u00bb{}\u00a0\u00bb][\/et_pb_wc_price][et_pb_wc_add_to_cart _builder_version=\u00a0\u00bb4.16&Prime; global_colors_info=\u00a0\u00bb{}\u00a0\u00bb][\/et_pb_wc_add_to_cart][\/et_pb_column][\/et_pb_row][et_pb_row _builder_version=\u00a0\u00bb4.16&Prime; background_size=\u00a0\u00bbinitial\u00a0\u00bb background_position=\u00a0\u00bbtop_left\u00a0\u00bb background_repeat=\u00a0\u00bbrepeat\u00a0\u00bb width=\u00a0\u00bb100%\u00a0\u00bb custom_padding=\u00a0\u00bb||7px|||\u00a0\u00bb global_colors_info=\u00a0\u00bb{}\u00a0\u00bb][et_pb_column type=\u00a0\u00bb4_4&Prime; _builder_version=\u00a0\u00bb4.16&Prime; custom_padding=\u00a0\u00bb|||\u00a0\u00bb global_colors_info=\u00a0\u00bb{}\u00a0\u00bb custom_padding__hover=\u00a0\u00bb|||\u00a0\u00bb][et_pb_wc_upsells _builder_version=\u00a0\u00bb4.16&Prime; custom_margin=\u00a0\u00bb||13px|||\u00a0\u00bb global_colors_info=\u00a0\u00bb{}\u00a0\u00bb][\/et_pb_wc_upsells][et_pb_wc_related_products posts_number=\u00a0\u00bb4&Prime; columns_number=\u00a0\u00bb4&Prime; include_categories=\u00a0\u00bbcurrent\u00a0\u00bb hover_icon=\u00a0\u00bb&#x35;||divi||400&Prime; _builder_version=\u00a0\u00bb4.27.2&Prime; custom_margin=\u00a0\u00bb||5px|||\u00a0\u00bb custom_padding=\u00a0\u00bb||2px|||\u00a0\u00bb global_module=\u00a0\u00bb7238&Prime; saved_tabs=\u00a0\u00bball\u00a0\u00bb locked=\u00a0\u00bboff\u00a0\u00bb global_colors_info=\u00a0\u00bb{}\u00a0\u00bb][\/et_pb_wc_related_products][\/et_pb_column][\/et_pb_row][\/et_pb_section]<\/p>\n","protected":false},"excerpt":{"rendered":"<p>Disponible pour un temps et en quantit\u00e9 limit\u00e9e seulement. *la couleur peut varier l\u00e9g\u00e8rement pour les tailles, XXS, XS, S, M. Le HARNAIS ATLAS est con\u00e7u de mani\u00e8re \u00e0 d\u00e9gager compl\u00e8tement les \u00e9paules et les aisselles de votre chien pour lui garantir un maximum de confort. Le HARNAIS ATLAS est robuste, stable et plus s\u00e9curitaire [&hellip;]<\/p>\n","protected":false},"featured_media":14576,"template":"","meta":{"_et_pb_use_builder":"on","_et_pb_old_content":"","_et_gb_content_width":""},"product_brand":[],"product_cat":[212,13,69,55,73,56,65,52],"product_tag":[],"class_list":{"0":"post-14460","1":"product","2":"type-product","3":"status-publish","4":"has-post-thumbnail","6":"product_cat-autres-pour-chiens","7":"product_cat-entrainement","8":"product_cat-harnais","9":"product_cat-marche","10":"product_cat-outils-dentrainement","11":"product_cat-randonnee","12":"product_cat-sports-atteles","13":"product_cat-voyage-camping","14":"product_shipping_class-products","16":"first","17":"instock","18":"taxable","19":"shipping-taxable","20":"purchasable","21":"product-type-variable"},"yoast_head":"<!-- This site is optimized with the Yoast SEO plugin v27.3 - https:\/\/yoast.com\/product\/yoast-seo-wordpress\/ -->\n<title>Harnais ATLAS \u00c9dition Limit\u00e9e - Le Chien Blanc<\/title>\n<meta name=\"description\" content=\"Disponible pour un temps et en quantit\u00e9 limit\u00e9e seulement. *la couleur peut varier l\u00e9g\u00e8rement pour les tailles, XXS, XS, S, M.\" \/>\n<meta name=\"robots\" content=\"index, follow, max-snippet:-1, max-image-preview:large, max-video-preview:-1\" \/>\n<link rel=\"canonical\" href=\"https:\/\/lechienblanc.com\/en\/product\/harnais-atlas-edition-limitee\/\" \/>\n<meta property=\"og:locale\" content=\"en_US\" \/>\n<meta property=\"og:type\" content=\"article\" \/>\n<meta property=\"og:title\" content=\"Harnais ATLAS \u00c9dition Limit\u00e9e - Le Chien Blanc\" \/>\n<meta property=\"og:description\" content=\"Disponible pour un temps et en quantit\u00e9 limit\u00e9e seulement. *la couleur peut varier l\u00e9g\u00e8rement pour les tailles, XXS, XS, S, M.\" \/>\n<meta property=\"og:url\" content=\"https:\/\/lechienblanc.com\/en\/product\/harnais-atlas-edition-limitee\/\" \/>\n<meta property=\"og:site_name\" content=\"Le Chien Blanc\" \/>\n<meta property=\"article:publisher\" content=\"https:\/\/www.facebook.com\/golechienblanc\" \/>\n<meta property=\"article:modified_time\" content=\"2026-04-11T10:33:57+00:00\" \/>\n<meta property=\"og:image\" content=\"http:\/\/lechienblanc.com\/wp-content\/uploads\/2025\/08\/1000005365.png\" \/>\n\t<meta property=\"og:image:width\" content=\"1920\" \/>\n\t<meta property=\"og:image:height\" content=\"2560\" \/>\n\t<meta property=\"og:image:type\" content=\"image\/png\" \/>\n<script type=\"application\/ld+json\" class=\"yoast-schema-graph\">{\"@context\":\"https:\\\/\\\/schema.org\",\"@graph\":[{\"@type\":\"WebPage\",\"@id\":\"https:\\\/\\\/lechienblanc.com\\\/produit\\\/harnais-atlas-edition-limitee\\\/\",\"url\":\"https:\\\/\\\/lechienblanc.com\\\/produit\\\/harnais-atlas-edition-limitee\\\/\",\"name\":\"Harnais ATLAS \u00c9dition Limit\u00e9e - Le Chien Blanc\",\"isPartOf\":{\"@id\":\"https:\\\/\\\/lechienblanc.com\\\/#website\"},\"primaryImageOfPage\":{\"@id\":\"https:\\\/\\\/lechienblanc.com\\\/produit\\\/harnais-atlas-edition-limitee\\\/#primaryimage\"},\"image\":{\"@id\":\"https:\\\/\\\/lechienblanc.com\\\/produit\\\/harnais-atlas-edition-limitee\\\/#primaryimage\"},\"thumbnailUrl\":\"https:\\\/\\\/lechienblanc.com\\\/wp-content\\\/uploads\\\/2025\\\/08\\\/1000005365.png\",\"datePublished\":\"2025-08-29T19:02:13+00:00\",\"dateModified\":\"2026-04-11T10:33:57+00:00\",\"description\":\"Disponible pour un temps et en quantit\u00e9 limit\u00e9e seulement. *la couleur peut varier l\u00e9g\u00e8rement pour les tailles, XXS, XS, S, M.\",\"breadcrumb\":{\"@id\":\"https:\\\/\\\/lechienblanc.com\\\/produit\\\/harnais-atlas-edition-limitee\\\/#breadcrumb\"},\"inLanguage\":\"en-US\",\"potentialAction\":[{\"@type\":\"ReadAction\",\"target\":[\"https:\\\/\\\/lechienblanc.com\\\/produit\\\/harnais-atlas-edition-limitee\\\/\"]}]},{\"@type\":\"ImageObject\",\"inLanguage\":\"en-US\",\"@id\":\"https:\\\/\\\/lechienblanc.com\\\/produit\\\/harnais-atlas-edition-limitee\\\/#primaryimage\",\"url\":\"https:\\\/\\\/lechienblanc.com\\\/wp-content\\\/uploads\\\/2025\\\/08\\\/1000005365.png\",\"contentUrl\":\"https:\\\/\\\/lechienblanc.com\\\/wp-content\\\/uploads\\\/2025\\\/08\\\/1000005365.png\",\"width\":1920,\"height\":2560,\"caption\":\"Harnais pour chien ATLAS fait au Qu\u00e9bec harness for dog made in canada\"},{\"@type\":\"BreadcrumbList\",\"@id\":\"https:\\\/\\\/lechienblanc.com\\\/produit\\\/harnais-atlas-edition-limitee\\\/#breadcrumb\",\"itemListElement\":[{\"@type\":\"ListItem\",\"position\":1,\"name\":\"Accueil\",\"item\":\"https:\\\/\\\/lechienblanc.com\\\/\"},{\"@type\":\"ListItem\",\"position\":2,\"name\":\"BOUTIQUE\",\"item\":\"https:\\\/\\\/lechienblanc.com\\\/\"},{\"@type\":\"ListItem\",\"position\":3,\"name\":\"Harnais ATLAS \u00c9dition Limit\u00e9e\"}]},{\"@type\":\"WebSite\",\"@id\":\"https:\\\/\\\/lechienblanc.com\\\/#website\",\"url\":\"https:\\\/\\\/lechienblanc.com\\\/\",\"name\":\"Le Chien Blanc\",\"description\":\"Accessoires pour chiens\",\"publisher\":{\"@id\":\"https:\\\/\\\/lechienblanc.com\\\/#organization\"},\"potentialAction\":[{\"@type\":\"SearchAction\",\"target\":{\"@type\":\"EntryPoint\",\"urlTemplate\":\"https:\\\/\\\/lechienblanc.com\\\/?s={search_term_string}\"},\"query-input\":{\"@type\":\"PropertyValueSpecification\",\"valueRequired\":true,\"valueName\":\"search_term_string\"}}],\"inLanguage\":\"en-US\"},{\"@type\":\"Organization\",\"@id\":\"https:\\\/\\\/lechienblanc.com\\\/#organization\",\"name\":\"Le Chien Blanc\",\"url\":\"https:\\\/\\\/lechienblanc.com\\\/\",\"logo\":{\"@type\":\"ImageObject\",\"inLanguage\":\"en-US\",\"@id\":\"https:\\\/\\\/lechienblanc.com\\\/#\\\/schema\\\/logo\\\/image\\\/\",\"url\":\"http:\\\/\\\/lechienblanc.com\\\/wp-content\\\/uploads\\\/2019\\\/09\\\/LogoHeaderLCB.png\",\"contentUrl\":\"http:\\\/\\\/lechienblanc.com\\\/wp-content\\\/uploads\\\/2019\\\/09\\\/LogoHeaderLCB.png\",\"width\":366,\"height\":286,\"caption\":\"Le Chien Blanc\"},\"image\":{\"@id\":\"https:\\\/\\\/lechienblanc.com\\\/#\\\/schema\\\/logo\\\/image\\\/\"},\"sameAs\":[\"https:\\\/\\\/www.facebook.com\\\/golechienblanc\",\"https:\\\/\\\/www.instagram.com\\\/golechienblanc\\\/\"]}]}<\/script>\n<!-- \/ Yoast SEO plugin. -->","yoast_head_json":{"title":"Harnais ATLAS \u00c9dition Limit\u00e9e - Le Chien Blanc","description":"Disponible pour un temps et en quantit\u00e9 limit\u00e9e seulement. *la couleur peut varier l\u00e9g\u00e8rement pour les tailles, XXS, XS, S, M.","robots":{"index":"index","follow":"follow","max-snippet":"max-snippet:-1","max-image-preview":"max-image-preview:large","max-video-preview":"max-video-preview:-1"},"canonical":"https:\/\/lechienblanc.com\/en\/product\/harnais-atlas-edition-limitee\/","og_locale":"en_US","og_type":"article","og_title":"Harnais ATLAS \u00c9dition Limit\u00e9e - Le Chien Blanc","og_description":"Disponible pour un temps et en quantit\u00e9 limit\u00e9e seulement. *la couleur peut varier l\u00e9g\u00e8rement pour les tailles, XXS, XS, S, M.","og_url":"https:\/\/lechienblanc.com\/en\/product\/harnais-atlas-edition-limitee\/","og_site_name":"Le Chien Blanc","article_publisher":"https:\/\/www.facebook.com\/golechienblanc","article_modified_time":"2026-04-11T10:33:57+00:00","og_image":[{"width":1920,"height":2560,"url":"http:\/\/lechienblanc.com\/wp-content\/uploads\/2025\/08\/1000005365.png","type":"image\/png"}],"schema":{"@context":"https:\/\/schema.org","@graph":[{"@type":"WebPage","@id":"https:\/\/lechienblanc.com\/produit\/harnais-atlas-edition-limitee\/","url":"https:\/\/lechienblanc.com\/produit\/harnais-atlas-edition-limitee\/","name":"Harnais ATLAS \u00c9dition Limit\u00e9e - Le Chien Blanc","isPartOf":{"@id":"https:\/\/lechienblanc.com\/#website"},"primaryImageOfPage":{"@id":"https:\/\/lechienblanc.com\/produit\/harnais-atlas-edition-limitee\/#primaryimage"},"image":{"@id":"https:\/\/lechienblanc.com\/produit\/harnais-atlas-edition-limitee\/#primaryimage"},"thumbnailUrl":"https:\/\/lechienblanc.com\/wp-content\/uploads\/2025\/08\/1000005365.png","datePublished":"2025-08-29T19:02:13+00:00","dateModified":"2026-04-11T10:33:57+00:00","description":"Disponible pour un temps et en quantit\u00e9 limit\u00e9e seulement. *la couleur peut varier l\u00e9g\u00e8rement pour les tailles, XXS, XS, S, M.","breadcrumb":{"@id":"https:\/\/lechienblanc.com\/produit\/harnais-atlas-edition-limitee\/#breadcrumb"},"inLanguage":"en-US","potentialAction":[{"@type":"ReadAction","target":["https:\/\/lechienblanc.com\/produit\/harnais-atlas-edition-limitee\/"]}]},{"@type":"ImageObject","inLanguage":"en-US","@id":"https:\/\/lechienblanc.com\/produit\/harnais-atlas-edition-limitee\/#primaryimage","url":"https:\/\/lechienblanc.com\/wp-content\/uploads\/2025\/08\/1000005365.png","contentUrl":"https:\/\/lechienblanc.com\/wp-content\/uploads\/2025\/08\/1000005365.png","width":1920,"height":2560,"caption":"Harnais pour chien ATLAS fait au Qu\u00e9bec harness for dog made in canada"},{"@type":"BreadcrumbList","@id":"https:\/\/lechienblanc.com\/produit\/harnais-atlas-edition-limitee\/#breadcrumb","itemListElement":[{"@type":"ListItem","position":1,"name":"Accueil","item":"https:\/\/lechienblanc.com\/"},{"@type":"ListItem","position":2,"name":"BOUTIQUE","item":"https:\/\/lechienblanc.com\/"},{"@type":"ListItem","position":3,"name":"Harnais ATLAS \u00c9dition Limit\u00e9e"}]},{"@type":"WebSite","@id":"https:\/\/lechienblanc.com\/#website","url":"https:\/\/lechienblanc.com\/","name":"Le Chien Blanc","description":"Accessoires pour chiens","publisher":{"@id":"https:\/\/lechienblanc.com\/#organization"},"potentialAction":[{"@type":"SearchAction","target":{"@type":"EntryPoint","urlTemplate":"https:\/\/lechienblanc.com\/?s={search_term_string}"},"query-input":{"@type":"PropertyValueSpecification","valueRequired":true,"valueName":"search_term_string"}}],"inLanguage":"en-US"},{"@type":"Organization","@id":"https:\/\/lechienblanc.com\/#organization","name":"Le Chien Blanc","url":"https:\/\/lechienblanc.com\/","logo":{"@type":"ImageObject","inLanguage":"en-US","@id":"https:\/\/lechienblanc.com\/#\/schema\/logo\/image\/","url":"http:\/\/lechienblanc.com\/wp-content\/uploads\/2019\/09\/LogoHeaderLCB.png","contentUrl":"http:\/\/lechienblanc.com\/wp-content\/uploads\/2019\/09\/LogoHeaderLCB.png","width":366,"height":286,"caption":"Le Chien Blanc"},"image":{"@id":"https:\/\/lechienblanc.com\/#\/schema\/logo\/image\/"},"sameAs":["https:\/\/www.facebook.com\/golechienblanc","https:\/\/www.instagram.com\/golechienblanc\/"]}]}},"_links":{"self":[{"href":"https:\/\/lechienblanc.com\/en\/wp-json\/wp\/v2\/product\/14460","targetHints":{"allow":["GET"]}}],"collection":[{"href":"https:\/\/lechienblanc.com\/en\/wp-json\/wp\/v2\/product"}],"about":[{"href":"https:\/\/lechienblanc.com\/en\/wp-json\/wp\/v2\/types\/product"}],"wp:featuredmedia":[{"embeddable":true,"href":"https:\/\/lechienblanc.com\/en\/wp-json\/wp\/v2\/media\/14576"}],"wp:attachment":[{"href":"https:\/\/lechienblanc.com\/en\/wp-json\/wp\/v2\/media?parent=14460"}],"wp:term":[{"taxonomy":"product_brand","embeddable":true,"href":"https:\/\/lechienblanc.com\/en\/wp-json\/wp\/v2\/product_brand?post=14460"},{"taxonomy":"product_cat","embeddable":true,"href":"https:\/\/lechienblanc.com\/en\/wp-json\/wp\/v2\/product_cat?post=14460"},{"taxonomy":"product_tag","embeddable":true,"href":"https:\/\/lechienblanc.com\/en\/wp-json\/wp\/v2\/product_tag?post=14460"}],"curies":[{"name":"wp","href":"https:\/\/api.w.org\/{rel}","templated":true}]}}