{"id":1339,"date":"2019-01-16T10:44:52","date_gmt":"2019-01-16T15:44:52","guid":{"rendered":"http:\/\/lechienblanc.com\/?post_type=product&#038;p=1339"},"modified":"2024-12-17T22:52:34","modified_gmt":"2024-12-18T03:52:34","slug":"ceinture-ultimate","status":"publish","type":"product","link":"https:\/\/lechienblanc.com\/en\/product\/ceinture-ultimate\/","title":{"rendered":"ULTIMATE BELT"},"content":{"rendered":"<p>[et_pb_section fb_built=\u00a0\u00bb1&Prime; _builder_version=\u00a0\u00bb4.27.4&Prime; custom_padding=\u00a0\u00bb55px||55px||true|false\u00a0\u00bb hover_enabled=\u00a0\u00bb0&Prime; global_colors_info=\u00a0\u00bb{}\u00a0\u00bb custom_padding_last_edited=\u00a0\u00bbon|phone\u00a0\u00bb sticky_enabled=\u00a0\u00bb0&Prime; custom_padding_phone=\u00a0\u00bb15px||15px||true|false\u00a0\u00bb custom_padding_tablet=\u00a0\u00bb55px||55px||true|false\u00a0\u00bb][et_pb_row _builder_version=\u00a0\u00bb4.16&Prime; background_size=\u00a0\u00bbinitial\u00a0\u00bb background_position=\u00a0\u00bbtop_left\u00a0\u00bb background_repeat=\u00a0\u00bbrepeat\u00a0\u00bb width=\u00a0\u00bb100%\u00a0\u00bb custom_padding=\u00a0\u00bb0px||0px||false|false\u00a0\u00bb global_colors_info=\u00a0\u00bb{}\u00a0\u00bb][et_pb_column type=\u00a0\u00bb4_4&Prime; _builder_version=\u00a0\u00bb4.16&Prime; custom_padding=\u00a0\u00bb|||\u00a0\u00bb global_colors_info=\u00a0\u00bb{}\u00a0\u00bb custom_padding__hover=\u00a0\u00bb|||\u00a0\u00bb][et_pb_wc_cart_notice _builder_version=\u00a0\u00bb4.27.4&Prime; hover_enabled=\u00a0\u00bb0&Prime; global_colors_info=\u00a0\u00bb{}\u00a0\u00bb custom_margin=\u00a0\u00bb10px|0em|10px|0em|true|false\u00a0\u00bb custom_padding=\u00a0\u00bb10px|15px|10px|15px|true|false\u00a0\u00bb sticky_enabled=\u00a0\u00bb0&Prime;][\/et_pb_wc_cart_notice][\/et_pb_column][\/et_pb_row][et_pb_row column_structure=\u00a0\u00bb2_5,3_5&Prime; _builder_version=\u00a0\u00bb4.16&Prime; background_size=\u00a0\u00bbinitial\u00a0\u00bb background_position=\u00a0\u00bbtop_left\u00a0\u00bb background_repeat=\u00a0\u00bbrepeat\u00a0\u00bb width=\u00a0\u00bb100%\u00a0\u00bb custom_padding=\u00a0\u00bb0px||10px||false|false\u00a0\u00bb global_colors_info=\u00a0\u00bb{}\u00a0\u00bb][et_pb_column type=\u00a0\u00bb2_5&Prime; _builder_version=\u00a0\u00bb4.16&Prime; custom_padding=\u00a0\u00bb|||\u00a0\u00bb global_colors_info=\u00a0\u00bb{}\u00a0\u00bb custom_padding__hover=\u00a0\u00bb|||\u00a0\u00bb][et_pb_wc_images _builder_version=\u00a0\u00bb4.16&Prime; global_colors_info=\u00a0\u00bb{}\u00a0\u00bb][\/et_pb_wc_images][\/et_pb_column][et_pb_column type=\u00a0\u00bb3_5&Prime; _builder_version=\u00a0\u00bb4.16&Prime; custom_padding=\u00a0\u00bb|||\u00a0\u00bb global_colors_info=\u00a0\u00bb{}\u00a0\u00bb custom_padding__hover=\u00a0\u00bb|||\u00a0\u00bb][et_pb_wc_title _builder_version=\u00a0\u00bb4.27.4&Prime; header_font=\u00a0\u00bb|600|||||||\u00a0\u00bb header_font_size=\u00a0\u00bb34px\u00a0\u00bb hover_enabled=\u00a0\u00bb0&Prime; global_colors_info=\u00a0\u00bb{}\u00a0\u00bb custom_margin_last_edited=\u00a0\u00bbon|phone\u00a0\u00bb custom_margin=\u00a0\u00bb-6px||22px||false|false\u00a0\u00bb sticky_enabled=\u00a0\u00bb0&Prime; custom_margin_phone=\u00a0\u00bb-32px||||false|false\u00a0\u00bb custom_margin_tablet=\u00a0\u00bb-6px||22px||false|false\u00a0\u00bb][\/et_pb_wc_title][et_pb_text _builder_version=\u00a0\u00bb4.27.4&Prime; _module_preset=\u00a0\u00bbdefault\u00a0\u00bb custom_margin=\u00a0\u00bb||32px|||\u00a0\u00bb hover_enabled=\u00a0\u00bb0&Prime; global_colors_info=\u00a0\u00bb{}\u00a0\u00bb sticky_enabled=\u00a0\u00bb0&Prime;]<\/p>\n<h3>La CEINTURE ULTIMATE peut \u00eatre utilis\u00e9e autant en SIMPLE TRACTION qu\u2019en DOUBLE TRACTION.<\/h3>\n<p>La CEINTURE ULTIMATE est parfaite pour toutes les activit\u00e9s ext\u00e9rieures :<\/p>\n<ul>\n<li>La marche<\/li>\n<li>La canirando<\/li>\n<li>Le canicross<\/li>\n<li>Le cardio canin<\/li>\n<li>La caniraquette<\/li>\n<li>Le skijoring<\/li>\n<\/ul>\n<p>Elle est \u00e9galement ador\u00e9e des promeneurs de chiens.<\/p>\n<p>La CEINTURE ULTIMATE est munie de 2 pochettes de rangement, d\u2019une ouverture pour ins\u00e9rer des sacs de ramassage ou des \u00e9couteurs, d\u2019un porte-bouteille et de 2 anneaux. Elle est ajustable, confortable et permet d\u2019avoir les mains compl\u00e8tement libres.<\/p>\n<h3>FI\u00c8REMENT CON\u00c7UE ET FABRIQU\u00c9E AU QU\u00c9BEC<\/h3>\n<p>&nbsp;<\/p>\n<p><strong>UNE SEULE GRANDEUR OFFERTE: TAILLE DE 0 \u00c0 54 PO<\/strong><\/p>\n<p><strong>COULEUR: NOIR<\/strong><\/p>\n<p>[\/et_pb_text][et_pb_wc_price _builder_version=\u00a0\u00bb4.16&Prime; custom_margin=\u00a0\u00bb||32px|||\u00a0\u00bb global_colors_info=\u00a0\u00bb{}\u00a0\u00bb][\/et_pb_wc_price][et_pb_wc_add_to_cart _builder_version=\u00a0\u00bb4.16&Prime; global_colors_info=\u00a0\u00bb{}\u00a0\u00bb custom_margin=\u00a0\u00bb||32px|||\u00a0\u00bb][\/et_pb_wc_add_to_cart][et_pb_text _builder_version=\u00a0\u00bb4.16&Prime; _module_preset=\u00a0\u00bbdefault\u00a0\u00bb global_colors_info=\u00a0\u00bb{}\u00a0\u00bb]<\/p>\n<p><img decoding=\"async\" loading=\"lazy\" class=\"alignnone wp-image-1887\" src=\"http:\/\/lechienblanc.com\/wp-content\/uploads\/2019\/08\/DESIGN%C3%89-TEST%C3%89-AU-CANADA-300x300.jpg\" alt=\"\" width=\"119\" height=\"119\" srcset=\"http:\/\/lechienblanc.com\/wp-content\/uploads\/2019\/08\/DESIGN\u00c9-TEST\u00c9-AU-CANADA-300x300.jpg 300w, http:\/\/lechienblanc.com\/wp-content\/uploads\/2019\/08\/DESIGN\u00c9-TEST\u00c9-AU-CANADA-150x150.jpg 150w, http:\/\/lechienblanc.com\/wp-content\/uploads\/2019\/08\/DESIGN\u00c9-TEST\u00c9-AU-CANADA-480x480.jpg 480w, http:\/\/lechienblanc.com\/wp-content\/uploads\/2019\/08\/DESIGN\u00c9-TEST\u00c9-AU-CANADA-400x400.jpg 400w, http:\/\/lechienblanc.com\/wp-content\/uploads\/2019\/08\/DESIGN\u00c9-TEST\u00c9-AU-CANADA-510x510.jpg 510w, http:\/\/lechienblanc.com\/wp-content\/uploads\/2019\/08\/DESIGN\u00c9-TEST\u00c9-AU-CANADA-100x100.jpg 100w, http:\/\/lechienblanc.com\/wp-content\/uploads\/2019\/08\/DESIGN\u00c9-TEST\u00c9-AU-CANADA.jpg 600w\" sizes=\"(max-width: 119px) 100vw, 119px\" \/><\/p>\n<p>[\/et_pb_text][\/et_pb_column][\/et_pb_row][et_pb_row _builder_version=\u00a0\u00bb4.16&Prime; background_size=\u00a0\u00bbinitial\u00a0\u00bb background_position=\u00a0\u00bbtop_left\u00a0\u00bb background_repeat=\u00a0\u00bbrepeat\u00a0\u00bb width=\u00a0\u00bb100%\u00a0\u00bb custom_padding=\u00a0\u00bb||8px|||\u00a0\u00bb global_colors_info=\u00a0\u00bb{}\u00a0\u00bb][et_pb_column type=\u00a0\u00bb4_4&Prime; _builder_version=\u00a0\u00bb4.16&Prime; custom_padding=\u00a0\u00bb|||\u00a0\u00bb global_colors_info=\u00a0\u00bb{}\u00a0\u00bb custom_padding__hover=\u00a0\u00bb|||\u00a0\u00bb][et_pb_wc_upsells _builder_version=\u00a0\u00bb4.16&Prime; custom_margin=\u00a0\u00bb||9px|||\u00a0\u00bb global_colors_info=\u00a0\u00bb{}\u00a0\u00bb][\/et_pb_wc_upsells][et_pb_wc_related_products posts_number=\u00a0\u00bb4&Prime; columns_number=\u00a0\u00bb4&Prime; include_categories=\u00a0\u00bbcurrent\u00a0\u00bb hover_icon=\u00a0\u00bb&#x35;||divi||400&Prime; _builder_version=\u00a0\u00bb4.27.2&Prime; custom_margin=\u00a0\u00bb||5px|||\u00a0\u00bb custom_padding=\u00a0\u00bb||2px|||\u00a0\u00bb global_module=\u00a0\u00bb7238&Prime; saved_tabs=\u00a0\u00bball\u00a0\u00bb locked=\u00a0\u00bboff\u00a0\u00bb global_colors_info=\u00a0\u00bb{}\u00a0\u00bb][\/et_pb_wc_related_products][\/et_pb_column][\/et_pb_row][\/et_pb_section]<\/p>\n","protected":false},"excerpt":{"rendered":"<p>La CEINTURE ULTIMATE peut \u00eatre utilis\u00e9e autant en SIMPLE TRACTION qu\u2019en DOUBLE TRACTION. La CEINTURE ULTIMATE est parfaite pour toutes les activit\u00e9s ext\u00e9rieures : La marche La canirando Le canicross Le cardio canin La caniraquette Le skijoring Elle est \u00e9galement ador\u00e9e des promeneurs de chiens. La CEINTURE ULTIMATE est munie de 2 pochettes de rangement, [&hellip;]<\/p>\n","protected":false},"featured_media":5978,"template":"","meta":{"_et_pb_use_builder":"on","_et_pb_old_content":"","_et_gb_content_width":""},"product_brand":[],"product_cat":[66,55,56,65],"product_tag":[],"class_list":{"0":"post-1339","1":"product","2":"type-product","3":"status-publish","4":"has-post-thumbnail","6":"product_cat-ceintures","7":"product_cat-marche","8":"product_cat-randonnee","9":"product_cat-sports-atteles","11":"first","12":"instock","13":"taxable","14":"shipping-taxable","15":"purchasable","16":"product-type-simple"},"yoast_head":"<!-- This site is optimized with the Yoast SEO plugin v27.3 - https:\/\/yoast.com\/product\/yoast-seo-wordpress\/ -->\n<title>CEINTURE ULTIMATE - Le Chien Blanc<\/title>\n<meta name=\"description\" content=\"La CEINTURE ULTIMATE peut \u00eatre utilis\u00e9e autant en SIMPLE TRACTION qu\u2019en DOUBLE TRACTION.\" \/>\n<meta name=\"robots\" content=\"index, follow, max-snippet:-1, max-image-preview:large, max-video-preview:-1\" \/>\n<link rel=\"canonical\" href=\"https:\/\/lechienblanc.com\/en\/product\/ceinture-ultimate\/\" \/>\n<meta property=\"og:locale\" content=\"en_US\" \/>\n<meta property=\"og:type\" content=\"article\" \/>\n<meta property=\"og:title\" content=\"CEINTURE ULTIMATE - Le Chien Blanc\" \/>\n<meta property=\"og:description\" content=\"La CEINTURE ULTIMATE peut \u00eatre utilis\u00e9e autant en SIMPLE TRACTION qu\u2019en DOUBLE TRACTION.\" \/>\n<meta property=\"og:url\" content=\"https:\/\/lechienblanc.com\/en\/product\/ceinture-ultimate\/\" \/>\n<meta property=\"og:site_name\" content=\"Le Chien Blanc\" \/>\n<meta property=\"article:publisher\" content=\"https:\/\/www.facebook.com\/golechienblanc\" \/>\n<meta property=\"article:modified_time\" content=\"2024-12-18T03:52:34+00:00\" \/>\n<meta property=\"og:image\" content=\"http:\/\/lechienblanc.com\/wp-content\/uploads\/2019\/01\/PXL_20220201_140646872-01-scaled.jpeg\" \/>\n\t<meta property=\"og:image:width\" content=\"2560\" \/>\n\t<meta property=\"og:image:height\" content=\"1920\" \/>\n\t<meta property=\"og:image:type\" content=\"image\/jpeg\" \/>\n<script type=\"application\/ld+json\" class=\"yoast-schema-graph\">{\"@context\":\"https:\\\/\\\/schema.org\",\"@graph\":[{\"@type\":\"WebPage\",\"@id\":\"https:\\\/\\\/lechienblanc.com\\\/produit\\\/ceinture-ultimate\\\/\",\"url\":\"https:\\\/\\\/lechienblanc.com\\\/produit\\\/ceinture-ultimate\\\/\",\"name\":\"CEINTURE ULTIMATE - Le Chien Blanc\",\"isPartOf\":{\"@id\":\"https:\\\/\\\/lechienblanc.com\\\/#website\"},\"primaryImageOfPage\":{\"@id\":\"https:\\\/\\\/lechienblanc.com\\\/produit\\\/ceinture-ultimate\\\/#primaryimage\"},\"image\":{\"@id\":\"https:\\\/\\\/lechienblanc.com\\\/produit\\\/ceinture-ultimate\\\/#primaryimage\"},\"thumbnailUrl\":\"https:\\\/\\\/lechienblanc.com\\\/wp-content\\\/uploads\\\/2019\\\/01\\\/PXL_20220201_140646872-01-scaled.jpeg\",\"datePublished\":\"2019-01-16T15:44:52+00:00\",\"dateModified\":\"2024-12-18T03:52:34+00:00\",\"description\":\"La CEINTURE ULTIMATE peut \u00eatre utilis\u00e9e autant en SIMPLE TRACTION qu\u2019en DOUBLE TRACTION.\",\"breadcrumb\":{\"@id\":\"https:\\\/\\\/lechienblanc.com\\\/produit\\\/ceinture-ultimate\\\/#breadcrumb\"},\"inLanguage\":\"en-US\",\"potentialAction\":[{\"@type\":\"ReadAction\",\"target\":[\"https:\\\/\\\/lechienblanc.com\\\/produit\\\/ceinture-ultimate\\\/\"]}]},{\"@type\":\"ImageObject\",\"inLanguage\":\"en-US\",\"@id\":\"https:\\\/\\\/lechienblanc.com\\\/produit\\\/ceinture-ultimate\\\/#primaryimage\",\"url\":\"https:\\\/\\\/lechienblanc.com\\\/wp-content\\\/uploads\\\/2019\\\/01\\\/PXL_20220201_140646872-01-scaled.jpeg\",\"contentUrl\":\"https:\\\/\\\/lechienblanc.com\\\/wp-content\\\/uploads\\\/2019\\\/01\\\/PXL_20220201_140646872-01-scaled.jpeg\",\"width\":2560,\"height\":1920},{\"@type\":\"BreadcrumbList\",\"@id\":\"https:\\\/\\\/lechienblanc.com\\\/produit\\\/ceinture-ultimate\\\/#breadcrumb\",\"itemListElement\":[{\"@type\":\"ListItem\",\"position\":1,\"name\":\"Accueil\",\"item\":\"https:\\\/\\\/lechienblanc.com\\\/\"},{\"@type\":\"ListItem\",\"position\":2,\"name\":\"BOUTIQUE\",\"item\":\"https:\\\/\\\/lechienblanc.com\\\/\"},{\"@type\":\"ListItem\",\"position\":3,\"name\":\"CEINTURE ULTIMATE\"}]},{\"@type\":\"WebSite\",\"@id\":\"https:\\\/\\\/lechienblanc.com\\\/#website\",\"url\":\"https:\\\/\\\/lechienblanc.com\\\/\",\"name\":\"Le Chien Blanc\",\"description\":\"Accessoires pour chiens\",\"publisher\":{\"@id\":\"https:\\\/\\\/lechienblanc.com\\\/#organization\"},\"potentialAction\":[{\"@type\":\"SearchAction\",\"target\":{\"@type\":\"EntryPoint\",\"urlTemplate\":\"https:\\\/\\\/lechienblanc.com\\\/?s={search_term_string}\"},\"query-input\":{\"@type\":\"PropertyValueSpecification\",\"valueRequired\":true,\"valueName\":\"search_term_string\"}}],\"inLanguage\":\"en-US\"},{\"@type\":\"Organization\",\"@id\":\"https:\\\/\\\/lechienblanc.com\\\/#organization\",\"name\":\"Le Chien Blanc\",\"url\":\"https:\\\/\\\/lechienblanc.com\\\/\",\"logo\":{\"@type\":\"ImageObject\",\"inLanguage\":\"en-US\",\"@id\":\"https:\\\/\\\/lechienblanc.com\\\/#\\\/schema\\\/logo\\\/image\\\/\",\"url\":\"http:\\\/\\\/lechienblanc.com\\\/wp-content\\\/uploads\\\/2019\\\/09\\\/LogoHeaderLCB.png\",\"contentUrl\":\"http:\\\/\\\/lechienblanc.com\\\/wp-content\\\/uploads\\\/2019\\\/09\\\/LogoHeaderLCB.png\",\"width\":366,\"height\":286,\"caption\":\"Le Chien Blanc\"},\"image\":{\"@id\":\"https:\\\/\\\/lechienblanc.com\\\/#\\\/schema\\\/logo\\\/image\\\/\"},\"sameAs\":[\"https:\\\/\\\/www.facebook.com\\\/golechienblanc\",\"https:\\\/\\\/www.instagram.com\\\/golechienblanc\\\/\"]}]}<\/script>\n<!-- \/ Yoast SEO plugin. -->","yoast_head_json":{"title":"CEINTURE ULTIMATE - Le Chien Blanc","description":"The ULTIMATE BELT can be used for both SINGLE TRACTION and DOUBLE TRACTION.","robots":{"index":"index","follow":"follow","max-snippet":"max-snippet:-1","max-image-preview":"max-image-preview:large","max-video-preview":"max-video-preview:-1"},"canonical":"https:\/\/lechienblanc.com\/en\/product\/ceinture-ultimate\/","og_locale":"en_US","og_type":"article","og_title":"CEINTURE ULTIMATE - Le Chien Blanc","og_description":"La CEINTURE ULTIMATE peut \u00eatre utilis\u00e9e autant en SIMPLE TRACTION qu\u2019en DOUBLE TRACTION.","og_url":"https:\/\/lechienblanc.com\/en\/product\/ceinture-ultimate\/","og_site_name":"Le Chien Blanc","article_publisher":"https:\/\/www.facebook.com\/golechienblanc","article_modified_time":"2024-12-18T03:52:34+00:00","og_image":[{"width":2560,"height":1920,"url":"http:\/\/lechienblanc.com\/wp-content\/uploads\/2019\/01\/PXL_20220201_140646872-01-scaled.jpeg","type":"image\/jpeg"}],"schema":{"@context":"https:\/\/schema.org","@graph":[{"@type":"WebPage","@id":"https:\/\/lechienblanc.com\/produit\/ceinture-ultimate\/","url":"https:\/\/lechienblanc.com\/produit\/ceinture-ultimate\/","name":"CEINTURE ULTIMATE - Le Chien Blanc","isPartOf":{"@id":"https:\/\/lechienblanc.com\/#website"},"primaryImageOfPage":{"@id":"https:\/\/lechienblanc.com\/produit\/ceinture-ultimate\/#primaryimage"},"image":{"@id":"https:\/\/lechienblanc.com\/produit\/ceinture-ultimate\/#primaryimage"},"thumbnailUrl":"https:\/\/lechienblanc.com\/wp-content\/uploads\/2019\/01\/PXL_20220201_140646872-01-scaled.jpeg","datePublished":"2019-01-16T15:44:52+00:00","dateModified":"2024-12-18T03:52:34+00:00","description":"The ULTIMATE BELT can be used for both SINGLE TRACTION and DOUBLE TRACTION.","breadcrumb":{"@id":"https:\/\/lechienblanc.com\/produit\/ceinture-ultimate\/#breadcrumb"},"inLanguage":"en-US","potentialAction":[{"@type":"ReadAction","target":["https:\/\/lechienblanc.com\/produit\/ceinture-ultimate\/"]}]},{"@type":"ImageObject","inLanguage":"en-US","@id":"https:\/\/lechienblanc.com\/produit\/ceinture-ultimate\/#primaryimage","url":"https:\/\/lechienblanc.com\/wp-content\/uploads\/2019\/01\/PXL_20220201_140646872-01-scaled.jpeg","contentUrl":"https:\/\/lechienblanc.com\/wp-content\/uploads\/2019\/01\/PXL_20220201_140646872-01-scaled.jpeg","width":2560,"height":1920},{"@type":"BreadcrumbList","@id":"https:\/\/lechienblanc.com\/produit\/ceinture-ultimate\/#breadcrumb","itemListElement":[{"@type":"ListItem","position":1,"name":"Accueil","item":"https:\/\/lechienblanc.com\/"},{"@type":"ListItem","position":2,"name":"BOUTIQUE","item":"https:\/\/lechienblanc.com\/"},{"@type":"ListItem","position":3,"name":"CEINTURE ULTIMATE"}]},{"@type":"WebSite","@id":"https:\/\/lechienblanc.com\/#website","url":"https:\/\/lechienblanc.com\/","name":"Le Chien Blanc","description":"Accessoires pour chiens","publisher":{"@id":"https:\/\/lechienblanc.com\/#organization"},"potentialAction":[{"@type":"SearchAction","target":{"@type":"EntryPoint","urlTemplate":"https:\/\/lechienblanc.com\/?s={search_term_string}"},"query-input":{"@type":"PropertyValueSpecification","valueRequired":true,"valueName":"search_term_string"}}],"inLanguage":"en-US"},{"@type":"Organization","@id":"https:\/\/lechienblanc.com\/#organization","name":"Le Chien Blanc","url":"https:\/\/lechienblanc.com\/","logo":{"@type":"ImageObject","inLanguage":"en-US","@id":"https:\/\/lechienblanc.com\/#\/schema\/logo\/image\/","url":"http:\/\/lechienblanc.com\/wp-content\/uploads\/2019\/09\/LogoHeaderLCB.png","contentUrl":"http:\/\/lechienblanc.com\/wp-content\/uploads\/2019\/09\/LogoHeaderLCB.png","width":366,"height":286,"caption":"Le Chien Blanc"},"image":{"@id":"https:\/\/lechienblanc.com\/#\/schema\/logo\/image\/"},"sameAs":["https:\/\/www.facebook.com\/golechienblanc","https:\/\/www.instagram.com\/golechienblanc\/"]}]}},"_links":{"self":[{"href":"https:\/\/lechienblanc.com\/en\/wp-json\/wp\/v2\/product\/1339","targetHints":{"allow":["GET"]}}],"collection":[{"href":"https:\/\/lechienblanc.com\/en\/wp-json\/wp\/v2\/product"}],"about":[{"href":"https:\/\/lechienblanc.com\/en\/wp-json\/wp\/v2\/types\/product"}],"wp:featuredmedia":[{"embeddable":true,"href":"https:\/\/lechienblanc.com\/en\/wp-json\/wp\/v2\/media\/5978"}],"wp:attachment":[{"href":"https:\/\/lechienblanc.com\/en\/wp-json\/wp\/v2\/media?parent=1339"}],"wp:term":[{"taxonomy":"product_brand","embeddable":true,"href":"https:\/\/lechienblanc.com\/en\/wp-json\/wp\/v2\/product_brand?post=1339"},{"taxonomy":"product_cat","embeddable":true,"href":"https:\/\/lechienblanc.com\/en\/wp-json\/wp\/v2\/product_cat?post=1339"},{"taxonomy":"product_tag","embeddable":true,"href":"https:\/\/lechienblanc.com\/en\/wp-json\/wp\/v2\/product_tag?post=1339"}],"curies":[{"name":"wp","href":"https:\/\/api.w.org\/{rel}","templated":true}]}}