{"id":12276,"date":"2024-11-22T10:03:46","date_gmt":"2024-11-22T15:03:46","guid":{"rendered":"https:\/\/lechienblanc.com\/?post_type=product&#038;p=12276"},"modified":"2024-12-17T00:38:02","modified_gmt":"2024-12-17T05:38:02","slug":"veste-dentrainement","status":"publish","type":"product","link":"https:\/\/lechienblanc.com\/en\/product\/veste-dentrainement\/","title":{"rendered":"TRAINING VEST"},"content":{"rendered":"<p>[et_pb_section fb_built=\u00a0\u00bb1&Prime; custom_padding_last_edited=\u00a0\u00bbon|phone\u00a0\u00bb _builder_version=\u00a0\u00bb4.27.4&Prime; custom_padding=\u00a0\u00bb55px||55px||true|false\u00a0\u00bb custom_padding_tablet=\u00a0\u00bb55px||55px||true|false\u00a0\u00bb custom_padding_phone=\u00a0\u00bb15px||15px||true|false\u00a0\u00bb global_colors_info=\u00a0\u00bb{}\u00a0\u00bb][et_pb_row _builder_version=\u00a0\u00bb4.16&Prime; background_size=\u00a0\u00bbinitial\u00a0\u00bb background_position=\u00a0\u00bbtop_left\u00a0\u00bb background_repeat=\u00a0\u00bbrepeat\u00a0\u00bb width=\u00a0\u00bb100%\u00a0\u00bb custom_padding=\u00a0\u00bb0px||0px||false|false\u00a0\u00bb global_colors_info=\u00a0\u00bb{}\u00a0\u00bb][et_pb_column type=\u00a0\u00bb4_4&Prime; _builder_version=\u00a0\u00bb4.16&Prime; custom_padding=\u00a0\u00bb|||\u00a0\u00bb global_colors_info=\u00a0\u00bb{}\u00a0\u00bb custom_padding__hover=\u00a0\u00bb|||\u00a0\u00bb][et_pb_wc_cart_notice _builder_version=\u00a0\u00bb4.27.4&Prime; custom_margin=\u00a0\u00bb10px|0em|10px|0em|true|false\u00a0\u00bb custom_padding=\u00a0\u00bb10px|15px|10px|15px|true|false\u00a0\u00bb global_colors_info=\u00a0\u00bb{}\u00a0\u00bb][\/et_pb_wc_cart_notice][\/et_pb_column][\/et_pb_row][et_pb_row column_structure=\u00a0\u00bb2_5,3_5&Prime; _builder_version=\u00a0\u00bb4.16&Prime; background_size=\u00a0\u00bbinitial\u00a0\u00bb background_position=\u00a0\u00bbtop_left\u00a0\u00bb background_repeat=\u00a0\u00bbrepeat\u00a0\u00bb width=\u00a0\u00bb100%\u00a0\u00bb custom_padding=\u00a0\u00bb0px||||false|false\u00a0\u00bb global_colors_info=\u00a0\u00bb{}\u00a0\u00bb][et_pb_column type=\u00a0\u00bb2_5&Prime; _builder_version=\u00a0\u00bb4.16&Prime; custom_padding=\u00a0\u00bb|||\u00a0\u00bb global_colors_info=\u00a0\u00bb{}\u00a0\u00bb custom_padding__hover=\u00a0\u00bb|||\u00a0\u00bb][et_pb_wc_images _builder_version=\u00a0\u00bb4.16&Prime; global_colors_info=\u00a0\u00bb{}\u00a0\u00bb][\/et_pb_wc_images][\/et_pb_column][et_pb_column type=\u00a0\u00bb3_5&Prime; _builder_version=\u00a0\u00bb4.16&Prime; custom_padding=\u00a0\u00bb|||\u00a0\u00bb global_colors_info=\u00a0\u00bb{}\u00a0\u00bb custom_padding__hover=\u00a0\u00bb|||\u00a0\u00bb][et_pb_wc_title _builder_version=\u00a0\u00bb4.27.4&Prime; header_font=\u00a0\u00bb|600|||||||\u00a0\u00bb header_font_size=\u00a0\u00bb34px\u00a0\u00bb custom_margin=\u00a0\u00bb-6px||22px||false|false\u00a0\u00bb custom_margin_tablet=\u00a0\u00bb-6px||22px||false|false\u00a0\u00bb custom_margin_phone=\u00a0\u00bb-32px||||false|false\u00a0\u00bb custom_margin_last_edited=\u00a0\u00bbon|phone\u00a0\u00bb global_colors_info=\u00a0\u00bb{}\u00a0\u00bb][\/et_pb_wc_title][et_pb_text _builder_version=\u00a0\u00bb4.27.3&Prime; _module_preset=\u00a0\u00bbdefault\u00a0\u00bb custom_margin=\u00a0\u00bb||32px|||\u00a0\u00bb global_colors_info=\u00a0\u00bb{}\u00a0\u00bb]<\/p>\n<h3>Veste d&rsquo;Ob\u00e9issance Ultra L\u00e9g\u00e8re<\/h3>\n<h3><\/h3>\n<p><em>D\u00e9couvrez la veste d&rsquo;entra\u00eenement la plus l\u00e9g\u00e8re au monde, con\u00e7ue pour les comp\u00e9titions n\u00e9cessitant des poches ferm\u00e9es. La veste d&rsquo;ob\u00e9issance est \u00e9quip\u00e9e de:<\/em><\/p>\n<ul>\n<li>\n<h3>Grande poche tunnel arri\u00e8re: Spacieuse pour accueillir grands jouets ou dummies, avec une profondeur suffisante pour \u00e9viter les chutes accidentelles.<\/h3>\n<\/li>\n<li>\n<h3>Les ouvertures inclin\u00e9es facilitent l&rsquo;acc\u00e8s, m\u00eame pour un frisbee.<\/h3>\n<\/li>\n<li>\n<h3>Quatre poches avant spacieuses: Profondes, elles vous permettent de transporter des friandises limitant le risque de les perdre en vous baissant. <span>\u00a0<\/span>Elles s&rsquo;ouvrent par le haut pour un acc\u00e8s facile et s\u00e9curis\u00e9.<\/h3>\n<\/li>\n<li>\n<h3>Poche de poitrine pratique: Id\u00e9ale pour ranger votre t\u00e9l\u00e9phone, vos cl\u00e9s ou d&rsquo;autres petits objets, avec deux grandes ouvertures pour une meilleure respirabilit\u00e9.<\/h3>\n<\/li>\n<li>\n<h3>Boucles Multifonctionnelles: Parfaites pour attacher votre longe, laisse, marqueurs de suivi ou clicker lorsque non utilis\u00e9es.<\/h3>\n<\/li>\n<\/ul>\n<p>&nbsp;<\/p>\n<p>Con\u00e7ue pour le confort, cette veste utilise des mat\u00e9riaux l\u00e9gers et durables, offrant protection contre les intemp\u00e9ries et un excellent ajustement. Le mesh ventil\u00e9 sur les c\u00f4t\u00e9s assure une respirabilit\u00e9 optimale lors des journ\u00e9es chaudes ou des activit\u00e9s intenses. La veste est ajustable \u00e0 la taille et \u00e0 l&rsquo;ourlet pour un fit personnalis\u00e9.<\/p>\n<p>Le zip \u00e0 double sens \u00e0 l&rsquo;avant permet une ventilation facile, notamment avec une ceinture. La capuche est d\u00e9tachable pour plus de commodit\u00e9.<\/p>\n<h3>Disponible en tailles XS \u00e0 XL, dans un \u00e9l\u00e9gant noir, la veste d&rsquo;ob\u00e9issance unisexe est le choix parfait pour les entra\u00eeneurs soucieux de confort et de fonctionnalit\u00e9.\u00a0<\/h3>\n<p><strong>Design exclusif con\u00e7u au Qu\u00e9bec, manufactur\u00e9 en Chine<\/strong><\/p>\n<p>[\/et_pb_text][et_pb_wc_price _builder_version=\u00a0\u00bb4.16&Prime; custom_margin=\u00a0\u00bb||32px|||\u00a0\u00bb global_colors_info=\u00a0\u00bb{}\u00a0\u00bb][\/et_pb_wc_price][et_pb_wc_add_to_cart _builder_version=\u00a0\u00bb4.16&Prime; global_colors_info=\u00a0\u00bb{}\u00a0\u00bb][\/et_pb_wc_add_to_cart][\/et_pb_column][\/et_pb_row][et_pb_row _builder_version=\u00a0\u00bb4.16&Prime; background_size=\u00a0\u00bbinitial\u00a0\u00bb background_position=\u00a0\u00bbtop_left\u00a0\u00bb background_repeat=\u00a0\u00bbrepeat\u00a0\u00bb width=\u00a0\u00bb100%\u00a0\u00bb custom_padding=\u00a0\u00bb||7px|||\u00a0\u00bb global_colors_info=\u00a0\u00bb{}\u00a0\u00bb][et_pb_column type=\u00a0\u00bb4_4&Prime; _builder_version=\u00a0\u00bb4.16&Prime; custom_padding=\u00a0\u00bb|||\u00a0\u00bb global_colors_info=\u00a0\u00bb{}\u00a0\u00bb custom_padding__hover=\u00a0\u00bb|||\u00a0\u00bb][et_pb_wc_upsells _builder_version=\u00a0\u00bb4.16&Prime; custom_margin=\u00a0\u00bb||13px|||\u00a0\u00bb global_colors_info=\u00a0\u00bb{}\u00a0\u00bb][\/et_pb_wc_upsells][et_pb_wc_related_products posts_number=\u00a0\u00bb4&Prime; columns_number=\u00a0\u00bb4&Prime; include_categories=\u00a0\u00bbcurrent\u00a0\u00bb hover_icon=\u00a0\u00bb&#x35;||divi||400&Prime; _builder_version=\u00a0\u00bb4.27.2&Prime; custom_margin=\u00a0\u00bb||5px|||\u00a0\u00bb custom_padding=\u00a0\u00bb||2px|||\u00a0\u00bb global_module=\u00a0\u00bb7238&Prime; saved_tabs=\u00a0\u00bball\u00a0\u00bb locked=\u00a0\u00bboff\u00a0\u00bb global_colors_info=\u00a0\u00bb{}\u00a0\u00bb][\/et_pb_wc_related_products][\/et_pb_column][\/et_pb_row][\/et_pb_section]<\/p>\n","protected":false},"excerpt":{"rendered":"<p>Veste d&rsquo;Ob\u00e9issance Ultra L\u00e9g\u00e8re D\u00e9couvrez la veste d&rsquo;entra\u00eenement la plus l\u00e9g\u00e8re au monde, con\u00e7ue pour les comp\u00e9titions n\u00e9cessitant des poches ferm\u00e9es. La veste d&rsquo;ob\u00e9issance est \u00e9quip\u00e9e de: Grande poche tunnel arri\u00e8re: Spacieuse pour accueillir grands jouets ou dummies, avec une profondeur suffisante pour \u00e9viter les chutes accidentelles. Les ouvertures inclin\u00e9es facilitent l&rsquo;acc\u00e8s, m\u00eame pour un [&hellip;]<\/p>\n","protected":false},"featured_media":12302,"template":"","meta":{"_et_pb_use_builder":"on","_et_pb_old_content":"","_et_gb_content_width":""},"product_brand":[],"product_cat":[13,55,73,56,70,52],"product_tag":[],"class_list":{"0":"post-12276","1":"product","2":"type-product","3":"status-publish","4":"has-post-thumbnail","6":"product_cat-entrainement","7":"product_cat-marche","8":"product_cat-outils-dentrainement","9":"product_cat-randonnee","10":"product_cat-vetements","11":"product_cat-voyage-camping","12":"product_shipping_class-products","14":"first","15":"instock","16":"taxable","17":"shipping-taxable","18":"purchasable","19":"product-type-variable"},"yoast_head":"<!-- This site is optimized with the Yoast SEO plugin v27.3 - https:\/\/yoast.com\/product\/yoast-seo-wordpress\/ -->\n<title>VESTE D&#039;ENTRAINEMENT - Le Chien Blanc<\/title>\n<meta name=\"description\" content=\"Veste d&#039;Ob\u00e9issance Ultra L\u00e9g\u00e8re. D\u00e9couvrez la veste d&#039;entra\u00eenement la plus l\u00e9g\u00e8re au monde, con\u00e7ue pour les comp\u00e9titions n\u00e9cessitant des poches ferm\u00e9es.\" \/>\n<meta name=\"robots\" content=\"index, follow, max-snippet:-1, max-image-preview:large, max-video-preview:-1\" \/>\n<link rel=\"canonical\" href=\"https:\/\/lechienblanc.com\/en\/product\/veste-dentrainement\/\" \/>\n<meta property=\"og:locale\" content=\"en_US\" \/>\n<meta property=\"og:type\" content=\"article\" \/>\n<meta property=\"og:title\" content=\"VESTE D&#039;ENTRAINEMENT - Le Chien Blanc\" \/>\n<meta property=\"og:description\" content=\"Veste d&#039;Ob\u00e9issance Ultra L\u00e9g\u00e8re. D\u00e9couvrez la veste d&#039;entra\u00eenement la plus l\u00e9g\u00e8re au monde, con\u00e7ue pour les comp\u00e9titions n\u00e9cessitant des poches ferm\u00e9es.\" \/>\n<meta property=\"og:url\" content=\"https:\/\/lechienblanc.com\/en\/product\/veste-dentrainement\/\" \/>\n<meta property=\"og:site_name\" content=\"Le Chien Blanc\" \/>\n<meta property=\"article:publisher\" content=\"https:\/\/www.facebook.com\/golechienblanc\" \/>\n<meta property=\"article:modified_time\" content=\"2024-12-17T05:38:02+00:00\" \/>\n<meta property=\"og:image\" content=\"http:\/\/lechienblanc.com\/wp-content\/uploads\/2024\/11\/veste-entrainement.jpg\" \/>\n\t<meta property=\"og:image:width\" content=\"800\" \/>\n\t<meta property=\"og:image:height\" content=\"800\" \/>\n\t<meta property=\"og:image:type\" content=\"image\/jpeg\" \/>\n<script type=\"application\/ld+json\" class=\"yoast-schema-graph\">{\"@context\":\"https:\\\/\\\/schema.org\",\"@graph\":[{\"@type\":\"WebPage\",\"@id\":\"https:\\\/\\\/lechienblanc.com\\\/produit\\\/veste-dentrainement\\\/\",\"url\":\"https:\\\/\\\/lechienblanc.com\\\/produit\\\/veste-dentrainement\\\/\",\"name\":\"VESTE D'ENTRAINEMENT - Le Chien Blanc\",\"isPartOf\":{\"@id\":\"https:\\\/\\\/lechienblanc.com\\\/#website\"},\"primaryImageOfPage\":{\"@id\":\"https:\\\/\\\/lechienblanc.com\\\/produit\\\/veste-dentrainement\\\/#primaryimage\"},\"image\":{\"@id\":\"https:\\\/\\\/lechienblanc.com\\\/produit\\\/veste-dentrainement\\\/#primaryimage\"},\"thumbnailUrl\":\"https:\\\/\\\/lechienblanc.com\\\/wp-content\\\/uploads\\\/2024\\\/11\\\/veste-entrainement.jpg\",\"datePublished\":\"2024-11-22T15:03:46+00:00\",\"dateModified\":\"2024-12-17T05:38:02+00:00\",\"description\":\"Veste d'Ob\u00e9issance Ultra L\u00e9g\u00e8re. D\u00e9couvrez la veste d'entra\u00eenement la plus l\u00e9g\u00e8re au monde, con\u00e7ue pour les comp\u00e9titions n\u00e9cessitant des poches ferm\u00e9es.\",\"breadcrumb\":{\"@id\":\"https:\\\/\\\/lechienblanc.com\\\/produit\\\/veste-dentrainement\\\/#breadcrumb\"},\"inLanguage\":\"en-US\",\"potentialAction\":[{\"@type\":\"ReadAction\",\"target\":[\"https:\\\/\\\/lechienblanc.com\\\/produit\\\/veste-dentrainement\\\/\"]}]},{\"@type\":\"ImageObject\",\"inLanguage\":\"en-US\",\"@id\":\"https:\\\/\\\/lechienblanc.com\\\/produit\\\/veste-dentrainement\\\/#primaryimage\",\"url\":\"https:\\\/\\\/lechienblanc.com\\\/wp-content\\\/uploads\\\/2024\\\/11\\\/veste-entrainement.jpg\",\"contentUrl\":\"https:\\\/\\\/lechienblanc.com\\\/wp-content\\\/uploads\\\/2024\\\/11\\\/veste-entrainement.jpg\",\"width\":800,\"height\":800},{\"@type\":\"BreadcrumbList\",\"@id\":\"https:\\\/\\\/lechienblanc.com\\\/produit\\\/veste-dentrainement\\\/#breadcrumb\",\"itemListElement\":[{\"@type\":\"ListItem\",\"position\":1,\"name\":\"Accueil\",\"item\":\"https:\\\/\\\/lechienblanc.com\\\/\"},{\"@type\":\"ListItem\",\"position\":2,\"name\":\"BOUTIQUE\",\"item\":\"https:\\\/\\\/lechienblanc.com\\\/\"},{\"@type\":\"ListItem\",\"position\":3,\"name\":\"VESTE D&rsquo;ENTRAINEMENT\"}]},{\"@type\":\"WebSite\",\"@id\":\"https:\\\/\\\/lechienblanc.com\\\/#website\",\"url\":\"https:\\\/\\\/lechienblanc.com\\\/\",\"name\":\"Le Chien Blanc\",\"description\":\"Accessoires pour chiens\",\"publisher\":{\"@id\":\"https:\\\/\\\/lechienblanc.com\\\/#organization\"},\"potentialAction\":[{\"@type\":\"SearchAction\",\"target\":{\"@type\":\"EntryPoint\",\"urlTemplate\":\"https:\\\/\\\/lechienblanc.com\\\/?s={search_term_string}\"},\"query-input\":{\"@type\":\"PropertyValueSpecification\",\"valueRequired\":true,\"valueName\":\"search_term_string\"}}],\"inLanguage\":\"en-US\"},{\"@type\":\"Organization\",\"@id\":\"https:\\\/\\\/lechienblanc.com\\\/#organization\",\"name\":\"Le Chien Blanc\",\"url\":\"https:\\\/\\\/lechienblanc.com\\\/\",\"logo\":{\"@type\":\"ImageObject\",\"inLanguage\":\"en-US\",\"@id\":\"https:\\\/\\\/lechienblanc.com\\\/#\\\/schema\\\/logo\\\/image\\\/\",\"url\":\"http:\\\/\\\/lechienblanc.com\\\/wp-content\\\/uploads\\\/2019\\\/09\\\/LogoHeaderLCB.png\",\"contentUrl\":\"http:\\\/\\\/lechienblanc.com\\\/wp-content\\\/uploads\\\/2019\\\/09\\\/LogoHeaderLCB.png\",\"width\":366,\"height\":286,\"caption\":\"Le Chien Blanc\"},\"image\":{\"@id\":\"https:\\\/\\\/lechienblanc.com\\\/#\\\/schema\\\/logo\\\/image\\\/\"},\"sameAs\":[\"https:\\\/\\\/www.facebook.com\\\/golechienblanc\",\"https:\\\/\\\/www.instagram.com\\\/golechienblanc\\\/\"]}]}<\/script>\n<!-- \/ Yoast SEO plugin. -->","yoast_head_json":{"title":"VESTE D'ENTRAINEMENT - Le Chien Blanc","description":"Veste d'Ob\u00e9issance Ultra L\u00e9g\u00e8re. D\u00e9couvrez la veste d'entra\u00eenement la plus l\u00e9g\u00e8re au monde, con\u00e7ue pour les comp\u00e9titions n\u00e9cessitant des poches ferm\u00e9es.","robots":{"index":"index","follow":"follow","max-snippet":"max-snippet:-1","max-image-preview":"max-image-preview:large","max-video-preview":"max-video-preview:-1"},"canonical":"https:\/\/lechienblanc.com\/en\/product\/veste-dentrainement\/","og_locale":"en_US","og_type":"article","og_title":"VESTE D'ENTRAINEMENT - Le Chien Blanc","og_description":"Veste d'Ob\u00e9issance Ultra L\u00e9g\u00e8re. D\u00e9couvrez la veste d'entra\u00eenement la plus l\u00e9g\u00e8re au monde, con\u00e7ue pour les comp\u00e9titions n\u00e9cessitant des poches ferm\u00e9es.","og_url":"https:\/\/lechienblanc.com\/en\/product\/veste-dentrainement\/","og_site_name":"Le Chien Blanc","article_publisher":"https:\/\/www.facebook.com\/golechienblanc","article_modified_time":"2024-12-17T05:38:02+00:00","og_image":[{"width":800,"height":800,"url":"http:\/\/lechienblanc.com\/wp-content\/uploads\/2024\/11\/veste-entrainement.jpg","type":"image\/jpeg"}],"schema":{"@context":"https:\/\/schema.org","@graph":[{"@type":"WebPage","@id":"https:\/\/lechienblanc.com\/produit\/veste-dentrainement\/","url":"https:\/\/lechienblanc.com\/produit\/veste-dentrainement\/","name":"VESTE D'ENTRAINEMENT - Le Chien Blanc","isPartOf":{"@id":"https:\/\/lechienblanc.com\/#website"},"primaryImageOfPage":{"@id":"https:\/\/lechienblanc.com\/produit\/veste-dentrainement\/#primaryimage"},"image":{"@id":"https:\/\/lechienblanc.com\/produit\/veste-dentrainement\/#primaryimage"},"thumbnailUrl":"https:\/\/lechienblanc.com\/wp-content\/uploads\/2024\/11\/veste-entrainement.jpg","datePublished":"2024-11-22T15:03:46+00:00","dateModified":"2024-12-17T05:38:02+00:00","description":"Veste d'Ob\u00e9issance Ultra L\u00e9g\u00e8re. D\u00e9couvrez la veste d'entra\u00eenement la plus l\u00e9g\u00e8re au monde, con\u00e7ue pour les comp\u00e9titions n\u00e9cessitant des poches ferm\u00e9es.","breadcrumb":{"@id":"https:\/\/lechienblanc.com\/produit\/veste-dentrainement\/#breadcrumb"},"inLanguage":"en-US","potentialAction":[{"@type":"ReadAction","target":["https:\/\/lechienblanc.com\/produit\/veste-dentrainement\/"]}]},{"@type":"ImageObject","inLanguage":"en-US","@id":"https:\/\/lechienblanc.com\/produit\/veste-dentrainement\/#primaryimage","url":"https:\/\/lechienblanc.com\/wp-content\/uploads\/2024\/11\/veste-entrainement.jpg","contentUrl":"https:\/\/lechienblanc.com\/wp-content\/uploads\/2024\/11\/veste-entrainement.jpg","width":800,"height":800},{"@type":"BreadcrumbList","@id":"https:\/\/lechienblanc.com\/produit\/veste-dentrainement\/#breadcrumb","itemListElement":[{"@type":"ListItem","position":1,"name":"Accueil","item":"https:\/\/lechienblanc.com\/"},{"@type":"ListItem","position":2,"name":"BOUTIQUE","item":"https:\/\/lechienblanc.com\/"},{"@type":"ListItem","position":3,"name":"VESTE D&rsquo;ENTRAINEMENT"}]},{"@type":"WebSite","@id":"https:\/\/lechienblanc.com\/#website","url":"https:\/\/lechienblanc.com\/","name":"Le Chien Blanc","description":"Accessoires pour chiens","publisher":{"@id":"https:\/\/lechienblanc.com\/#organization"},"potentialAction":[{"@type":"SearchAction","target":{"@type":"EntryPoint","urlTemplate":"https:\/\/lechienblanc.com\/?s={search_term_string}"},"query-input":{"@type":"PropertyValueSpecification","valueRequired":true,"valueName":"search_term_string"}}],"inLanguage":"en-US"},{"@type":"Organization","@id":"https:\/\/lechienblanc.com\/#organization","name":"Le Chien Blanc","url":"https:\/\/lechienblanc.com\/","logo":{"@type":"ImageObject","inLanguage":"en-US","@id":"https:\/\/lechienblanc.com\/#\/schema\/logo\/image\/","url":"http:\/\/lechienblanc.com\/wp-content\/uploads\/2019\/09\/LogoHeaderLCB.png","contentUrl":"http:\/\/lechienblanc.com\/wp-content\/uploads\/2019\/09\/LogoHeaderLCB.png","width":366,"height":286,"caption":"Le Chien Blanc"},"image":{"@id":"https:\/\/lechienblanc.com\/#\/schema\/logo\/image\/"},"sameAs":["https:\/\/www.facebook.com\/golechienblanc","https:\/\/www.instagram.com\/golechienblanc\/"]}]}},"_links":{"self":[{"href":"https:\/\/lechienblanc.com\/en\/wp-json\/wp\/v2\/product\/12276","targetHints":{"allow":["GET"]}}],"collection":[{"href":"https:\/\/lechienblanc.com\/en\/wp-json\/wp\/v2\/product"}],"about":[{"href":"https:\/\/lechienblanc.com\/en\/wp-json\/wp\/v2\/types\/product"}],"wp:featuredmedia":[{"embeddable":true,"href":"https:\/\/lechienblanc.com\/en\/wp-json\/wp\/v2\/media\/12302"}],"wp:attachment":[{"href":"https:\/\/lechienblanc.com\/en\/wp-json\/wp\/v2\/media?parent=12276"}],"wp:term":[{"taxonomy":"product_brand","embeddable":true,"href":"https:\/\/lechienblanc.com\/en\/wp-json\/wp\/v2\/product_brand?post=12276"},{"taxonomy":"product_cat","embeddable":true,"href":"https:\/\/lechienblanc.com\/en\/wp-json\/wp\/v2\/product_cat?post=12276"},{"taxonomy":"product_tag","embeddable":true,"href":"https:\/\/lechienblanc.com\/en\/wp-json\/wp\/v2\/product_tag?post=12276"}],"curies":[{"name":"wp","href":"https:\/\/api.w.org\/{rel}","templated":true}]}}