{"id":12127,"date":"2024-11-08T16:03:58","date_gmt":"2024-11-08T21:03:58","guid":{"rendered":"https:\/\/lechienblanc.com\/?post_type=product&#038;p=12127"},"modified":"2025-07-23T11:50:52","modified_gmt":"2025-07-23T15:50:52","slug":"collier-rembourre-a-clip","status":"publish","type":"product","link":"https:\/\/lechienblanc.com\/en\/product\/collier-rembourre-a-clip\/","title":{"rendered":"PADDED CLIP COLLAR"},"content":{"rendered":"<p>[et_pb_section fb_built=\u00a0\u00bb1&Prime; custom_padding_last_edited=\u00a0\u00bbon|desktop\u00a0\u00bb _builder_version=\u00a0\u00bb4.27.4&Prime; custom_padding=\u00a0\u00bb55px||55px||true|false\u00a0\u00bb custom_padding_tablet=\u00a0\u00bb55px||55px||true|false\u00a0\u00bb custom_padding_phone=\u00a0\u00bb15px||15px||true|false\u00a0\u00bb global_colors_info=\u00a0\u00bb{}\u00a0\u00bb][et_pb_row _builder_version=\u00a0\u00bb4.16&Prime; background_size=\u00a0\u00bbinitial\u00a0\u00bb background_position=\u00a0\u00bbtop_left\u00a0\u00bb background_repeat=\u00a0\u00bbrepeat\u00a0\u00bb width=\u00a0\u00bb100%\u00a0\u00bb custom_padding=\u00a0\u00bb0px||0px||false|false\u00a0\u00bb global_colors_info=\u00a0\u00bb{}\u00a0\u00bb][et_pb_column type=\u00a0\u00bb4_4&Prime; _builder_version=\u00a0\u00bb4.16&Prime; custom_padding=\u00a0\u00bb|||\u00a0\u00bb global_colors_info=\u00a0\u00bb{}\u00a0\u00bb custom_padding__hover=\u00a0\u00bb|||\u00a0\u00bb][et_pb_wc_cart_notice _builder_version=\u00a0\u00bb4.27.4&Prime; custom_margin=\u00a0\u00bb10px|0em|10px|0em|true|false\u00a0\u00bb custom_padding=\u00a0\u00bb10px|15px|10px|15px|true|false\u00a0\u00bb global_colors_info=\u00a0\u00bb{}\u00a0\u00bb][\/et_pb_wc_cart_notice][\/et_pb_column][\/et_pb_row][et_pb_row column_structure=\u00a0\u00bb2_5,3_5&Prime; _builder_version=\u00a0\u00bb4.16&Prime; background_size=\u00a0\u00bbinitial\u00a0\u00bb background_position=\u00a0\u00bbtop_left\u00a0\u00bb background_repeat=\u00a0\u00bbrepeat\u00a0\u00bb width=\u00a0\u00bb100%\u00a0\u00bb custom_padding=\u00a0\u00bb0px||||false|false\u00a0\u00bb global_colors_info=\u00a0\u00bb{}\u00a0\u00bb][et_pb_column type=\u00a0\u00bb2_5&Prime; _builder_version=\u00a0\u00bb4.16&Prime; custom_padding=\u00a0\u00bb|||\u00a0\u00bb global_colors_info=\u00a0\u00bb{}\u00a0\u00bb custom_padding__hover=\u00a0\u00bb|||\u00a0\u00bb][et_pb_wc_images _builder_version=\u00a0\u00bb4.16&Prime; global_colors_info=\u00a0\u00bb{}\u00a0\u00bb][\/et_pb_wc_images][\/et_pb_column][et_pb_column type=\u00a0\u00bb3_5&Prime; _builder_version=\u00a0\u00bb4.16&Prime; custom_padding=\u00a0\u00bb|||\u00a0\u00bb global_colors_info=\u00a0\u00bb{}\u00a0\u00bb custom_padding__hover=\u00a0\u00bb|||\u00a0\u00bb][et_pb_wc_title _builder_version=\u00a0\u00bb4.27.4&Prime; header_font=\u00a0\u00bb|600|||||||\u00a0\u00bb header_font_size=\u00a0\u00bb34px\u00a0\u00bb custom_margin=\u00a0\u00bb-6px||22px||false|false\u00a0\u00bb custom_margin_tablet=\u00a0\u00bb-6px||22px||false|false\u00a0\u00bb custom_margin_phone=\u00a0\u00bb-32px||||false|false\u00a0\u00bb custom_margin_last_edited=\u00a0\u00bbon|phone\u00a0\u00bb global_colors_info=\u00a0\u00bb{}\u00a0\u00bb][\/et_pb_wc_title][et_pb_text _builder_version=\u00a0\u00bb4.27.2&Prime; _module_preset=\u00a0\u00bbdefault\u00a0\u00bb custom_margin=\u00a0\u00bb||32px|||\u00a0\u00bb global_colors_info=\u00a0\u00bb{}\u00a0\u00bb]<\/p>\n<h3>D\u00e9couvrez le collier \u00e0 clip rembourr\u00e9 ajustable de Le Chien Blanc, alliant confort et fonctionnalit\u00e9.<\/h3>\n<p>&nbsp;<\/p>\n<p>Fabriqu\u00e9 au Qu\u00e9bec avec des mat\u00e9riaux de haute qualit\u00e9, ce collier s\u2019adapte parfaitement \u00e0 la morphologie de votre chien tout en assurant un maintien s\u00e9curis\u00e9.<\/p>\n<p>Son design \u00e9l\u00e9gant s\u2019harmonise avec les autres produits de notre gamme, vous permettant de cr\u00e9er un look coordonn\u00e9 et styl\u00e9 pour votre chien. Offrez \u00e0 votre chien le confort qu\u2019il m\u00e9rite tout en ajoutant une touche de chic \u00e0 ses accessoires!<\/p>\n<h3><strong>GRANDEUR TOUR DE COU:<\/strong><\/h3>\n<h3>S = 11 \u00e0 14 pouces<br \/>M = 14 \u00e0 16 pouces<br \/>L = 15 \u00e0 17 pouces<br \/>XL = 16 \u00e0 18 pouces<br \/>2XL = 18 \u00e0 21 pouces<\/h3>\n<p>&nbsp;<\/p>\n<h3><strong>COULEURS:<\/strong><\/h3>\n<h3>Bleu, Rose, Orange, Noir<\/h3>\n<p>&nbsp;<\/p>\n<p><strong>FAIT AU QU\u00c9BEC<\/strong><\/p>\n<p>[\/et_pb_text][et_pb_wc_price _builder_version=\u00a0\u00bb4.16&Prime; custom_margin=\u00a0\u00bb||32px|||\u00a0\u00bb global_colors_info=\u00a0\u00bb{}\u00a0\u00bb][\/et_pb_wc_price][et_pb_wc_add_to_cart _builder_version=\u00a0\u00bb4.16&Prime; global_colors_info=\u00a0\u00bb{}\u00a0\u00bb][\/et_pb_wc_add_to_cart][\/et_pb_column][\/et_pb_row][et_pb_row _builder_version=\u00a0\u00bb4.16&Prime; background_size=\u00a0\u00bbinitial\u00a0\u00bb background_position=\u00a0\u00bbtop_left\u00a0\u00bb background_repeat=\u00a0\u00bbrepeat\u00a0\u00bb width=\u00a0\u00bb100%\u00a0\u00bb custom_padding=\u00a0\u00bb||7px|||\u00a0\u00bb global_colors_info=\u00a0\u00bb{}\u00a0\u00bb][et_pb_column type=\u00a0\u00bb4_4&Prime; _builder_version=\u00a0\u00bb4.16&Prime; custom_padding=\u00a0\u00bb|||\u00a0\u00bb global_colors_info=\u00a0\u00bb{}\u00a0\u00bb custom_padding__hover=\u00a0\u00bb|||\u00a0\u00bb][et_pb_wc_upsells _builder_version=\u00a0\u00bb4.16&Prime; custom_margin=\u00a0\u00bb||13px|||\u00a0\u00bb global_colors_info=\u00a0\u00bb{}\u00a0\u00bb][\/et_pb_wc_upsells][et_pb_wc_related_products posts_number=\u00a0\u00bb4&Prime; columns_number=\u00a0\u00bb4&Prime; include_categories=\u00a0\u00bbcurrent\u00a0\u00bb hover_icon=\u00a0\u00bb&#x35;||divi||400&Prime; _builder_version=\u00a0\u00bb4.27.2&Prime; custom_margin=\u00a0\u00bb||5px|||\u00a0\u00bb custom_padding=\u00a0\u00bb||2px|||\u00a0\u00bb global_module=\u00a0\u00bb7238&Prime; saved_tabs=\u00a0\u00bball\u00a0\u00bb locked=\u00a0\u00bboff\u00a0\u00bb global_colors_info=\u00a0\u00bb{}\u00a0\u00bb][\/et_pb_wc_related_products][\/et_pb_column][\/et_pb_row][\/et_pb_section]<\/p>\n","protected":false},"excerpt":{"rendered":"<p>D\u00e9couvrez le collier \u00e0 clip rembourr\u00e9 ajustable de Le Chien Blanc, alliant confort et fonctionnalit\u00e9. &nbsp; Fabriqu\u00e9 au Qu\u00e9bec avec des mat\u00e9riaux de haute qualit\u00e9, ce collier s\u2019adapte parfaitement \u00e0 la morphologie de votre chien tout en assurant un maintien s\u00e9curis\u00e9. Son design \u00e9l\u00e9gant s\u2019harmonise avec les autres produits de notre gamme, vous permettant de [&hellip;]<\/p>\n","protected":false},"featured_media":12185,"template":"","meta":{"_et_pb_use_builder":"on","_et_pb_old_content":"","_et_gb_content_width":""},"product_brand":[],"product_cat":[68,13,55,73,52],"product_tag":[],"class_list":{"0":"post-12127","1":"product","2":"type-product","3":"status-publish","4":"has-post-thumbnail","6":"product_cat-colliers","7":"product_cat-entrainement","8":"product_cat-marche","9":"product_cat-outils-dentrainement","10":"product_cat-voyage-camping","11":"product_shipping_class-products","13":"first","14":"instock","15":"taxable","16":"shipping-taxable","17":"purchasable","18":"product-type-variable"},"yoast_head":"<!-- This site is optimized with the Yoast SEO plugin v27.3 - https:\/\/yoast.com\/product\/yoast-seo-wordpress\/ -->\n<title>COLLIER REMBOURR\u00c9 \u00c0 CLIP - Le Chien Blanc<\/title>\n<meta name=\"description\" content=\"D\u00e9couvrez le collier \u00e0 clip rembourr\u00e9 ajustable de Le Chien Blanc, alliant confort et fonctionnalit\u00e9.\" \/>\n<meta name=\"robots\" content=\"index, follow, max-snippet:-1, max-image-preview:large, max-video-preview:-1\" \/>\n<link rel=\"canonical\" href=\"https:\/\/lechienblanc.com\/en\/product\/collier-rembourre-a-clip\/\" \/>\n<meta property=\"og:locale\" content=\"en_US\" \/>\n<meta property=\"og:type\" content=\"article\" \/>\n<meta property=\"og:title\" content=\"COLLIER REMBOURR\u00c9 \u00c0 CLIP - Le Chien Blanc\" \/>\n<meta property=\"og:description\" content=\"D\u00e9couvrez le collier \u00e0 clip rembourr\u00e9 ajustable de Le Chien Blanc, alliant confort et fonctionnalit\u00e9.\" \/>\n<meta property=\"og:url\" content=\"https:\/\/lechienblanc.com\/en\/product\/collier-rembourre-a-clip\/\" \/>\n<meta property=\"og:site_name\" content=\"Le Chien Blanc\" \/>\n<meta property=\"article:publisher\" content=\"https:\/\/www.facebook.com\/golechienblanc\" \/>\n<meta property=\"article:modified_time\" content=\"2025-07-23T15:50:52+00:00\" \/>\n<meta property=\"og:image\" content=\"http:\/\/lechienblanc.com\/wp-content\/uploads\/2024\/11\/Chiencover.jpg\" \/>\n\t<meta property=\"og:image:width\" content=\"800\" \/>\n\t<meta property=\"og:image:height\" content=\"799\" \/>\n\t<meta property=\"og:image:type\" content=\"image\/jpeg\" \/>\n<script type=\"application\/ld+json\" class=\"yoast-schema-graph\">{\"@context\":\"https:\\\/\\\/schema.org\",\"@graph\":[{\"@type\":\"WebPage\",\"@id\":\"https:\\\/\\\/lechienblanc.com\\\/produit\\\/collier-rembourre-a-clip\\\/\",\"url\":\"https:\\\/\\\/lechienblanc.com\\\/produit\\\/collier-rembourre-a-clip\\\/\",\"name\":\"COLLIER REMBOURR\u00c9 \u00c0 CLIP - Le Chien Blanc\",\"isPartOf\":{\"@id\":\"https:\\\/\\\/lechienblanc.com\\\/#website\"},\"primaryImageOfPage\":{\"@id\":\"https:\\\/\\\/lechienblanc.com\\\/produit\\\/collier-rembourre-a-clip\\\/#primaryimage\"},\"image\":{\"@id\":\"https:\\\/\\\/lechienblanc.com\\\/produit\\\/collier-rembourre-a-clip\\\/#primaryimage\"},\"thumbnailUrl\":\"https:\\\/\\\/lechienblanc.com\\\/wp-content\\\/uploads\\\/2024\\\/11\\\/Chiencover.jpg\",\"datePublished\":\"2024-11-08T21:03:58+00:00\",\"dateModified\":\"2025-07-23T15:50:52+00:00\",\"description\":\"D\u00e9couvrez le collier \u00e0 clip rembourr\u00e9 ajustable de Le Chien Blanc, alliant confort et fonctionnalit\u00e9.\",\"breadcrumb\":{\"@id\":\"https:\\\/\\\/lechienblanc.com\\\/produit\\\/collier-rembourre-a-clip\\\/#breadcrumb\"},\"inLanguage\":\"en-US\",\"potentialAction\":[{\"@type\":\"ReadAction\",\"target\":[\"https:\\\/\\\/lechienblanc.com\\\/produit\\\/collier-rembourre-a-clip\\\/\"]}]},{\"@type\":\"ImageObject\",\"inLanguage\":\"en-US\",\"@id\":\"https:\\\/\\\/lechienblanc.com\\\/produit\\\/collier-rembourre-a-clip\\\/#primaryimage\",\"url\":\"https:\\\/\\\/lechienblanc.com\\\/wp-content\\\/uploads\\\/2024\\\/11\\\/Chiencover.jpg\",\"contentUrl\":\"https:\\\/\\\/lechienblanc.com\\\/wp-content\\\/uploads\\\/2024\\\/11\\\/Chiencover.jpg\",\"width\":800,\"height\":799},{\"@type\":\"BreadcrumbList\",\"@id\":\"https:\\\/\\\/lechienblanc.com\\\/produit\\\/collier-rembourre-a-clip\\\/#breadcrumb\",\"itemListElement\":[{\"@type\":\"ListItem\",\"position\":1,\"name\":\"Accueil\",\"item\":\"https:\\\/\\\/lechienblanc.com\\\/\"},{\"@type\":\"ListItem\",\"position\":2,\"name\":\"BOUTIQUE\",\"item\":\"https:\\\/\\\/lechienblanc.com\\\/\"},{\"@type\":\"ListItem\",\"position\":3,\"name\":\"COLLIER REMBOURR\u00c9 \u00c0 CLIP\"}]},{\"@type\":\"WebSite\",\"@id\":\"https:\\\/\\\/lechienblanc.com\\\/#website\",\"url\":\"https:\\\/\\\/lechienblanc.com\\\/\",\"name\":\"Le Chien Blanc\",\"description\":\"Accessoires pour chiens\",\"publisher\":{\"@id\":\"https:\\\/\\\/lechienblanc.com\\\/#organization\"},\"potentialAction\":[{\"@type\":\"SearchAction\",\"target\":{\"@type\":\"EntryPoint\",\"urlTemplate\":\"https:\\\/\\\/lechienblanc.com\\\/?s={search_term_string}\"},\"query-input\":{\"@type\":\"PropertyValueSpecification\",\"valueRequired\":true,\"valueName\":\"search_term_string\"}}],\"inLanguage\":\"en-US\"},{\"@type\":\"Organization\",\"@id\":\"https:\\\/\\\/lechienblanc.com\\\/#organization\",\"name\":\"Le Chien Blanc\",\"url\":\"https:\\\/\\\/lechienblanc.com\\\/\",\"logo\":{\"@type\":\"ImageObject\",\"inLanguage\":\"en-US\",\"@id\":\"https:\\\/\\\/lechienblanc.com\\\/#\\\/schema\\\/logo\\\/image\\\/\",\"url\":\"http:\\\/\\\/lechienblanc.com\\\/wp-content\\\/uploads\\\/2019\\\/09\\\/LogoHeaderLCB.png\",\"contentUrl\":\"http:\\\/\\\/lechienblanc.com\\\/wp-content\\\/uploads\\\/2019\\\/09\\\/LogoHeaderLCB.png\",\"width\":366,\"height\":286,\"caption\":\"Le Chien Blanc\"},\"image\":{\"@id\":\"https:\\\/\\\/lechienblanc.com\\\/#\\\/schema\\\/logo\\\/image\\\/\"},\"sameAs\":[\"https:\\\/\\\/www.facebook.com\\\/golechienblanc\",\"https:\\\/\\\/www.instagram.com\\\/golechienblanc\\\/\"]}]}<\/script>\n<!-- \/ Yoast SEO plugin. -->","yoast_head_json":{"title":"COLLIER REMBOURR\u00c9 \u00c0 CLIP - Le Chien Blanc","description":"Discover the adjustable padded clip collar from Le Chien Blanc, combining comfort and functionality.","robots":{"index":"index","follow":"follow","max-snippet":"max-snippet:-1","max-image-preview":"max-image-preview:large","max-video-preview":"max-video-preview:-1"},"canonical":"https:\/\/lechienblanc.com\/en\/product\/collier-rembourre-a-clip\/","og_locale":"en_US","og_type":"article","og_title":"COLLIER REMBOURR\u00c9 \u00c0 CLIP - Le Chien Blanc","og_description":"D\u00e9couvrez le collier \u00e0 clip rembourr\u00e9 ajustable de Le Chien Blanc, alliant confort et fonctionnalit\u00e9.","og_url":"https:\/\/lechienblanc.com\/en\/product\/collier-rembourre-a-clip\/","og_site_name":"Le Chien Blanc","article_publisher":"https:\/\/www.facebook.com\/golechienblanc","article_modified_time":"2025-07-23T15:50:52+00:00","og_image":[{"width":800,"height":799,"url":"http:\/\/lechienblanc.com\/wp-content\/uploads\/2024\/11\/Chiencover.jpg","type":"image\/jpeg"}],"schema":{"@context":"https:\/\/schema.org","@graph":[{"@type":"WebPage","@id":"https:\/\/lechienblanc.com\/produit\/collier-rembourre-a-clip\/","url":"https:\/\/lechienblanc.com\/produit\/collier-rembourre-a-clip\/","name":"COLLIER REMBOURR\u00c9 \u00c0 CLIP - Le Chien Blanc","isPartOf":{"@id":"https:\/\/lechienblanc.com\/#website"},"primaryImageOfPage":{"@id":"https:\/\/lechienblanc.com\/produit\/collier-rembourre-a-clip\/#primaryimage"},"image":{"@id":"https:\/\/lechienblanc.com\/produit\/collier-rembourre-a-clip\/#primaryimage"},"thumbnailUrl":"https:\/\/lechienblanc.com\/wp-content\/uploads\/2024\/11\/Chiencover.jpg","datePublished":"2024-11-08T21:03:58+00:00","dateModified":"2025-07-23T15:50:52+00:00","description":"Discover the adjustable padded clip collar from Le Chien Blanc, combining comfort and functionality.","breadcrumb":{"@id":"https:\/\/lechienblanc.com\/produit\/collier-rembourre-a-clip\/#breadcrumb"},"inLanguage":"en-US","potentialAction":[{"@type":"ReadAction","target":["https:\/\/lechienblanc.com\/produit\/collier-rembourre-a-clip\/"]}]},{"@type":"ImageObject","inLanguage":"en-US","@id":"https:\/\/lechienblanc.com\/produit\/collier-rembourre-a-clip\/#primaryimage","url":"https:\/\/lechienblanc.com\/wp-content\/uploads\/2024\/11\/Chiencover.jpg","contentUrl":"https:\/\/lechienblanc.com\/wp-content\/uploads\/2024\/11\/Chiencover.jpg","width":800,"height":799},{"@type":"BreadcrumbList","@id":"https:\/\/lechienblanc.com\/produit\/collier-rembourre-a-clip\/#breadcrumb","itemListElement":[{"@type":"ListItem","position":1,"name":"Accueil","item":"https:\/\/lechienblanc.com\/"},{"@type":"ListItem","position":2,"name":"BOUTIQUE","item":"https:\/\/lechienblanc.com\/"},{"@type":"ListItem","position":3,"name":"COLLIER REMBOURR\u00c9 \u00c0 CLIP"}]},{"@type":"WebSite","@id":"https:\/\/lechienblanc.com\/#website","url":"https:\/\/lechienblanc.com\/","name":"Le Chien Blanc","description":"Accessoires pour chiens","publisher":{"@id":"https:\/\/lechienblanc.com\/#organization"},"potentialAction":[{"@type":"SearchAction","target":{"@type":"EntryPoint","urlTemplate":"https:\/\/lechienblanc.com\/?s={search_term_string}"},"query-input":{"@type":"PropertyValueSpecification","valueRequired":true,"valueName":"search_term_string"}}],"inLanguage":"en-US"},{"@type":"Organization","@id":"https:\/\/lechienblanc.com\/#organization","name":"Le Chien Blanc","url":"https:\/\/lechienblanc.com\/","logo":{"@type":"ImageObject","inLanguage":"en-US","@id":"https:\/\/lechienblanc.com\/#\/schema\/logo\/image\/","url":"http:\/\/lechienblanc.com\/wp-content\/uploads\/2019\/09\/LogoHeaderLCB.png","contentUrl":"http:\/\/lechienblanc.com\/wp-content\/uploads\/2019\/09\/LogoHeaderLCB.png","width":366,"height":286,"caption":"Le Chien Blanc"},"image":{"@id":"https:\/\/lechienblanc.com\/#\/schema\/logo\/image\/"},"sameAs":["https:\/\/www.facebook.com\/golechienblanc","https:\/\/www.instagram.com\/golechienblanc\/"]}]}},"_links":{"self":[{"href":"https:\/\/lechienblanc.com\/en\/wp-json\/wp\/v2\/product\/12127","targetHints":{"allow":["GET"]}}],"collection":[{"href":"https:\/\/lechienblanc.com\/en\/wp-json\/wp\/v2\/product"}],"about":[{"href":"https:\/\/lechienblanc.com\/en\/wp-json\/wp\/v2\/types\/product"}],"wp:featuredmedia":[{"embeddable":true,"href":"https:\/\/lechienblanc.com\/en\/wp-json\/wp\/v2\/media\/12185"}],"wp:attachment":[{"href":"https:\/\/lechienblanc.com\/en\/wp-json\/wp\/v2\/media?parent=12127"}],"wp:term":[{"taxonomy":"product_brand","embeddable":true,"href":"https:\/\/lechienblanc.com\/en\/wp-json\/wp\/v2\/product_brand?post=12127"},{"taxonomy":"product_cat","embeddable":true,"href":"https:\/\/lechienblanc.com\/en\/wp-json\/wp\/v2\/product_cat?post=12127"},{"taxonomy":"product_tag","embeddable":true,"href":"https:\/\/lechienblanc.com\/en\/wp-json\/wp\/v2\/product_tag?post=12127"}],"curies":[{"name":"wp","href":"https:\/\/api.w.org\/{rel}","templated":true}]}}