{"id":10232,"date":"2024-03-12T10:31:25","date_gmt":"2024-03-12T14:31:25","guid":{"rendered":"https:\/\/lechienblanc.com\/?post_type=product&#038;p=10232"},"modified":"2024-12-17T10:02:40","modified_gmt":"2024-12-17T15:02:40","slug":"collier-martingale-padde","status":"publish","type":"product","link":"https:\/\/lechienblanc.com\/en\/product\/collier-martingale-padde\/","title":{"rendered":"SEMI-SLIP PADDED COLLAR"},"content":{"rendered":"<p>[et_pb_section fb_built=\u00a0\u00bb1&Prime; _builder_version=\u00a0\u00bb4.27.4&Prime; custom_padding=\u00a0\u00bb55px||55px||true|false\u00a0\u00bb hover_enabled=\u00a0\u00bb0&Prime; global_colors_info=\u00a0\u00bb{}\u00a0\u00bb custom_padding_last_edited=\u00a0\u00bbon|phone\u00a0\u00bb sticky_enabled=\u00a0\u00bb0&Prime; custom_padding_phone=\u00a0\u00bb15px||15px||true|false\u00a0\u00bb custom_padding_tablet=\u00a0\u00bb55px||55px||true|false\u00a0\u00bb][et_pb_row _builder_version=\u00a0\u00bb4.16&Prime; background_size=\u00a0\u00bbinitial\u00a0\u00bb background_position=\u00a0\u00bbtop_left\u00a0\u00bb background_repeat=\u00a0\u00bbrepeat\u00a0\u00bb width=\u00a0\u00bb100%\u00a0\u00bb custom_padding=\u00a0\u00bb0px||0px||false|false\u00a0\u00bb global_colors_info=\u00a0\u00bb{}\u00a0\u00bb][et_pb_column type=\u00a0\u00bb4_4&Prime; _builder_version=\u00a0\u00bb4.16&Prime; custom_padding=\u00a0\u00bb|||\u00a0\u00bb global_colors_info=\u00a0\u00bb{}\u00a0\u00bb custom_padding__hover=\u00a0\u00bb|||\u00a0\u00bb][et_pb_wc_cart_notice _builder_version=\u00a0\u00bb4.27.4&Prime; hover_enabled=\u00a0\u00bb0&Prime; global_colors_info=\u00a0\u00bb{}\u00a0\u00bb custom_padding=\u00a0\u00bb10px|15px|10px|15px|true|false\u00a0\u00bb custom_margin=\u00a0\u00bb10px|0em|10px|0em|true|false\u00a0\u00bb sticky_enabled=\u00a0\u00bb0&Prime;][\/et_pb_wc_cart_notice][\/et_pb_column][\/et_pb_row][et_pb_row column_structure=\u00a0\u00bb2_5,3_5&Prime; _builder_version=\u00a0\u00bb4.16&Prime; background_size=\u00a0\u00bbinitial\u00a0\u00bb background_position=\u00a0\u00bbtop_left\u00a0\u00bb background_repeat=\u00a0\u00bbrepeat\u00a0\u00bb width=\u00a0\u00bb100%\u00a0\u00bb custom_padding=\u00a0\u00bb0px||22px||false|false\u00a0\u00bb global_colors_info=\u00a0\u00bb{}\u00a0\u00bb][et_pb_column type=\u00a0\u00bb2_5&Prime; _builder_version=\u00a0\u00bb4.16&Prime; custom_padding=\u00a0\u00bb|||\u00a0\u00bb global_colors_info=\u00a0\u00bb{}\u00a0\u00bb custom_padding__hover=\u00a0\u00bb|||\u00a0\u00bb][et_pb_wc_images _builder_version=\u00a0\u00bb4.16&Prime; global_colors_info=\u00a0\u00bb{}\u00a0\u00bb][\/et_pb_wc_images][\/et_pb_column][et_pb_column type=\u00a0\u00bb3_5&Prime; _builder_version=\u00a0\u00bb4.16&Prime; custom_padding=\u00a0\u00bb|||\u00a0\u00bb global_colors_info=\u00a0\u00bb{}\u00a0\u00bb custom_padding__hover=\u00a0\u00bb|||\u00a0\u00bb][et_pb_wc_title _builder_version=\u00a0\u00bb4.27.4&Prime; header_font=\u00a0\u00bb|600|||||||\u00a0\u00bb header_font_size=\u00a0\u00bb34px\u00a0\u00bb hover_enabled=\u00a0\u00bb0&Prime; global_colors_info=\u00a0\u00bb{}\u00a0\u00bb custom_margin_last_edited=\u00a0\u00bbon|phone\u00a0\u00bb custom_margin=\u00a0\u00bb-6px||22px||false|false\u00a0\u00bb sticky_enabled=\u00a0\u00bb0&Prime; custom_margin_phone=\u00a0\u00bb-32px||||false|false\u00a0\u00bb custom_margin_tablet=\u00a0\u00bb-6px||22px||false|false\u00a0\u00bb][\/et_pb_wc_title][et_pb_text _builder_version=\u00a0\u00bb4.24.2&Prime; _module_preset=\u00a0\u00bbdefault\u00a0\u00bb global_colors_info=\u00a0\u00bb{}\u00a0\u00bb custom_margin=\u00a0\u00bb||32px|||\u00a0\u00bb]<\/p>\n<h3>Voici nos nouveaux colliers martingale padd\u00e9, con\u00e7us pour offrir un maximum de confort et d&rsquo;efficacit\u00e9 lors des activit\u00e9s quotidiennes avec votre chien. Le collier martingale padd\u00e9 est sp\u00e9cialement con\u00e7u pour \u00e9viter que votre chien puisse se lib\u00e9rer de son collier, tout en se resserrant l\u00e9g\u00e8rement lorsque votre chien tire, sans pour autant l&rsquo;\u00e9trangler.<\/h3>\n<p>&nbsp;<\/p>\n<p>Ce collier est \u00e0 la fois robuste et doux pour la fourrure de votre chien, assurant ainsi un niveau optimal de confort et de s\u00e9curit\u00e9. De plus, il est dot\u00e9 de bandes r\u00e9fl\u00e9chissantes qui garantissent une bonne visibilit\u00e9 et une s\u00e9curit\u00e9 accrue lors de vos promenades nocturnes.<\/p>\n<p>L&rsquo;attache en m\u00e9tal de ce collier est extr\u00eamement robuste, assurant ainsi une s\u00e9curit\u00e9 maximale lors des d\u00e9placements de votre chien. De plus, il comporte un espace d\u00e9di\u00e9 pour accrocher une lumi\u00e8re ou une m\u00e9daille.<\/p>\n<p>Ce collier martingale padd\u00e9 est disponible en 6 couleurs diff\u00e9rentes, vous offrant ainsi un large choix pour correspondre au style de votre chien.\u00a0<\/p>\n<p><strong><em>FI\u00c8REMENT CON\u00c7U ET FABRIQU\u00c9 AU QU\u00c9BEC<\/em><\/strong><\/p>\n<p>Vous pouvez choisir la taille qui convient le mieux en fonction de la mesure serr\u00e9e du cou de votre chien:<\/p>\n<h3><\/h3>\n<h3>GRANDEURS:<br \/>\u2022<span>\u00a0<\/span>XS: Serr\u00e9 11 pouces, Lousse 14 pouces<br \/>\u2022<span>\u00a0<\/span>S: Serr\u00e9 13 pouces, Lousse 15 pouces<br \/>\u2022<span>\u00a0<\/span>M: Serr\u00e9 15 pouces, Lousse 17 pouces<br \/>\u2022<span>\u00a0<\/span>L: Serr\u00e9 17 pouces, Lousse 18 pouces<br \/>\u2022<span>\u00a0<\/span>XL: Serr\u00e9 18 pouces, Lousse 20 pouces<br \/>\u2022<span>\u00a0<\/span>2XL: Serr\u00e9 19,5 pouces, Lousse 22 pouces<br \/>\u2022<span>\u00a0<\/span>3XL: Serr\u00e9 22 pouces, Lousse 24 pouces<\/h3>\n<h3><\/h3>\n<h3>COULEUR:\u00a0BLEU, ORANGE, ROSE, NOIR, MAUVE, ROUGE<\/h3>\n<p>[\/et_pb_text][et_pb_wc_price _builder_version=\u00a0\u00bb4.16&Prime; custom_margin=\u00a0\u00bb||32px|||\u00a0\u00bb global_colors_info=\u00a0\u00bb{}\u00a0\u00bb][\/et_pb_wc_price][et_pb_wc_add_to_cart _builder_version=\u00a0\u00bb4.16&Prime; global_colors_info=\u00a0\u00bb{}\u00a0\u00bb][\/et_pb_wc_add_to_cart][\/et_pb_column][\/et_pb_row][et_pb_row _builder_version=\u00a0\u00bb4.16&Prime; background_size=\u00a0\u00bbinitial\u00a0\u00bb background_position=\u00a0\u00bbtop_left\u00a0\u00bb background_repeat=\u00a0\u00bbrepeat\u00a0\u00bb width=\u00a0\u00bb100%\u00a0\u00bb custom_padding=\u00a0\u00bb||8px|||\u00a0\u00bb global_colors_info=\u00a0\u00bb{}\u00a0\u00bb][et_pb_column type=\u00a0\u00bb4_4&Prime; _builder_version=\u00a0\u00bb4.16&Prime; custom_padding=\u00a0\u00bb|||\u00a0\u00bb global_colors_info=\u00a0\u00bb{}\u00a0\u00bb custom_padding__hover=\u00a0\u00bb|||\u00a0\u00bb][et_pb_wc_related_products posts_number=\u00a0\u00bb4&Prime; columns_number=\u00a0\u00bb4&Prime; include_categories=\u00a0\u00bbcurrent\u00a0\u00bb hover_icon=\u00a0\u00bb&#x35;||divi||400&Prime; _builder_version=\u00a0\u00bb4.27.2&Prime; custom_margin=\u00a0\u00bb||5px|||\u00a0\u00bb custom_padding=\u00a0\u00bb||2px|||\u00a0\u00bb global_module=\u00a0\u00bb7238&Prime; saved_tabs=\u00a0\u00bball\u00a0\u00bb locked=\u00a0\u00bboff\u00a0\u00bb global_colors_info=\u00a0\u00bb{}\u00a0\u00bb][\/et_pb_wc_related_products][\/et_pb_column][\/et_pb_row][\/et_pb_section]<\/p>\n","protected":false},"excerpt":{"rendered":"<p>Voici nos nouveaux colliers martingale padd\u00e9, con\u00e7us pour offrir un maximum de confort et d&rsquo;efficacit\u00e9 lors des activit\u00e9s quotidiennes avec votre chien. Le collier martingale padd\u00e9 est sp\u00e9cialement con\u00e7u pour \u00e9viter que votre chien puisse se lib\u00e9rer de son collier, tout en se resserrant l\u00e9g\u00e8rement lorsque votre chien tire, sans pour autant l&rsquo;\u00e9trangler. &nbsp; Ce [&hellip;]<\/p>\n","protected":false},"featured_media":10246,"template":"","meta":{"_et_pb_use_builder":"on","_et_pb_old_content":"","_et_gb_content_width":""},"product_brand":[],"product_cat":[68,13,55,56,65,52],"product_tag":[],"class_list":{"0":"post-10232","1":"product","2":"type-product","3":"status-publish","4":"has-post-thumbnail","6":"product_cat-colliers","7":"product_cat-entrainement","8":"product_cat-marche","9":"product_cat-randonnee","10":"product_cat-sports-atteles","11":"product_cat-voyage-camping","13":"first","14":"instock","15":"taxable","16":"shipping-taxable","17":"purchasable","18":"product-type-variable"},"yoast_head":"<!-- This site is optimized with the Yoast SEO plugin v27.3 - https:\/\/yoast.com\/product\/yoast-seo-wordpress\/ -->\n<title>COLLIER MARTINGALE PADD\u00c9 - Le Chien Blanc<\/title>\n<meta name=\"description\" content=\"Voici nos nouveaux colliers martingale padd\u00e9, con\u00e7us pour offrir un maximum de confort et d&#039;efficacit\u00e9 lors des activit\u00e9s quotidiennes avec votre chien.\" \/>\n<meta name=\"robots\" content=\"index, follow, max-snippet:-1, max-image-preview:large, max-video-preview:-1\" \/>\n<link rel=\"canonical\" href=\"https:\/\/lechienblanc.com\/en\/product\/collier-martingale-padde\/\" \/>\n<meta property=\"og:locale\" content=\"en_US\" \/>\n<meta property=\"og:type\" content=\"article\" \/>\n<meta property=\"og:title\" content=\"COLLIER MARTINGALE PADD\u00c9 - Le Chien Blanc\" \/>\n<meta property=\"og:description\" content=\"Voici nos nouveaux colliers martingale padd\u00e9, con\u00e7us pour offrir un maximum de confort et d&#039;efficacit\u00e9 lors des activit\u00e9s quotidiennes avec votre chien.\" \/>\n<meta property=\"og:url\" content=\"https:\/\/lechienblanc.com\/en\/product\/collier-martingale-padde\/\" \/>\n<meta property=\"og:site_name\" content=\"Le Chien Blanc\" \/>\n<meta property=\"article:publisher\" content=\"https:\/\/www.facebook.com\/golechienblanc\" \/>\n<meta property=\"article:modified_time\" content=\"2024-12-17T15:02:40+00:00\" \/>\n<meta property=\"og:image\" content=\"http:\/\/lechienblanc.com\/wp-content\/uploads\/2024\/03\/Collier1.jpg\" \/>\n\t<meta property=\"og:image:width\" content=\"800\" \/>\n\t<meta property=\"og:image:height\" content=\"696\" \/>\n\t<meta property=\"og:image:type\" content=\"image\/jpeg\" \/>\n<script type=\"application\/ld+json\" class=\"yoast-schema-graph\">{\"@context\":\"https:\\\/\\\/schema.org\",\"@graph\":[{\"@type\":\"WebPage\",\"@id\":\"https:\\\/\\\/lechienblanc.com\\\/produit\\\/collier-martingale-padde\\\/\",\"url\":\"https:\\\/\\\/lechienblanc.com\\\/produit\\\/collier-martingale-padde\\\/\",\"name\":\"COLLIER MARTINGALE PADD\u00c9 - Le Chien Blanc\",\"isPartOf\":{\"@id\":\"https:\\\/\\\/lechienblanc.com\\\/#website\"},\"primaryImageOfPage\":{\"@id\":\"https:\\\/\\\/lechienblanc.com\\\/produit\\\/collier-martingale-padde\\\/#primaryimage\"},\"image\":{\"@id\":\"https:\\\/\\\/lechienblanc.com\\\/produit\\\/collier-martingale-padde\\\/#primaryimage\"},\"thumbnailUrl\":\"https:\\\/\\\/lechienblanc.com\\\/wp-content\\\/uploads\\\/2024\\\/03\\\/Collier1.jpg\",\"datePublished\":\"2024-03-12T14:31:25+00:00\",\"dateModified\":\"2024-12-17T15:02:40+00:00\",\"description\":\"Voici nos nouveaux colliers martingale padd\u00e9, con\u00e7us pour offrir un maximum de confort et d'efficacit\u00e9 lors des activit\u00e9s quotidiennes avec votre chien.\",\"breadcrumb\":{\"@id\":\"https:\\\/\\\/lechienblanc.com\\\/produit\\\/collier-martingale-padde\\\/#breadcrumb\"},\"inLanguage\":\"en-US\",\"potentialAction\":[{\"@type\":\"ReadAction\",\"target\":[\"https:\\\/\\\/lechienblanc.com\\\/produit\\\/collier-martingale-padde\\\/\"]}]},{\"@type\":\"ImageObject\",\"inLanguage\":\"en-US\",\"@id\":\"https:\\\/\\\/lechienblanc.com\\\/produit\\\/collier-martingale-padde\\\/#primaryimage\",\"url\":\"https:\\\/\\\/lechienblanc.com\\\/wp-content\\\/uploads\\\/2024\\\/03\\\/Collier1.jpg\",\"contentUrl\":\"https:\\\/\\\/lechienblanc.com\\\/wp-content\\\/uploads\\\/2024\\\/03\\\/Collier1.jpg\",\"width\":800,\"height\":696},{\"@type\":\"BreadcrumbList\",\"@id\":\"https:\\\/\\\/lechienblanc.com\\\/produit\\\/collier-martingale-padde\\\/#breadcrumb\",\"itemListElement\":[{\"@type\":\"ListItem\",\"position\":1,\"name\":\"Accueil\",\"item\":\"https:\\\/\\\/lechienblanc.com\\\/\"},{\"@type\":\"ListItem\",\"position\":2,\"name\":\"BOUTIQUE\",\"item\":\"https:\\\/\\\/lechienblanc.com\\\/\"},{\"@type\":\"ListItem\",\"position\":3,\"name\":\"COLLIER MARTINGALE PADD\u00c9\"}]},{\"@type\":\"WebSite\",\"@id\":\"https:\\\/\\\/lechienblanc.com\\\/#website\",\"url\":\"https:\\\/\\\/lechienblanc.com\\\/\",\"name\":\"Le Chien Blanc\",\"description\":\"Accessoires pour chiens\",\"publisher\":{\"@id\":\"https:\\\/\\\/lechienblanc.com\\\/#organization\"},\"potentialAction\":[{\"@type\":\"SearchAction\",\"target\":{\"@type\":\"EntryPoint\",\"urlTemplate\":\"https:\\\/\\\/lechienblanc.com\\\/?s={search_term_string}\"},\"query-input\":{\"@type\":\"PropertyValueSpecification\",\"valueRequired\":true,\"valueName\":\"search_term_string\"}}],\"inLanguage\":\"en-US\"},{\"@type\":\"Organization\",\"@id\":\"https:\\\/\\\/lechienblanc.com\\\/#organization\",\"name\":\"Le Chien Blanc\",\"url\":\"https:\\\/\\\/lechienblanc.com\\\/\",\"logo\":{\"@type\":\"ImageObject\",\"inLanguage\":\"en-US\",\"@id\":\"https:\\\/\\\/lechienblanc.com\\\/#\\\/schema\\\/logo\\\/image\\\/\",\"url\":\"http:\\\/\\\/lechienblanc.com\\\/wp-content\\\/uploads\\\/2019\\\/09\\\/LogoHeaderLCB.png\",\"contentUrl\":\"http:\\\/\\\/lechienblanc.com\\\/wp-content\\\/uploads\\\/2019\\\/09\\\/LogoHeaderLCB.png\",\"width\":366,\"height\":286,\"caption\":\"Le Chien Blanc\"},\"image\":{\"@id\":\"https:\\\/\\\/lechienblanc.com\\\/#\\\/schema\\\/logo\\\/image\\\/\"},\"sameAs\":[\"https:\\\/\\\/www.facebook.com\\\/golechienblanc\",\"https:\\\/\\\/www.instagram.com\\\/golechienblanc\\\/\"]}]}<\/script>\n<!-- \/ Yoast SEO plugin. -->","yoast_head_json":{"title":"COLLIER MARTINGALE PADD\u00c9 - Le Chien Blanc","description":"Voici nos nouveaux colliers martingale padd\u00e9, con\u00e7us pour offrir un maximum de confort et d'efficacit\u00e9 lors des activit\u00e9s quotidiennes avec votre chien.","robots":{"index":"index","follow":"follow","max-snippet":"max-snippet:-1","max-image-preview":"max-image-preview:large","max-video-preview":"max-video-preview:-1"},"canonical":"https:\/\/lechienblanc.com\/en\/product\/collier-martingale-padde\/","og_locale":"en_US","og_type":"article","og_title":"COLLIER MARTINGALE PADD\u00c9 - Le Chien Blanc","og_description":"Voici nos nouveaux colliers martingale padd\u00e9, con\u00e7us pour offrir un maximum de confort et d'efficacit\u00e9 lors des activit\u00e9s quotidiennes avec votre chien.","og_url":"https:\/\/lechienblanc.com\/en\/product\/collier-martingale-padde\/","og_site_name":"Le Chien Blanc","article_publisher":"https:\/\/www.facebook.com\/golechienblanc","article_modified_time":"2024-12-17T15:02:40+00:00","og_image":[{"width":800,"height":696,"url":"http:\/\/lechienblanc.com\/wp-content\/uploads\/2024\/03\/Collier1.jpg","type":"image\/jpeg"}],"schema":{"@context":"https:\/\/schema.org","@graph":[{"@type":"WebPage","@id":"https:\/\/lechienblanc.com\/produit\/collier-martingale-padde\/","url":"https:\/\/lechienblanc.com\/produit\/collier-martingale-padde\/","name":"COLLIER MARTINGALE PADD\u00c9 - Le Chien Blanc","isPartOf":{"@id":"https:\/\/lechienblanc.com\/#website"},"primaryImageOfPage":{"@id":"https:\/\/lechienblanc.com\/produit\/collier-martingale-padde\/#primaryimage"},"image":{"@id":"https:\/\/lechienblanc.com\/produit\/collier-martingale-padde\/#primaryimage"},"thumbnailUrl":"https:\/\/lechienblanc.com\/wp-content\/uploads\/2024\/03\/Collier1.jpg","datePublished":"2024-03-12T14:31:25+00:00","dateModified":"2024-12-17T15:02:40+00:00","description":"Voici nos nouveaux colliers martingale padd\u00e9, con\u00e7us pour offrir un maximum de confort et d'efficacit\u00e9 lors des activit\u00e9s quotidiennes avec votre chien.","breadcrumb":{"@id":"https:\/\/lechienblanc.com\/produit\/collier-martingale-padde\/#breadcrumb"},"inLanguage":"en-US","potentialAction":[{"@type":"ReadAction","target":["https:\/\/lechienblanc.com\/produit\/collier-martingale-padde\/"]}]},{"@type":"ImageObject","inLanguage":"en-US","@id":"https:\/\/lechienblanc.com\/produit\/collier-martingale-padde\/#primaryimage","url":"https:\/\/lechienblanc.com\/wp-content\/uploads\/2024\/03\/Collier1.jpg","contentUrl":"https:\/\/lechienblanc.com\/wp-content\/uploads\/2024\/03\/Collier1.jpg","width":800,"height":696},{"@type":"BreadcrumbList","@id":"https:\/\/lechienblanc.com\/produit\/collier-martingale-padde\/#breadcrumb","itemListElement":[{"@type":"ListItem","position":1,"name":"Accueil","item":"https:\/\/lechienblanc.com\/"},{"@type":"ListItem","position":2,"name":"BOUTIQUE","item":"https:\/\/lechienblanc.com\/"},{"@type":"ListItem","position":3,"name":"COLLIER MARTINGALE PADD\u00c9"}]},{"@type":"WebSite","@id":"https:\/\/lechienblanc.com\/#website","url":"https:\/\/lechienblanc.com\/","name":"Le Chien Blanc","description":"Accessoires pour chiens","publisher":{"@id":"https:\/\/lechienblanc.com\/#organization"},"potentialAction":[{"@type":"SearchAction","target":{"@type":"EntryPoint","urlTemplate":"https:\/\/lechienblanc.com\/?s={search_term_string}"},"query-input":{"@type":"PropertyValueSpecification","valueRequired":true,"valueName":"search_term_string"}}],"inLanguage":"en-US"},{"@type":"Organization","@id":"https:\/\/lechienblanc.com\/#organization","name":"Le Chien Blanc","url":"https:\/\/lechienblanc.com\/","logo":{"@type":"ImageObject","inLanguage":"en-US","@id":"https:\/\/lechienblanc.com\/#\/schema\/logo\/image\/","url":"http:\/\/lechienblanc.com\/wp-content\/uploads\/2019\/09\/LogoHeaderLCB.png","contentUrl":"http:\/\/lechienblanc.com\/wp-content\/uploads\/2019\/09\/LogoHeaderLCB.png","width":366,"height":286,"caption":"Le Chien Blanc"},"image":{"@id":"https:\/\/lechienblanc.com\/#\/schema\/logo\/image\/"},"sameAs":["https:\/\/www.facebook.com\/golechienblanc","https:\/\/www.instagram.com\/golechienblanc\/"]}]}},"_links":{"self":[{"href":"https:\/\/lechienblanc.com\/en\/wp-json\/wp\/v2\/product\/10232","targetHints":{"allow":["GET"]}}],"collection":[{"href":"https:\/\/lechienblanc.com\/en\/wp-json\/wp\/v2\/product"}],"about":[{"href":"https:\/\/lechienblanc.com\/en\/wp-json\/wp\/v2\/types\/product"}],"wp:featuredmedia":[{"embeddable":true,"href":"https:\/\/lechienblanc.com\/en\/wp-json\/wp\/v2\/media\/10246"}],"wp:attachment":[{"href":"https:\/\/lechienblanc.com\/en\/wp-json\/wp\/v2\/media?parent=10232"}],"wp:term":[{"taxonomy":"product_brand","embeddable":true,"href":"https:\/\/lechienblanc.com\/en\/wp-json\/wp\/v2\/product_brand?post=10232"},{"taxonomy":"product_cat","embeddable":true,"href":"https:\/\/lechienblanc.com\/en\/wp-json\/wp\/v2\/product_cat?post=10232"},{"taxonomy":"product_tag","embeddable":true,"href":"https:\/\/lechienblanc.com\/en\/wp-json\/wp\/v2\/product_tag?post=10232"}],"curies":[{"name":"wp","href":"https:\/\/api.w.org\/{rel}","templated":true}]}}