{"id":9034,"date":"2023-09-28T22:03:45","date_gmt":"2023-09-29T02:03:45","guid":{"rendered":"http:\/\/lechienblanc.com\/?page_id=9034"},"modified":"2024-12-17T01:43:21","modified_gmt":"2024-12-17T06:43:21","slug":"politique-de-confidentialite","status":"publish","type":"page","link":"https:\/\/lechienblanc.com\/en\/politique-de-confidentialite\/","title":{"rendered":"POLITIQUE DE CONFIDENTIALIT\u00c9"},"content":{"rendered":"<p>[et_pb_section fb_built=\u00a0\u00bb1&Prime; admin_label=\u00a0\u00bbsection\u00a0\u00bb _builder_version=\u00a0\u00bb4.27.4&Prime; hover_enabled=\u00a0\u00bb0&Prime; global_colors_info=\u00a0\u00bb{}\u00a0\u00bb custom_padding=\u00a0\u00bb55px||55px||true|false\u00a0\u00bb sticky_enabled=\u00a0\u00bb0&Prime;][et_pb_row admin_label=\u00a0\u00bbrow\u00a0\u00bb _builder_version=\u00a0\u00bb4.27.4&Prime; background_size=\u00a0\u00bbinitial\u00a0\u00bb background_position=\u00a0\u00bbtop_left\u00a0\u00bb background_repeat=\u00a0\u00bbrepeat\u00a0\u00bb width=\u00a0\u00bb92%\u00a0\u00bb custom_padding=\u00a0\u00bb0px||0px||false|false\u00a0\u00bb hover_enabled=\u00a0\u00bb0&Prime; global_colors_info=\u00a0\u00bb{}\u00a0\u00bb sticky_enabled=\u00a0\u00bb0&Prime;][et_pb_column type=\u00a0\u00bb4_4&Prime; _builder_version=\u00a0\u00bb4.16&Prime; custom_padding=\u00a0\u00bb|||\u00a0\u00bb global_colors_info=\u00a0\u00bb{}\u00a0\u00bb custom_padding__hover=\u00a0\u00bb|||\u00a0\u00bb][et_pb_text _builder_version=\u00a0\u00bb4.22.2&Prime; header_font=\u00a0\u00bbHeebo||||||||\u00a0\u00bb header_text_align=\u00a0\u00bbleft\u00a0\u00bb global_colors_info=\u00a0\u00bb{}\u00a0\u00bb]<\/p>\n<h2>Politique de confidentialit\u00e9<\/h2>\n<p>Cette politique de confidentialit\u00e9 contient des informations sur les types de donn\u00e9es que nous collectons, stockons, utilisons, transmettons via votre utilisation de nos services. Nous nous effor\u00e7ons \u00e9galement d&rsquo;expliquer pourquoi ces donn\u00e9es sont importantes pour am\u00e9liorer nos services et l&rsquo;exp\u00e9rience utilisateur dans son ensemble. Ce site Web, www.lechienblanc.com, et tous les sous-r\u00e9pertoires seront appel\u00e9s ce \u00abSite\u00bb ou \u00absite\u00bb.<\/p>\n<h2>Informations que nous collectons<\/h2>\n<p>Chez Le Chien Blanc, nous collectons une gamme d&rsquo;informations \u00e0 utiliser pour vous offrir une exp\u00e9rience am\u00e9lior\u00e9e en tant qu&rsquo;utilisateur. De ces informations, nous pouvons collecter et traiter des donn\u00e9es via nos diff\u00e9rents formulaires d&rsquo;inscription sur notre site. Ces informations peuvent \u00eatre des choses telles que, mais sans s&rsquo;y limiter:<\/p>\n<p>\u2022 Adresse courriel<br \/>\u2022 Pr\u00e9nom et nom de famille<br \/>\u2022 Adresse<br \/>\u2022 Num\u00e9ro de t\u00e9l\u00e9phone<\/p>\n<p>Toutes les autres donn\u00e9es que nous collectons seront not\u00e9es sur nos formulaires via notre site Web. Ces donn\u00e9es sont votre propri\u00e9t\u00e9 et peuvent vous \u00eatre transmises ou supprim\u00e9es \u00e0 tout moment avec votre demande.<\/p>\n<p>Le Chien Blanc collecte et utilise \u00e9galement des donn\u00e9es analytiques telles que des donn\u00e9es d\u00e9mographiques de base, des donn\u00e9es de navigateur\/navigation, des donn\u00e9es de localisation, des donn\u00e9es d&rsquo;appareil et des donn\u00e9es d&rsquo;interaction avec l&rsquo;utilisateur. Nous collectons ces donn\u00e9es afin de cr\u00e9er de meilleures campagnes marketing et d&rsquo;am\u00e9liorer l&rsquo;exp\u00e9rience utilisateur.<\/p>\n<h2>Comment nous utilisons vos informations<\/h2>\n<p>Le Chien Blanc utilisera les informations que nous recueillons aupr\u00e8s de vous de diverses mani\u00e8res. Il s&rsquo;agit, mais sans s&rsquo;y limiter : d&rsquo;ex\u00e9cuter les commandes et les achats que vous avez demand\u00e9s, de vous contacter au sujet d&rsquo;achats ant\u00e9rieurs ou d&rsquo;autres utilisations de nos services, et de commercialiser nos services.<\/p>\n<p>Nous utilisons les donn\u00e9es analytiques que nous collectons pour nous aider \u00e0 d\u00e9tecter les risques potentiels et la fraude (en particulier, votre adresse IP), et plus g\u00e9n\u00e9ralement pour am\u00e9liorer et optimiser notre Site (par exemple, en g\u00e9n\u00e9rant des analyses sur la fa\u00e7on dont nos clients naviguent et interagissent avec le Site, et d&rsquo;\u00e9valuer le succ\u00e8s de nos campagnes marketing et publicitaires).<\/p>\n<h2>Comment nous partageons vos informations<\/h2>\n<p>Le Chien Blanc peut partager vos informations personnelles avec des tiers pour nous aider \u00e0 utiliser vos informations personnelles, comme d\u00e9crit ci-dessus. Nous utilisons \u00e9galement Google Analytics pour nous aider \u00e0 comprendre comment nos clients utilisent le site. En savoir plus sur la fa\u00e7on dont Google utilise vos informations personnelles ici:<\/p>\n<p><a href=\"https:\/\/www.google.com\/intl\/fr\/policies\/privacy\/\" target=\"_blank\" rel=\"noopener\" title=\"https:\/\/www.google.com\/intl\/fr\/policies\/privacy\/\">https:\/\/www.google.com\/intl\/fr\/policies\/privacy\/<\/a><\/p>\n<p>Le Chien Blanc peut \u00e9galement partager vos informations personnelles pour se conformer aux lois et r\u00e9glementations applicables, pour r\u00e9pondre \u00e0 une citation \u00e0 compara\u00eetre, \u00e0 un mandat de perquisition ou \u00e0 toute autre demande l\u00e9gale d&rsquo;informations que nous recevons, ou pour prot\u00e9ger nos droits d&rsquo;une autre mani\u00e8re.<\/p>\n<h2>Stockage des informations<\/h2>\n<p>Chez Le Chien Blanc, nous pouvons \u00e9galement stocker certaines de vos donn\u00e9es pendant une p\u00e9riode prolong\u00e9e. Comme indiqu\u00e9 dans vos droits, vous aurez la possibilit\u00e9 de demander que nous supprimions toutes les donn\u00e9es stock\u00e9es, enregistrements, etc. qui ont \u00e9t\u00e9 enregistr\u00e9s lors de votre utilisation de notre site Web. Veuillez nous contacter via <a href=\"http:\/\/lechienblanc.com\/contact\/\" title=\"http:\/\/lechienblanc.com\/contact\/\">NOTRE PAGE DE CONTACT<\/a> si vous souhaitez que vos donn\u00e9es soient supprim\u00e9es.<\/p>\n<h2>Vos droits<\/h2>\n<p>Le Chien Blanc s&rsquo;efforce de respecter les droits \u00e0 la vie priv\u00e9e de votre pays ou des lois sur la protection de la vie priv\u00e9e. Si cela est justifi\u00e9, un utilisateur a le droit de:<\/p>\n<p>\u2022 Demander des donn\u00e9es personnelles d\u00e9tenues par Le Chien Blanc<br \/>\u2022 Demander la suppression des donn\u00e9es personnelles de toutes les bases de donn\u00e9es internes<br \/>\u2022 Demander \u00e0 quelles fins les donn\u00e9es personnelles sont utilis\u00e9es<br \/>\u2022 Demander que les donn\u00e9es personnelles cessent d&rsquo;\u00eatre utilis\u00e9es par Le Chien Blanc \u00e0 quelque titre que ce soit<br \/>\u2022 D\u00e9sactiver le marketing, les listes de diffusion<\/p>\n<p>Ces demandes par tout utilisateur concern\u00e9 seront trait\u00e9es en temps opportun et un avis sera donn\u00e9 \u00e0 la fin de la demande.<\/p>\n<h2>La protection de vos donn\u00e9es<\/h2>\n<p>La protection de vos donn\u00e9es est tr\u00e8s importante pour nous. Le Chien Blanc utilise diverses mesures de protection pour garantir la s\u00e9curit\u00e9 de vos donn\u00e9es. Toutes les informations sensibles que nous pouvons ou non collecter (num\u00e9ros de carte de cr\u00e9dit, num\u00e9ros de s\u00e9curit\u00e9 sociale, mots de passe, etc.) seront transmises via l&rsquo;utilisation d&rsquo;un SSL (secure socket layer). Pour v\u00e9rifier le certificat de ce site Web, cliquez sur l&rsquo;URL de verrouillage de votre navigateur.<\/p>\n<p>Les donn\u00e9es sensibles qui sont stock\u00e9es peuvent \u00e9galement \u00eatre crypt\u00e9es d&rsquo;une certaine mani\u00e8re dans la ou les bases de donn\u00e9es de Le Chien Blanc ou dans une ou plusieurs bases de donn\u00e9es de tiers de confiance. Pour plus d&rsquo;informations sur la fa\u00e7on dont nous prot\u00e9geons vos donn\u00e9es, veuillez nous contacter.<\/p>\n<h2>Modifications apport\u00e9es \u00e0 ce document<\/h2>\n<p>Le Chien Blanc peut changer ou modifier ce document \u00e0 mesure que nos politiques et pratiques changent. Nous nous r\u00e9servons le droit de le faire avec ou sans pr\u00e9avis \u00e0 nos utilisateurs.<\/p>\n<h2>Nous joindre<\/h2>\n<p>Pour toute question concernant notre politique de confidentialit\u00e9, veuillez nous contacter. Vous pouvez nous contacter via <a href=\"http:\/\/lechienblanc.com\/contact\/\" title=\"http:\/\/lechienblanc.com\/contact\/\">LA PAGE CONTACT DE NOTRE SITE<\/a> ou en envoyant directement un courrier \u00e9lectronique \u00e0 info@lechienblanc.com.<\/p>\n<p>[\/et_pb_text][\/et_pb_column][\/et_pb_row][\/et_pb_section]<\/p>\n","protected":false},"excerpt":{"rendered":"<p>Politique de confidentialit\u00e9 Cette politique de confidentialit\u00e9 contient des informations sur les types de donn\u00e9es que nous collectons, stockons, utilisons, transmettons via votre utilisation de nos services. Nous nous effor\u00e7ons \u00e9galement d&rsquo;expliquer pourquoi ces donn\u00e9es sont importantes pour am\u00e9liorer nos services et l&rsquo;exp\u00e9rience utilisateur dans son ensemble. Ce site Web, www.lechienblanc.com, et tous les sous-r\u00e9pertoires [&hellip;]<\/p>\n","protected":false},"author":1,"featured_media":0,"parent":0,"menu_order":0,"comment_status":"closed","ping_status":"closed","template":"","meta":{"_et_pb_use_builder":"on","_et_pb_old_content":"","_et_gb_content_width":"","footnotes":""},"class_list":["post-9034","page","type-page","status-publish","hentry"],"yoast_head":"<!-- This site is optimized with the Yoast SEO plugin v27.4 - https:\/\/yoast.com\/product\/yoast-seo-wordpress\/ -->\n<title>Apprenez en plus sur Le chien blanc<\/title>\n<meta name=\"description\" content=\"Politique de confidentialit\u00e9. Informations que nous collectons. Comment nous utilisons vos informations.\" \/>\n<meta name=\"robots\" content=\"index, follow, max-snippet:-1, max-image-preview:large, max-video-preview:-1\" \/>\n<link rel=\"canonical\" href=\"https:\/\/lechienblanc.com\/en\/politique-de-confidentialite\/\" \/>\n<meta property=\"og:locale\" content=\"en_US\" \/>\n<meta property=\"og:type\" content=\"article\" \/>\n<meta property=\"og:title\" content=\"Apprenez en plus sur Le chien blanc\" \/>\n<meta property=\"og:description\" content=\"Politique de confidentialit\u00e9. Informations que nous collectons. Comment nous utilisons vos informations.\" \/>\n<meta property=\"og:url\" content=\"https:\/\/lechienblanc.com\/en\/politique-de-confidentialite\/\" \/>\n<meta property=\"og:site_name\" content=\"Le Chien Blanc\" \/>\n<meta property=\"article:publisher\" content=\"https:\/\/www.facebook.com\/golechienblanc\" \/>\n<meta property=\"article:modified_time\" content=\"2024-12-17T06:43:21+00:00\" \/>\n<script type=\"application\/ld+json\" class=\"yoast-schema-graph\">{\"@context\":\"https:\\\/\\\/schema.org\",\"@graph\":[{\"@type\":\"WebPage\",\"@id\":\"https:\\\/\\\/lechienblanc.com\\\/politique-de-confidentialite\\\/\",\"url\":\"https:\\\/\\\/lechienblanc.com\\\/politique-de-confidentialite\\\/\",\"name\":\"Apprenez en plus sur Le chien blanc\",\"isPartOf\":{\"@id\":\"https:\\\/\\\/lechienblanc.com\\\/#website\"},\"datePublished\":\"2023-09-29T02:03:45+00:00\",\"dateModified\":\"2024-12-17T06:43:21+00:00\",\"description\":\"Politique de confidentialit\u00e9. Informations que nous collectons. Comment nous utilisons vos informations.\",\"breadcrumb\":{\"@id\":\"https:\\\/\\\/lechienblanc.com\\\/politique-de-confidentialite\\\/#breadcrumb\"},\"inLanguage\":\"en-US\",\"potentialAction\":[{\"@type\":\"ReadAction\",\"target\":[\"https:\\\/\\\/lechienblanc.com\\\/politique-de-confidentialite\\\/\"]}]},{\"@type\":\"BreadcrumbList\",\"@id\":\"https:\\\/\\\/lechienblanc.com\\\/politique-de-confidentialite\\\/#breadcrumb\",\"itemListElement\":[{\"@type\":\"ListItem\",\"position\":1,\"name\":\"Accueil\",\"item\":\"https:\\\/\\\/lechienblanc.com\\\/\"},{\"@type\":\"ListItem\",\"position\":2,\"name\":\"POLITIQUE DE CONFIDENTIALIT\u00c9\"}]},{\"@type\":\"WebSite\",\"@id\":\"https:\\\/\\\/lechienblanc.com\\\/#website\",\"url\":\"https:\\\/\\\/lechienblanc.com\\\/\",\"name\":\"Le Chien Blanc\",\"description\":\"Accessoires pour chiens\",\"publisher\":{\"@id\":\"https:\\\/\\\/lechienblanc.com\\\/#organization\"},\"potentialAction\":[{\"@type\":\"SearchAction\",\"target\":{\"@type\":\"EntryPoint\",\"urlTemplate\":\"https:\\\/\\\/lechienblanc.com\\\/?s={search_term_string}\"},\"query-input\":{\"@type\":\"PropertyValueSpecification\",\"valueRequired\":true,\"valueName\":\"search_term_string\"}}],\"inLanguage\":\"en-US\"},{\"@type\":\"Organization\",\"@id\":\"https:\\\/\\\/lechienblanc.com\\\/#organization\",\"name\":\"Le Chien Blanc\",\"url\":\"https:\\\/\\\/lechienblanc.com\\\/\",\"logo\":{\"@type\":\"ImageObject\",\"inLanguage\":\"en-US\",\"@id\":\"https:\\\/\\\/lechienblanc.com\\\/#\\\/schema\\\/logo\\\/image\\\/\",\"url\":\"http:\\\/\\\/lechienblanc.com\\\/wp-content\\\/uploads\\\/2019\\\/09\\\/LogoHeaderLCB.png\",\"contentUrl\":\"http:\\\/\\\/lechienblanc.com\\\/wp-content\\\/uploads\\\/2019\\\/09\\\/LogoHeaderLCB.png\",\"width\":366,\"height\":286,\"caption\":\"Le Chien Blanc\"},\"image\":{\"@id\":\"https:\\\/\\\/lechienblanc.com\\\/#\\\/schema\\\/logo\\\/image\\\/\"},\"sameAs\":[\"https:\\\/\\\/www.facebook.com\\\/golechienblanc\",\"https:\\\/\\\/www.instagram.com\\\/golechienblanc\\\/\"]}]}<\/script>\n<!-- \/ Yoast SEO plugin. -->","yoast_head_json":{"title":"Apprenez en plus sur Le chien blanc","description":"Politique de confidentialit\u00e9. Informations que nous collectons. Comment nous utilisons vos informations.","robots":{"index":"index","follow":"follow","max-snippet":"max-snippet:-1","max-image-preview":"max-image-preview:large","max-video-preview":"max-video-preview:-1"},"canonical":"https:\/\/lechienblanc.com\/en\/politique-de-confidentialite\/","og_locale":"en_US","og_type":"article","og_title":"Apprenez en plus sur Le chien blanc","og_description":"Politique de confidentialit\u00e9. Informations que nous collectons. Comment nous utilisons vos informations.","og_url":"https:\/\/lechienblanc.com\/en\/politique-de-confidentialite\/","og_site_name":"Le Chien Blanc","article_publisher":"https:\/\/www.facebook.com\/golechienblanc","article_modified_time":"2024-12-17T06:43:21+00:00","schema":{"@context":"https:\/\/schema.org","@graph":[{"@type":"WebPage","@id":"https:\/\/lechienblanc.com\/politique-de-confidentialite\/","url":"https:\/\/lechienblanc.com\/politique-de-confidentialite\/","name":"Apprenez en plus sur Le chien blanc","isPartOf":{"@id":"https:\/\/lechienblanc.com\/#website"},"datePublished":"2023-09-29T02:03:45+00:00","dateModified":"2024-12-17T06:43:21+00:00","description":"Politique de confidentialit\u00e9. Informations que nous collectons. Comment nous utilisons vos informations.","breadcrumb":{"@id":"https:\/\/lechienblanc.com\/politique-de-confidentialite\/#breadcrumb"},"inLanguage":"en-US","potentialAction":[{"@type":"ReadAction","target":["https:\/\/lechienblanc.com\/politique-de-confidentialite\/"]}]},{"@type":"BreadcrumbList","@id":"https:\/\/lechienblanc.com\/politique-de-confidentialite\/#breadcrumb","itemListElement":[{"@type":"ListItem","position":1,"name":"Accueil","item":"https:\/\/lechienblanc.com\/"},{"@type":"ListItem","position":2,"name":"POLITIQUE DE CONFIDENTIALIT\u00c9"}]},{"@type":"WebSite","@id":"https:\/\/lechienblanc.com\/#website","url":"https:\/\/lechienblanc.com\/","name":"Le Chien Blanc","description":"Accessoires pour chiens","publisher":{"@id":"https:\/\/lechienblanc.com\/#organization"},"potentialAction":[{"@type":"SearchAction","target":{"@type":"EntryPoint","urlTemplate":"https:\/\/lechienblanc.com\/?s={search_term_string}"},"query-input":{"@type":"PropertyValueSpecification","valueRequired":true,"valueName":"search_term_string"}}],"inLanguage":"en-US"},{"@type":"Organization","@id":"https:\/\/lechienblanc.com\/#organization","name":"Le Chien Blanc","url":"https:\/\/lechienblanc.com\/","logo":{"@type":"ImageObject","inLanguage":"en-US","@id":"https:\/\/lechienblanc.com\/#\/schema\/logo\/image\/","url":"http:\/\/lechienblanc.com\/wp-content\/uploads\/2019\/09\/LogoHeaderLCB.png","contentUrl":"http:\/\/lechienblanc.com\/wp-content\/uploads\/2019\/09\/LogoHeaderLCB.png","width":366,"height":286,"caption":"Le Chien Blanc"},"image":{"@id":"https:\/\/lechienblanc.com\/#\/schema\/logo\/image\/"},"sameAs":["https:\/\/www.facebook.com\/golechienblanc","https:\/\/www.instagram.com\/golechienblanc\/"]}]}},"_links":{"self":[{"href":"https:\/\/lechienblanc.com\/en\/wp-json\/wp\/v2\/pages\/9034","targetHints":{"allow":["GET"]}}],"collection":[{"href":"https:\/\/lechienblanc.com\/en\/wp-json\/wp\/v2\/pages"}],"about":[{"href":"https:\/\/lechienblanc.com\/en\/wp-json\/wp\/v2\/types\/page"}],"author":[{"embeddable":true,"href":"https:\/\/lechienblanc.com\/en\/wp-json\/wp\/v2\/users\/1"}],"replies":[{"embeddable":true,"href":"https:\/\/lechienblanc.com\/en\/wp-json\/wp\/v2\/comments?post=9034"}],"version-history":[{"count":2,"href":"https:\/\/lechienblanc.com\/en\/wp-json\/wp\/v2\/pages\/9034\/revisions"}],"predecessor-version":[{"id":12815,"href":"https:\/\/lechienblanc.com\/en\/wp-json\/wp\/v2\/pages\/9034\/revisions\/12815"}],"wp:attachment":[{"href":"https:\/\/lechienblanc.com\/en\/wp-json\/wp\/v2\/media?parent=9034"}],"curies":[{"name":"wp","href":"https:\/\/api.w.org\/{rel}","templated":true}]}}