{"id":393,"date":"2017-06-16T11:03:30","date_gmt":"2017-06-16T15:03:30","guid":{"rendered":"http:\/\/lechienblanc.com\/?page_id=393\/"},"modified":"2024-12-20T15:20:01","modified_gmt":"2024-12-20T20:20:01","slug":"a-propos","status":"publish","type":"page","link":"https:\/\/lechienblanc.com\/en\/a-propos\/","title":{"rendered":"ABOUT US"},"content":{"rendered":"<p>[et_pb_section fb_built=\u00a0\u00bb1&Prime; custom_padding_last_edited=\u00a0\u00bboff|desktop\u00a0\u00bb admin_label=\u00a0\u00bbsection\u00a0\u00bb _builder_version=\u00a0\u00bb4.27.4&Prime; custom_padding=\u00a0\u00bb55px||55px||true|\u00a0\u00bb custom_padding_tablet=\u00a0\u00bb55px||55px||true|\u00a0\u00bb custom_padding_phone=\u00a0\u00bb15px||15px||true|false\u00a0\u00bb global_colors_info=\u00a0\u00bb{}\u00a0\u00bb][et_pb_row column_structure=\u00a0\u00bb1_2,1_2&Prime; admin_label=\u00a0\u00bbrow\u00a0\u00bb _builder_version=\u00a0\u00bb4.27.4&Prime; background_size=\u00a0\u00bbinitial\u00a0\u00bb background_position=\u00a0\u00bbtop_left\u00a0\u00bb background_repeat=\u00a0\u00bbrepeat\u00a0\u00bb width=\u00a0\u00bb92%\u00a0\u00bb custom_padding=\u00a0\u00bb0px||0px||false|false\u00a0\u00bb global_colors_info=\u00a0\u00bb{}\u00a0\u00bb][et_pb_column type=\u00a0\u00bb1_2&Prime; _builder_version=\u00a0\u00bb4.16&Prime; custom_padding=\u00a0\u00bb|||\u00a0\u00bb global_colors_info=\u00a0\u00bb{}\u00a0\u00bb custom_padding__hover=\u00a0\u00bb|||\u00a0\u00bb][et_pb_text _builder_version=\u00a0\u00bb4.27.4&Prime; header_font=\u00a0\u00bbHeebo||||||||\u00a0\u00bb header_text_align=\u00a0\u00bbleft\u00a0\u00bb global_colors_info=\u00a0\u00bb{}\u00a0\u00bb]<\/p>\n<h2><strong>L\u2019ENTREPRISE<\/strong><\/h2>\n<p>LE CHIEN BLANC est une entreprise qu\u00e9b\u00e9coise fond\u00e9e en 2017 qui laisse d\u00e9j\u00e0 sa marque dans l\u2019industrie gr\u00e2ce \u00e0 ses produits audacieux, intemporels et hautement fonctionnels. LE CHIEN BLANC est manufacturier et distributeur de ses produits dans pr\u00e8s de 300 points de vente \u00e0 travers le Qu\u00e9bec et le Canada.<\/p>\n<p>D\u00e8s ses d\u00e9buts, l\u2019entreprise LE CHIEN BLANC s\u2019est donn\u00e9e pour mission d\u2019encourager les gens \u00e0 bouger, \u00e0 jouer dehors et \u00e0 int\u00e9grer leur chien dans toutes leurs activit\u00e9s quotidiennes en leur proposant une vaste gamme de produits judicieux et pratiques. LE CHIEN BLANC a pour objectif principal de rendre les humains et les chiens plus heureux ENSEMBLE.<\/p>\n<p>&nbsp;<\/p>\n<h2><strong>LES PRODUITS<\/strong><\/h2>\n<p>C\u2019est dehors, au fil des saisons, durant les promenades quotidiennes et de nombreuses aventures que sont imagin\u00e9s tous les produits LE CHIEN BLANC. Toutefois, c\u2019est dans un atelier situ\u00e9 \u00e0 St-Lambert de Lauzon que ces id\u00e9es se concr\u00e9tisent, que se r\u00e9alise la conception des produits et une grande partie de la fabrication.<\/p>\n<p>La ligne directrice est claire pour l\u2019entreprise : pas de flafla, pas de superflu, le produit doit \u00eatre utile, fonctionnel et le plus durable possible. Les d\u00e9tails ont tous leur utilit\u00e9 et r\u00e9pondent \u00e0 un besoin pr\u00e9cis. Chez LE CHIEN BLANC, le d\u00e9veloppement d\u2019un produit est un long processus. En effet, l\u2019article qui se retrouve dans vos mains a \u00e9t\u00e9 longuement r\u00e9fl\u00e9chi, test\u00e9 dans de nombreuses situations et am\u00e9lior\u00e9 \u00e0 maintes reprises.<\/p>\n<p>[\/et_pb_text][\/et_pb_column][et_pb_column type=\u00a0\u00bb1_2&Prime; _builder_version=\u00a0\u00bb4.16&Prime; custom_padding=\u00a0\u00bb|||\u00a0\u00bb global_colors_info=\u00a0\u00bb{}\u00a0\u00bb custom_padding__hover=\u00a0\u00bb|||\u00a0\u00bb][et_pb_image src=\u00a0\u00bbhttp:\/\/lechienblanc.com\/wp-content\/uploads\/2021\/03\/33333333.jpg\u00a0\u00bb title_text=\u00a0\u00bb33333333&Prime; align_tablet=\u00a0\u00bbcenter\u00a0\u00bb align_phone=\u00a0\u00bb\u00a0\u00bb align_last_edited=\u00a0\u00bbon|desktop\u00a0\u00bb admin_label=\u00a0\u00bbImage\u00a0\u00bb _builder_version=\u00a0\u00bb4.27.4&Prime; animation_direction=\u00a0\u00bbright\u00a0\u00bb hover_enabled=\u00a0\u00bb0&Prime; use_border_color=\u00a0\u00bboff\u00a0\u00bb border_color=\u00a0\u00bb#ffffff\u00a0\u00bb border_style=\u00a0\u00bbsolid\u00a0\u00bb animation=\u00a0\u00bbleft\u00a0\u00bb sticky=\u00a0\u00bboff\u00a0\u00bb always_center_on_mobile=\u00a0\u00bbon\u00a0\u00bb global_colors_info=\u00a0\u00bb{}\u00a0\u00bb sticky_enabled=\u00a0\u00bb0&Prime;]&nbsp;<br \/>\n[\/et_pb_image][\/et_pb_column][\/et_pb_row][et_pb_row admin_label=\u00a0\u00bbrow\u00a0\u00bb _builder_version=\u00a0\u00bb4.19.4&Prime; background_size=\u00a0\u00bbinitial\u00a0\u00bb background_position=\u00a0\u00bbtop_left\u00a0\u00bb background_repeat=\u00a0\u00bbrepeat\u00a0\u00bb width=\u00a0\u00bb92%\u00a0\u00bb custom_padding=\u00a0\u00bb||0px|||\u00a0\u00bb global_colors_info=\u00a0\u00bb{}\u00a0\u00bb][et_pb_column type=\u00a0\u00bb4_4&Prime; _builder_version=\u00a0\u00bb4.16&Prime; custom_padding=\u00a0\u00bb|||\u00a0\u00bb global_colors_info=\u00a0\u00bb{}\u00a0\u00bb custom_padding__hover=\u00a0\u00bb|||\u00a0\u00bb][et_pb_text _builder_version=\u00a0\u00bb4.27.4&Prime; header_font=\u00a0\u00bbHeebo||||||||\u00a0\u00bb header_text_align=\u00a0\u00bbleft\u00a0\u00bb global_colors_info=\u00a0\u00bb{}\u00a0\u00bb]<\/p>\n<h2><strong>VALEURS ET ENGAGEMENTS<\/strong><\/h2>\n<p>L\u2019entreprise LE CHIEN BLANC a un grand respect pour les chiens et elle se soucie de leur bien-\u00eatre. C\u2019est pourquoi, s\u2019assurer de leur bonheur et de leur confort est et sera toujours une priorit\u00e9.<\/p>\n<p>LE CHIEN BLANC s\u2019engage \u00e0 offrir des produits innovants et de qualit\u00e9. L\u2019entreprise est r\u00e9ellement \u00e0 l\u2019\u00e9coute des ses clients, tous les commentaires re\u00e7us sont pris en compte dans le but de toujours am\u00e9liorer les produits offerts.<\/p>\n<p>Durant les derni\u00e8res ann\u00e9es, l\u2019entreprise LE CHIEN BLANC a entam\u00e9 une transition pour amener sa production \u00e0 \u00eatre majoritairement fabriqu\u00e9e au Qu\u00e9bec. Elle est fi\u00e8re de pouvoir affirmer que la majorit\u00e9 de ses produits sont fabriqu\u00e9s ici. Par souci de transparence, LE CHIEN BLANC indique clairement sur les \u00e9tiquettes de ses produits et sur sa boutique en ligne la provenance des produits qui sont fabriqu\u00e9s \u00e0 l\u2019ext\u00e9rieur (\u00c9tats-Unis ou Chine).<\/p>\n<p>LE CHIEN BLANC croit profond\u00e9ment \u00e0 l\u2019entraide. La mission principale de LE CHIEN BLANC est de rendre les chiens et les humains plus heureux ensemble, mais pour y parvenir, il faut d\u2019abord s\u2019assurer que leurs besoins de base soient combl\u00e9s. C\u2019est la raison pour laquelle, chaque ann\u00e9e, l\u2019entreprise choisit de verser des dons \u00e0 des organismes qui viennent concr\u00e8tement en aide autant aux chiens qu\u2019aux humains.<\/p>\n<p>&nbsp;<\/p>\n<h1>LE CHIEN BLANC, c\u2019est un STYLE DE VIE.<\/h1>\n<p><em>#momentlechienblanc<\/em><\/p>\n<p>[\/et_pb_text][\/et_pb_column][\/et_pb_row][\/et_pb_section]<\/p>\n","protected":false},"excerpt":{"rendered":"<p>L\u2019ENTREPRISE LE CHIEN BLANC est une entreprise qu\u00e9b\u00e9coise fond\u00e9e en 2017 qui laisse d\u00e9j\u00e0 sa marque dans l\u2019industrie gr\u00e2ce \u00e0 ses produits audacieux, intemporels et hautement fonctionnels. LE CHIEN BLANC est manufacturier et distributeur de ses produits dans pr\u00e8s de 300 points de vente \u00e0 travers le Qu\u00e9bec et le Canada. D\u00e8s ses d\u00e9buts, l\u2019entreprise [&hellip;]<\/p>\n","protected":false},"author":1,"featured_media":0,"parent":0,"menu_order":0,"comment_status":"closed","ping_status":"closed","template":"","meta":{"_et_pb_use_builder":"on","_et_pb_old_content":"","_et_gb_content_width":"","footnotes":""},"class_list":["post-393","page","type-page","status-publish","hentry"],"yoast_head":"<!-- This site is optimized with the Yoast SEO plugin v27.4 - https:\/\/yoast.com\/product\/yoast-seo-wordpress\/ -->\n<title>Apprenez en plus sur Le chien blanc<\/title>\n<meta name=\"description\" content=\"Le Chien Blanc est issu d\u2019un mode de vie. Celui d\u2019avoir un chien et de r\u00e9ellement vivre avec, partager toutes les activit\u00e9s de plein air ensemble.\" \/>\n<meta name=\"robots\" content=\"index, follow, max-snippet:-1, max-image-preview:large, max-video-preview:-1\" \/>\n<link rel=\"canonical\" href=\"https:\/\/lechienblanc.com\/en\/a-propos\/\" \/>\n<meta property=\"og:locale\" content=\"en_US\" \/>\n<meta property=\"og:type\" content=\"article\" \/>\n<meta property=\"og:title\" content=\"Apprenez en plus sur Le chien blanc\" \/>\n<meta property=\"og:description\" content=\"Le Chien Blanc est issu d\u2019un mode de vie. Celui d\u2019avoir un chien et de r\u00e9ellement vivre avec, partager toutes les activit\u00e9s de plein air ensemble.\" \/>\n<meta property=\"og:url\" content=\"https:\/\/lechienblanc.com\/en\/a-propos\/\" \/>\n<meta property=\"og:site_name\" content=\"Le Chien Blanc\" \/>\n<meta property=\"article:publisher\" content=\"https:\/\/www.facebook.com\/golechienblanc\" \/>\n<meta property=\"article:modified_time\" content=\"2024-12-20T20:20:01+00:00\" \/>\n<script type=\"application\/ld+json\" class=\"yoast-schema-graph\">{\"@context\":\"https:\\\/\\\/schema.org\",\"@graph\":[{\"@type\":\"WebPage\",\"@id\":\"https:\\\/\\\/lechienblanc.com\\\/a-propos\\\/\",\"url\":\"https:\\\/\\\/lechienblanc.com\\\/a-propos\\\/\",\"name\":\"Apprenez en plus sur Le chien blanc\",\"isPartOf\":{\"@id\":\"https:\\\/\\\/lechienblanc.com\\\/#website\"},\"datePublished\":\"2017-06-16T15:03:30+00:00\",\"dateModified\":\"2024-12-20T20:20:01+00:00\",\"description\":\"Le Chien Blanc est issu d\u2019un mode de vie. Celui d\u2019avoir un chien et de r\u00e9ellement vivre avec, partager toutes les activit\u00e9s de plein air ensemble.\",\"breadcrumb\":{\"@id\":\"https:\\\/\\\/lechienblanc.com\\\/a-propos\\\/#breadcrumb\"},\"inLanguage\":\"en-US\",\"potentialAction\":[{\"@type\":\"ReadAction\",\"target\":[\"https:\\\/\\\/lechienblanc.com\\\/a-propos\\\/\"]}]},{\"@type\":\"BreadcrumbList\",\"@id\":\"https:\\\/\\\/lechienblanc.com\\\/a-propos\\\/#breadcrumb\",\"itemListElement\":[{\"@type\":\"ListItem\",\"position\":1,\"name\":\"Accueil\",\"item\":\"https:\\\/\\\/lechienblanc.com\\\/\"},{\"@type\":\"ListItem\",\"position\":2,\"name\":\"\u00c0 PROPOS\"}]},{\"@type\":\"WebSite\",\"@id\":\"https:\\\/\\\/lechienblanc.com\\\/#website\",\"url\":\"https:\\\/\\\/lechienblanc.com\\\/\",\"name\":\"Le Chien Blanc\",\"description\":\"Accessoires pour chiens\",\"publisher\":{\"@id\":\"https:\\\/\\\/lechienblanc.com\\\/#organization\"},\"potentialAction\":[{\"@type\":\"SearchAction\",\"target\":{\"@type\":\"EntryPoint\",\"urlTemplate\":\"https:\\\/\\\/lechienblanc.com\\\/?s={search_term_string}\"},\"query-input\":{\"@type\":\"PropertyValueSpecification\",\"valueRequired\":true,\"valueName\":\"search_term_string\"}}],\"inLanguage\":\"en-US\"},{\"@type\":\"Organization\",\"@id\":\"https:\\\/\\\/lechienblanc.com\\\/#organization\",\"name\":\"Le Chien Blanc\",\"url\":\"https:\\\/\\\/lechienblanc.com\\\/\",\"logo\":{\"@type\":\"ImageObject\",\"inLanguage\":\"en-US\",\"@id\":\"https:\\\/\\\/lechienblanc.com\\\/#\\\/schema\\\/logo\\\/image\\\/\",\"url\":\"http:\\\/\\\/lechienblanc.com\\\/wp-content\\\/uploads\\\/2019\\\/09\\\/LogoHeaderLCB.png\",\"contentUrl\":\"http:\\\/\\\/lechienblanc.com\\\/wp-content\\\/uploads\\\/2019\\\/09\\\/LogoHeaderLCB.png\",\"width\":366,\"height\":286,\"caption\":\"Le Chien Blanc\"},\"image\":{\"@id\":\"https:\\\/\\\/lechienblanc.com\\\/#\\\/schema\\\/logo\\\/image\\\/\"},\"sameAs\":[\"https:\\\/\\\/www.facebook.com\\\/golechienblanc\",\"https:\\\/\\\/www.instagram.com\\\/golechienblanc\\\/\"]}]}<\/script>\n<!-- \/ Yoast SEO plugin. -->","yoast_head_json":{"title":"Apprenez en plus sur Le chien blanc","description":"Le Chien Blanc est issu d\u2019un mode de vie. Celui d\u2019avoir un chien et de r\u00e9ellement vivre avec, partager toutes les activit\u00e9s de plein air ensemble.","robots":{"index":"index","follow":"follow","max-snippet":"max-snippet:-1","max-image-preview":"max-image-preview:large","max-video-preview":"max-video-preview:-1"},"canonical":"https:\/\/lechienblanc.com\/en\/a-propos\/","og_locale":"en_US","og_type":"article","og_title":"Apprenez en plus sur Le chien blanc","og_description":"Le Chien Blanc est issu d\u2019un mode de vie. Celui d\u2019avoir un chien et de r\u00e9ellement vivre avec, partager toutes les activit\u00e9s de plein air ensemble.","og_url":"https:\/\/lechienblanc.com\/en\/a-propos\/","og_site_name":"Le Chien Blanc","article_publisher":"https:\/\/www.facebook.com\/golechienblanc","article_modified_time":"2024-12-20T20:20:01+00:00","schema":{"@context":"https:\/\/schema.org","@graph":[{"@type":"WebPage","@id":"https:\/\/lechienblanc.com\/a-propos\/","url":"https:\/\/lechienblanc.com\/a-propos\/","name":"Apprenez en plus sur Le chien blanc","isPartOf":{"@id":"https:\/\/lechienblanc.com\/#website"},"datePublished":"2017-06-16T15:03:30+00:00","dateModified":"2024-12-20T20:20:01+00:00","description":"Le Chien Blanc est issu d\u2019un mode de vie. Celui d\u2019avoir un chien et de r\u00e9ellement vivre avec, partager toutes les activit\u00e9s de plein air ensemble.","breadcrumb":{"@id":"https:\/\/lechienblanc.com\/a-propos\/#breadcrumb"},"inLanguage":"en-US","potentialAction":[{"@type":"ReadAction","target":["https:\/\/lechienblanc.com\/a-propos\/"]}]},{"@type":"BreadcrumbList","@id":"https:\/\/lechienblanc.com\/a-propos\/#breadcrumb","itemListElement":[{"@type":"ListItem","position":1,"name":"Accueil","item":"https:\/\/lechienblanc.com\/"},{"@type":"ListItem","position":2,"name":"\u00c0 PROPOS"}]},{"@type":"WebSite","@id":"https:\/\/lechienblanc.com\/#website","url":"https:\/\/lechienblanc.com\/","name":"Le Chien Blanc","description":"Accessoires pour chiens","publisher":{"@id":"https:\/\/lechienblanc.com\/#organization"},"potentialAction":[{"@type":"SearchAction","target":{"@type":"EntryPoint","urlTemplate":"https:\/\/lechienblanc.com\/?s={search_term_string}"},"query-input":{"@type":"PropertyValueSpecification","valueRequired":true,"valueName":"search_term_string"}}],"inLanguage":"en-US"},{"@type":"Organization","@id":"https:\/\/lechienblanc.com\/#organization","name":"Le Chien Blanc","url":"https:\/\/lechienblanc.com\/","logo":{"@type":"ImageObject","inLanguage":"en-US","@id":"https:\/\/lechienblanc.com\/#\/schema\/logo\/image\/","url":"http:\/\/lechienblanc.com\/wp-content\/uploads\/2019\/09\/LogoHeaderLCB.png","contentUrl":"http:\/\/lechienblanc.com\/wp-content\/uploads\/2019\/09\/LogoHeaderLCB.png","width":366,"height":286,"caption":"Le Chien Blanc"},"image":{"@id":"https:\/\/lechienblanc.com\/#\/schema\/logo\/image\/"},"sameAs":["https:\/\/www.facebook.com\/golechienblanc","https:\/\/www.instagram.com\/golechienblanc\/"]}]}},"_links":{"self":[{"href":"https:\/\/lechienblanc.com\/en\/wp-json\/wp\/v2\/pages\/393","targetHints":{"allow":["GET"]}}],"collection":[{"href":"https:\/\/lechienblanc.com\/en\/wp-json\/wp\/v2\/pages"}],"about":[{"href":"https:\/\/lechienblanc.com\/en\/wp-json\/wp\/v2\/types\/page"}],"author":[{"embeddable":true,"href":"https:\/\/lechienblanc.com\/en\/wp-json\/wp\/v2\/users\/1"}],"replies":[{"embeddable":true,"href":"https:\/\/lechienblanc.com\/en\/wp-json\/wp\/v2\/comments?post=393"}],"version-history":[{"count":10,"href":"https:\/\/lechienblanc.com\/en\/wp-json\/wp\/v2\/pages\/393\/revisions"}],"predecessor-version":[{"id":12915,"href":"https:\/\/lechienblanc.com\/en\/wp-json\/wp\/v2\/pages\/393\/revisions\/12915"}],"wp:attachment":[{"href":"https:\/\/lechienblanc.com\/en\/wp-json\/wp\/v2\/media?parent=393"}],"curies":[{"name":"wp","href":"https:\/\/api.w.org\/{rel}","templated":true}]}}