{"id":12614,"date":"2024-12-14T13:54:47","date_gmt":"2024-12-14T18:54:47","guid":{"rendered":"https:\/\/lechienblanc.com\/?page_id=12614"},"modified":"2025-02-21T12:39:19","modified_gmt":"2025-02-21T17:39:19","slug":"retour-et-garantie","status":"publish","type":"page","link":"https:\/\/lechienblanc.com\/en\/retour-et-garantie\/","title":{"rendered":"RETURN &amp; WARRANTY"},"content":{"rendered":"<p>[et_pb_section fb_built=\u00a0\u00bb1&Prime; admin_label=\u00a0\u00bbsection\u00a0\u00bb _builder_version=\u00a0\u00bb4.27.4&Prime; custom_padding=\u00a0\u00bb55px||55px||true|false\u00a0\u00bb global_colors_info=\u00a0\u00bb{}\u00a0\u00bb][et_pb_row column_structure=\u00a0\u00bb1_2,1_2&Prime; admin_label=\u00a0\u00bbrow\u00a0\u00bb _builder_version=\u00a0\u00bb4.27.4&Prime; background_size=\u00a0\u00bbinitial\u00a0\u00bb background_position=\u00a0\u00bbtop_left\u00a0\u00bb background_repeat=\u00a0\u00bbrepeat\u00a0\u00bb width=\u00a0\u00bb92%\u00a0\u00bb custom_padding=\u00a0\u00bb0px||0px||false|false\u00a0\u00bb global_colors_info=\u00a0\u00bb{}\u00a0\u00bb][et_pb_column type=\u00a0\u00bb1_2&Prime; _builder_version=\u00a0\u00bb4.16&Prime; custom_padding=\u00a0\u00bb|||\u00a0\u00bb global_colors_info=\u00a0\u00bb{}\u00a0\u00bb custom_padding__hover=\u00a0\u00bb|||\u00a0\u00bb][chiac_divi_accordions chiac_toggle_speed=\u00a0\u00bb150&Prime; chiac_mode=\u00a0\u00bbsingle\u00a0\u00bb chiac_i_title_bg_clr=\u00a0\u00bbRGBA(255,255,255,0)\u00a0\u00bb dap_i_title_clr_o=\u00a0\u00bb#151515&Prime; chiac_i_item_margin=\u00a0\u00bb12px||12px||true|false\u00a0\u00bb chiac_i_item_padding=\u00a0\u00bb0px||0px||false|false\u00a0\u00bb _builder_version=\u00a0\u00bb4.27.4&Prime; _module_preset=\u00a0\u00bbdefault\u00a0\u00bb chiac_i_title_font=\u00a0\u00bb||on||||||\u00a0\u00bb background_color=\u00a0\u00bbRGBA(255,255,255,0)\u00a0\u00bb module_alignment=\u00a0\u00bbcenter\u00a0\u00bb hover_enabled=\u00a0\u00bb0&Prime; global_colors_info=\u00a0\u00bb{}\u00a0\u00bb sticky_enabled=\u00a0\u00bb0&Prime;][chiac_divi_accordions_item title=\u00a0\u00bbRETOUR\u00a0\u00bb chiac_subtitle_state=\u00a0\u00bboff\u00a0\u00bb chiac_header_bg_color=\u00a0\u00bb#f4f4f4&Prime; chiac_header_bg_color_o=\u00a0\u00bb#f4f4f4&Prime; chiac_title_bg_color=\u00a0\u00bbRGBA(255,255,255,0)\u00a0\u00bb chiac_title_bg_color_o=\u00a0\u00bbRGBA(255,255,255,0)\u00a0\u00bb chiac_l_icon_state=\u00a0\u00bboff\u00a0\u00bb chiac_state=\u00a0\u00bbon\u00a0\u00bb chiac_r_icon_rotate=\u00a0\u00bbon\u00a0\u00bb chiac_select_r_fonticon=\u00a0\u00bb&#xf107;||fa||900&Prime; chiac_r_icon_color=\u00a0\u00bb#ff6700&Prime; chiac_r_icon_color_o=\u00a0\u00bb#ff6700&Prime; chiac_r_icon_bg_color=\u00a0\u00bbRGBA(255,255,255,0)\u00a0\u00bb chiac_r_icon_bg_color_o=\u00a0\u00bbRGBA(255,255,255,0)\u00a0\u00bb _builder_version=\u00a0\u00bb4.27.4&Prime; _module_preset=\u00a0\u00bbdefault\u00a0\u00bb chiac_title_font=\u00a0\u00bbBarlow Semi Condensed||||||||\u00a0\u00bb chiac_title_text_align=\u00a0\u00bbleft\u00a0\u00bb chiac_title_text_color=\u00a0\u00bb#151515&Prime; chiac_title_font_size=\u00a0\u00bb22px\u00a0\u00bb chiac_text_font=\u00a0\u00bb||||||||\u00a0\u00bb chiac_h1_font=\u00a0\u00bb||||||||\u00a0\u00bb background_enable_color=\u00a0\u00bboff\u00a0\u00bb hover_enabled=\u00a0\u00bb0&Prime; border_style_all_chiac_header=\u00a0\u00bbnone\u00a0\u00bb border_style_all_chiac_l_icon=\u00a0\u00bbnone\u00a0\u00bb border_style_all_chiac_content=\u00a0\u00bbnone\u00a0\u00bb border_radii_chiac_item=\u00a0\u00bbon|20px|20px|20px|20px\u00a0\u00bb border_width_all_chiac_item=\u00a0\u00bb0px\u00a0\u00bb border_color_all_chiac_item=\u00a0\u00bbRGBA(255,255,255,0)\u00a0\u00bb border_style_all_chiac_item=\u00a0\u00bbnone\u00a0\u00bb global_colors_info=\u00a0\u00bb{}\u00a0\u00bb sticky_enabled=\u00a0\u00bb0&Prime;]<\/p>\n<p>Si vous d\u00e9sirez nous retourner un produit pour remboursement, la demande doit \u00eatre effectu\u00e9e en contactant le service \u00e0 la client\u00e8le \u00e0 <a href=\"mailto: info@lechienblanc.com\">info@lechienblanc.com<\/a> au maximum 14 jours apr\u00e8s la r\u00e9ception de votre commande.<\/p>\n<p><strong>Les frais de livraison pour le retour (12.95$+tx partout au Canada) sont \u00e0 la charge du client.<\/strong> Une fois le colis re\u00e7u et le remboursement accept\u00e9, veuillez accorder un d\u00e9lai de 3 \u00e0 7 jours ouvrables pour obtenir votre remboursement. Ce dernier sera effectu\u00e9 sur votre mode de paiement initial. Tous les frais de livraison et d&rsquo;exp\u00e9dition factur\u00e9s au moment de l&rsquo;achat ne sont pas remboursables.<\/p>\n<p>Aucun article retourn\u00e9 sans nous avoir contact\u00e9 au pr\u00e9alable ne sera \u00e9chang\u00e9, ni rembours\u00e9.\u00a0 Les articles doivent \u00eatre retourn\u00e9s \u00e0 l\u2019\u00e9tat neuf, dans leur emballage d\u2019origine et accompagn\u00e9s de leurs \u00e9tiquettes.Tout article ayant \u00e9t\u00e9 utilis\u00e9 ou lav\u00e9 ne peut \u00eatre ni retourn\u00e9, ni \u00e9chang\u00e9.<\/p>\n<p>Les produits sont soigneusement inspect\u00e9s \u00e0 la r\u00e9ception et LE CHIEN BLANC se r\u00e9serve le droit de refuser un retour si l&rsquo;article ne respecte pas les conditions mentionn\u00e9es plus haut (article bris\u00e9, ayant \u00e9t\u00e9 port\u00e9, lav\u00e9 ou tach\u00e9), celui-ci vous sera alors retourn\u00e9 \u00e0 vos frais.<\/p>\n<p>Nous ne traitons que les retours de commandes effectu\u00e9es sur notre boutique en ligne. Si votre achat a \u00e9t\u00e9 effectu\u00e9 dans l\u2019un de nos points de vente, veuillez proc\u00e9der directement avec celui-ci.<\/p>\n<p><strong>Tous les articles achet\u00e9s en solde identifi\u00e9s \u00abVENTE FINALE\u00bb et les articles produits sur mesure sont des ventes finales.<\/strong> Il n\u2019y a aucun retour ni \u00e9change possible. Toutes promotions offertes sur la boutique en ligne ne peuvent \u00eatre jumel\u00e9es avec d&rsquo;autres promotions.<\/p>\n<p>Nous n\u2019offrons aucun ajustement de prix sur tous les produits achet\u00e9s ant\u00e9rieurement. Les soldes et les promotions ne s&rsquo;appliquent pas aux achats effectu\u00e9s la veille ou quelques jours avant une promotion.<\/p>\n<p>[\/chiac_divi_accordions_item][chiac_divi_accordions_item title=\u00a0\u00bbGARANTIE\u00a0\u00bb chiac_subtitle_state=\u00a0\u00bboff\u00a0\u00bb chiac_header_bg_color=\u00a0\u00bb#f4f4f4&Prime; chiac_header_bg_color_o=\u00a0\u00bb#f4f4f4&Prime; chiac_title_bg_color=\u00a0\u00bbRGBA(255,255,255,0)\u00a0\u00bb chiac_title_bg_color_o=\u00a0\u00bbRGBA(255,255,255,0)\u00a0\u00bb chiac_l_icon_state=\u00a0\u00bboff\u00a0\u00bb chiac_state=\u00a0\u00bboff\u00a0\u00bb chiac_r_icon_rotate=\u00a0\u00bbon\u00a0\u00bb chiac_select_r_fonticon=\u00a0\u00bb&#xf107;||fa||900&Prime; chiac_r_icon_color=\u00a0\u00bb#ff6700&Prime; chiac_r_icon_color_o=\u00a0\u00bb#ff6700&Prime; chiac_r_icon_bg_color=\u00a0\u00bbRGBA(255,255,255,0)\u00a0\u00bb chiac_r_icon_bg_color_o=\u00a0\u00bbRGBA(255,255,255,0)\u00a0\u00bb _builder_version=\u00a0\u00bb4.27.4&Prime; _module_preset=\u00a0\u00bbdefault\u00a0\u00bb chiac_title_font=\u00a0\u00bbBarlow Semi Condensed||||||||\u00a0\u00bb chiac_title_text_align=\u00a0\u00bbleft\u00a0\u00bb chiac_title_text_color=\u00a0\u00bb#151515&Prime; chiac_title_font_size=\u00a0\u00bb22px\u00a0\u00bb chiac_text_font=\u00a0\u00bb||||||||\u00a0\u00bb chiac_h1_font=\u00a0\u00bb||||||||\u00a0\u00bb background_enable_color=\u00a0\u00bboff\u00a0\u00bb border_style_all_chiac_header=\u00a0\u00bbnone\u00a0\u00bb border_style_all_chiac_l_icon=\u00a0\u00bbnone\u00a0\u00bb border_style_all_chiac_content=\u00a0\u00bbnone\u00a0\u00bb border_radii_chiac_item=\u00a0\u00bbon|20px|20px|20px|20px\u00a0\u00bb border_width_all_chiac_item=\u00a0\u00bb0px\u00a0\u00bb border_color_all_chiac_item=\u00a0\u00bbRGBA(255,255,255,0)\u00a0\u00bb border_style_all_chiac_item=\u00a0\u00bbnone\u00a0\u00bb global_colors_info=\u00a0\u00bb{}\u00a0\u00bb]<\/p>\n<p>Les produits LE CHIEN BLANC sont couverts par une garantie contre les d\u00e9fauts de fabrication pour une dur\u00e9e de 90 jours. Pendant cette p\u00e9riode de garantie, si un d\u00e9faut\/probl\u00e8me est constat\u00e9, veuillez nous contacter au <a href=\"mailto: info@lechienblanc.com\">info@lechienblanc.com<\/a>\u00a0et nous fournir les informations sur la nature du d\u00e9faut, une photo et une explication du contexte dans lequel le bris est survenu.<\/p>\n<p>LE CHIEN BLANC ne garantit pas les bris caus\u00e9s par un chien (mordillement), par un incident (d\u00e9chirure ou coupure avec un objet contondant), par un mauvais entretien ou une utilisation inad\u00e9quate du produit, par l\u2019usure normale ou la d\u00e9sint\u00e9gration naturelle des couleurs et des mat\u00e9riaux au fil du temps. Toute modification de nos \u00e9quipements annule la garantie.<\/p>\n<p>Pour tout article d\u00e9fectueux, pr\u00e9sentant un d\u00e9faut de fabrication couvert par la garantie, LE CHIEN BLANC s\u2019engage, selon le type de bris, \u00e0 vous offrir un service de r\u00e9paration ou \u00e0 vous envoyer une pi\u00e8ce de rechange ou \u00e0 \u00e9changer l\u2019article d\u00e9fectueux, sans frais suppl\u00e9mentaires pour le client.<\/p>\n<p>Tout produit retourn\u00e9 sans nous avoir contact\u00e9 au pr\u00e9alable sera automatiquement renvoy\u00e9 au client \u00e0 sa charge.<\/p>\n<p>Si votre achat a \u00e9t\u00e9 effectu\u00e9 dans l\u2019un de nos points de vente, les m\u00eames conditions de garantie s\u2019appliquent, toutefois, vous devrez avoir en mains votre preuve d\u2019achat et proc\u00e9der directement avec celui-ci.<\/p>\n<p>Cette garantie est seulement disponible au Canada et aux \u00c9tats-Unis.<\/p>\n<p>[\/chiac_divi_accordions_item][chiac_divi_accordions_item title=\u00a0\u00bbSERVICE DE R\u00c9PARATION HORS GARANTIE ET AJOUTS\u00a0\u00bb chiac_subtitle_state=\u00a0\u00bboff\u00a0\u00bb chiac_header_bg_color=\u00a0\u00bb#f4f4f4&Prime; chiac_header_bg_color_o=\u00a0\u00bb#f4f4f4&Prime; chiac_title_bg_color=\u00a0\u00bbRGBA(255,255,255,0)\u00a0\u00bb chiac_title_bg_color_o=\u00a0\u00bbRGBA(255,255,255,0)\u00a0\u00bb chiac_l_icon_state=\u00a0\u00bboff\u00a0\u00bb chiac_state=\u00a0\u00bboff\u00a0\u00bb chiac_r_icon_rotate=\u00a0\u00bbon\u00a0\u00bb chiac_select_r_fonticon=\u00a0\u00bb&#xf107;||fa||900&Prime; chiac_r_icon_color=\u00a0\u00bb#ff6700&Prime; chiac_r_icon_color_o=\u00a0\u00bb#ff6700&Prime; chiac_r_icon_bg_color=\u00a0\u00bbRGBA(255,255,255,0)\u00a0\u00bb chiac_r_icon_bg_color_o=\u00a0\u00bbRGBA(255,255,255,0)\u00a0\u00bb _builder_version=\u00a0\u00bb4.24.0&Prime; _module_preset=\u00a0\u00bbdefault\u00a0\u00bb chiac_title_font=\u00a0\u00bbBarlow Semi Condensed||||||||\u00a0\u00bb chiac_title_text_align=\u00a0\u00bbleft\u00a0\u00bb chiac_title_text_color=\u00a0\u00bb#151515&Prime; chiac_title_font_size=\u00a0\u00bb22px\u00a0\u00bb chiac_text_font=\u00a0\u00bb||||||||\u00a0\u00bb chiac_h1_font=\u00a0\u00bb||||||||\u00a0\u00bb background_enable_color=\u00a0\u00bboff\u00a0\u00bb border_style_all_chiac_header=\u00a0\u00bbnone\u00a0\u00bb border_style_all_chiac_l_icon=\u00a0\u00bbnone\u00a0\u00bb border_style_all_chiac_content=\u00a0\u00bbnone\u00a0\u00bb border_radii_chiac_item=\u00a0\u00bbon|20px|20px|20px|20px\u00a0\u00bb border_width_all_chiac_item=\u00a0\u00bb0px\u00a0\u00bb border_color_all_chiac_item=\u00a0\u00bbRGBA(255,255,255,0)\u00a0\u00bb border_style_all_chiac_item=\u00a0\u00bbnone\u00a0\u00bb global_colors_info=\u00a0\u00bb{}\u00a0\u00bb]<\/p>\n<p>Si vous avez un souci avec un article qui n\u2019est plus couvert par la garantie, sachez que nous vous offrons un service de r\u00e9paration hors garantie et des pi\u00e8ces de rechange \u00e0 faible co\u00fbt. Dans la mesure du possible, nous r\u00e9parons ou rempla\u00e7ons les pi\u00e8ces d&rsquo;un article endommag\u00e9. Les frais pour ce service sont couverts par le client.<\/p>\n<p>Pour des ajouts\/modifications \u00e0 votre article, \u00e9crivez-nous au <a href=\"mailto: info@lechienblanc.com\">info@lechienblanc.com<\/a>.<\/p>\n<p>Prenez note que lorsqu&rsquo;un produit est modifi\u00e9, il n&rsquo;est plus remboursable ni \u00e9changeable. Les frais de livraison pour la r\u00e9paration sont pris en charge par le client.<\/p>\n<p>[\/chiac_divi_accordions_item][chiac_divi_accordions_item title=\u00a0\u00bbLIVRAISON\u00a0\u00bb chiac_subtitle_state=\u00a0\u00bboff\u00a0\u00bb chiac_header_bg_color=\u00a0\u00bb#f4f4f4&Prime; chiac_header_bg_color_o=\u00a0\u00bb#f4f4f4&Prime; chiac_title_bg_color=\u00a0\u00bbRGBA(255,255,255,0)\u00a0\u00bb chiac_title_bg_color_o=\u00a0\u00bbRGBA(255,255,255,0)\u00a0\u00bb chiac_l_icon_state=\u00a0\u00bboff\u00a0\u00bb chiac_state=\u00a0\u00bboff\u00a0\u00bb chiac_r_icon_rotate=\u00a0\u00bbon\u00a0\u00bb chiac_select_r_fonticon=\u00a0\u00bb&#xf107;||fa||900&Prime; chiac_r_icon_color=\u00a0\u00bb#ff6700&Prime; chiac_r_icon_color_o=\u00a0\u00bb#ff6700&Prime; chiac_r_icon_bg_color=\u00a0\u00bbRGBA(255,255,255,0)\u00a0\u00bb chiac_r_icon_bg_color_o=\u00a0\u00bbRGBA(255,255,255,0)\u00a0\u00bb _builder_version=\u00a0\u00bb4.24.0&Prime; _module_preset=\u00a0\u00bbdefault\u00a0\u00bb chiac_title_font=\u00a0\u00bbBarlow Semi Condensed||||||||\u00a0\u00bb chiac_title_text_align=\u00a0\u00bbleft\u00a0\u00bb chiac_title_text_color=\u00a0\u00bb#151515&Prime; chiac_title_font_size=\u00a0\u00bb22px\u00a0\u00bb chiac_text_font=\u00a0\u00bb||||||||\u00a0\u00bb chiac_h1_font=\u00a0\u00bb||||||||\u00a0\u00bb background_enable_color=\u00a0\u00bboff\u00a0\u00bb border_style_all_chiac_header=\u00a0\u00bbnone\u00a0\u00bb border_style_all_chiac_l_icon=\u00a0\u00bbnone\u00a0\u00bb border_style_all_chiac_content=\u00a0\u00bbnone\u00a0\u00bb border_radii_chiac_item=\u00a0\u00bbon|20px|20px|20px|20px\u00a0\u00bb border_width_all_chiac_item=\u00a0\u00bb0px\u00a0\u00bb border_color_all_chiac_item=\u00a0\u00bbRGBA(255,255,255,0)\u00a0\u00bb border_style_all_chiac_item=\u00a0\u00bbnone\u00a0\u00bb global_colors_info=\u00a0\u00bb{}\u00a0\u00bb]<\/p>\n<p><strong>FRAIS ET D\u00c9LAIS DE LIVRAISON<\/strong><\/p>\n<p>Les d\u00e9lais de livraison \u00e0 l\u2019int\u00e9rieur du Qu\u00e9bec sont de 1 \u00e0 3 jours ouvrables et peuvent aller jusqu\u2019\u00e0 7 jours ouvrables pour les commandes livr\u00e9es \u00e0 l\u2019ext\u00e9rieur du Qu\u00e9bec. Lorsque votre commande est post\u00e9e, un email de confirmation avec num\u00e9ro de suivi vous est automatiquement envoy\u00e9 par courriel.<\/p>\n<p>Pour les livraisons \u00e0 l\u2019ext\u00e9rieur du Canada, les d\u00e9lais de livraison peuvent varier de 5 \u00e0 10 jours ouvrables, mais ne peuvent \u00eatre garantis par LE CHIEN BLANC. Des taxes et des frais de douanes peuvent \u00eatre applicables et sont \u00e0 la charge du client.<\/p>\n<p>&nbsp;<\/p>\n<p><strong>LIVRAISON GRATUITE<\/strong><\/p>\n<p>La livraison est gratuite partout au Canada pour toute commande de 100 $ et plus, avant taxes et apr\u00e8s rabais applicables.<\/p>\n<p>[\/chiac_divi_accordions_item][\/chiac_divi_accordions][\/et_pb_column][et_pb_column type=\u00a0\u00bb1_2&Prime; _builder_version=\u00a0\u00bb4.16&Prime; custom_padding=\u00a0\u00bb|||\u00a0\u00bb global_colors_info=\u00a0\u00bb{}\u00a0\u00bb custom_padding__hover=\u00a0\u00bb|||\u00a0\u00bb][et_pb_image src=\u00a0\u00bbhttp:\/\/lechienblanc.com\/wp-content\/uploads\/2024\/09\/11111111111.jpg\u00a0\u00bb title_text=\u00a0\u00bb11111111111&Prime; align_tablet=\u00a0\u00bbcenter\u00a0\u00bb align_phone=\u00a0\u00bb\u00a0\u00bb align_last_edited=\u00a0\u00bbon|desktop\u00a0\u00bb admin_label=\u00a0\u00bbImage\u00a0\u00bb _builder_version=\u00a0\u00bb4.27.4&Prime; animation_direction=\u00a0\u00bbright\u00a0\u00bb animation=\u00a0\u00bbleft\u00a0\u00bb sticky=\u00a0\u00bboff\u00a0\u00bb use_border_color=\u00a0\u00bboff\u00a0\u00bb border_color=\u00a0\u00bb#ffffff\u00a0\u00bb border_style=\u00a0\u00bbsolid\u00a0\u00bb always_center_on_mobile=\u00a0\u00bbon\u00a0\u00bb global_colors_info=\u00a0\u00bb{}\u00a0\u00bb]&nbsp;<br \/>\n[\/et_pb_image][\/et_pb_column][\/et_pb_row][\/et_pb_section]<\/p>\n","protected":false},"excerpt":{"rendered":"<p><div class=\"et_pb_module chiac_divi_accordions chiac_divi_accordions_0 dap_module_D4\">\n\t\t\t\t\n\t\t\t\t\n\t\t\t\t\n\t\t\t\t\n\t\t\t\t\n\t\t\t\t\n\t\t\t\t<div class=\"et_pb_module_inner\">\n\t\t\t\t\t<div class=\"chiac-content-wrapper chiac_toggle_speed-150 \" data-speed=\"150\" data-mode=\"single\" data-scroll-into-view=\"off|off|0\"><\/div>\n\t\t\t\t<\/div>\n\t\t\t<\/div><div class=\"et_pb_with_border et_pb_module chiac_divi_accordions_item chiac_divi_accordions_item_0\">\n\t\t\t\t\n\t\t\t\t\n\t\t\t\t\n\t\t\t\t\n\t\t\t\t\n\t\t\t\t\n\t\t\t\t<div class=\"et_pb_module_inner\">\n\t\t\t\t\t\r\n            <div class=\"chiac-header chiac_opened chiac_subtitle_hidden chiac_left_icon_hidden chiac_right_icon_show  chiac_r_icon_rotate   \">\r\n                <div class=\"chiac_left_icon_container\">\r\n                    <i class=\"chiac_left_icon et-pb-icon\"><span>\ue005<\/span><\/i>\r\n                <\/div>\r\n                <div class=\"chiac_heading_container\">\r\n                    <h4 class=\"chiac-title\">RETOUR<\/h4>\r\n                    <h6 class=\"chiac-subtitle\">Your Subtitle Goes Here<\/h6>\r\n                <\/div>\r\n                <div class=\"chiac_right_icon_container\">\r\n                    <i class=\"chiac_right_icon et-pb-icon\"><span>\uf107<\/span><\/i>\r\n                <\/div>\r\n            <\/div>   \r\n            <div class=\"chiac-content\"><\/div>\n\t\t\t\t<\/div>\n\t\t\t<\/div>Si vous d\u00e9sirez nous retourner un [&hellip;]<\/p>\n","protected":false},"author":1,"featured_media":0,"parent":0,"menu_order":0,"comment_status":"closed","ping_status":"closed","template":"","meta":{"_et_pb_use_builder":"on","_et_pb_old_content":"","_et_gb_content_width":"","footnotes":""},"class_list":["post-12614","page","type-page","status-publish","hentry"],"yoast_head":"<!-- This site is optimized with the Yoast SEO plugin v27.4 - https:\/\/yoast.com\/product\/yoast-seo-wordpress\/ -->\n<title>Apprenez en plus sur Le chien blanc<\/title>\n<meta name=\"description\" content=\"Cette garantie est seulement disponible au Canada et aux \u00c9tats-Unis.\" \/>\n<meta name=\"robots\" content=\"index, follow, max-snippet:-1, max-image-preview:large, max-video-preview:-1\" \/>\n<link rel=\"canonical\" href=\"https:\/\/lechienblanc.com\/en\/retour-et-garantie\/\" \/>\n<meta property=\"og:locale\" content=\"en_US\" \/>\n<meta property=\"og:type\" content=\"article\" \/>\n<meta property=\"og:title\" content=\"Apprenez en plus sur Le chien blanc\" \/>\n<meta property=\"og:description\" content=\"Cette garantie est seulement disponible au Canada et aux \u00c9tats-Unis.\" \/>\n<meta property=\"og:url\" content=\"https:\/\/lechienblanc.com\/en\/retour-et-garantie\/\" \/>\n<meta property=\"og:site_name\" content=\"Le Chien Blanc\" \/>\n<meta property=\"article:publisher\" content=\"https:\/\/www.facebook.com\/golechienblanc\" \/>\n<meta property=\"article:modified_time\" content=\"2025-02-21T17:39:19+00:00\" \/>\n<script type=\"application\/ld+json\" class=\"yoast-schema-graph\">{\"@context\":\"https:\\\/\\\/schema.org\",\"@graph\":[{\"@type\":\"WebPage\",\"@id\":\"https:\\\/\\\/lechienblanc.com\\\/retour-et-garantie\\\/\",\"url\":\"https:\\\/\\\/lechienblanc.com\\\/retour-et-garantie\\\/\",\"name\":\"Apprenez en plus sur Le chien blanc\",\"isPartOf\":{\"@id\":\"https:\\\/\\\/lechienblanc.com\\\/#website\"},\"datePublished\":\"2024-12-14T18:54:47+00:00\",\"dateModified\":\"2025-02-21T17:39:19+00:00\",\"description\":\"Cette garantie est seulement disponible au Canada et aux \u00c9tats-Unis.\",\"breadcrumb\":{\"@id\":\"https:\\\/\\\/lechienblanc.com\\\/retour-et-garantie\\\/#breadcrumb\"},\"inLanguage\":\"en-US\",\"potentialAction\":[{\"@type\":\"ReadAction\",\"target\":[\"https:\\\/\\\/lechienblanc.com\\\/retour-et-garantie\\\/\"]}]},{\"@type\":\"BreadcrumbList\",\"@id\":\"https:\\\/\\\/lechienblanc.com\\\/retour-et-garantie\\\/#breadcrumb\",\"itemListElement\":[{\"@type\":\"ListItem\",\"position\":1,\"name\":\"Accueil\",\"item\":\"https:\\\/\\\/lechienblanc.com\\\/\"},{\"@type\":\"ListItem\",\"position\":2,\"name\":\"RETOUR &#038; GARANTIE\"}]},{\"@type\":\"WebSite\",\"@id\":\"https:\\\/\\\/lechienblanc.com\\\/#website\",\"url\":\"https:\\\/\\\/lechienblanc.com\\\/\",\"name\":\"Le Chien Blanc\",\"description\":\"Accessoires pour chiens\",\"publisher\":{\"@id\":\"https:\\\/\\\/lechienblanc.com\\\/#organization\"},\"potentialAction\":[{\"@type\":\"SearchAction\",\"target\":{\"@type\":\"EntryPoint\",\"urlTemplate\":\"https:\\\/\\\/lechienblanc.com\\\/?s={search_term_string}\"},\"query-input\":{\"@type\":\"PropertyValueSpecification\",\"valueRequired\":true,\"valueName\":\"search_term_string\"}}],\"inLanguage\":\"en-US\"},{\"@type\":\"Organization\",\"@id\":\"https:\\\/\\\/lechienblanc.com\\\/#organization\",\"name\":\"Le Chien Blanc\",\"url\":\"https:\\\/\\\/lechienblanc.com\\\/\",\"logo\":{\"@type\":\"ImageObject\",\"inLanguage\":\"en-US\",\"@id\":\"https:\\\/\\\/lechienblanc.com\\\/#\\\/schema\\\/logo\\\/image\\\/\",\"url\":\"http:\\\/\\\/lechienblanc.com\\\/wp-content\\\/uploads\\\/2019\\\/09\\\/LogoHeaderLCB.png\",\"contentUrl\":\"http:\\\/\\\/lechienblanc.com\\\/wp-content\\\/uploads\\\/2019\\\/09\\\/LogoHeaderLCB.png\",\"width\":366,\"height\":286,\"caption\":\"Le Chien Blanc\"},\"image\":{\"@id\":\"https:\\\/\\\/lechienblanc.com\\\/#\\\/schema\\\/logo\\\/image\\\/\"},\"sameAs\":[\"https:\\\/\\\/www.facebook.com\\\/golechienblanc\",\"https:\\\/\\\/www.instagram.com\\\/golechienblanc\\\/\"]}]}<\/script>\n<!-- \/ Yoast SEO plugin. -->","yoast_head_json":{"title":"Apprenez en plus sur Le chien blanc","description":"This warranty is only available in Canada and the United States.","robots":{"index":"index","follow":"follow","max-snippet":"max-snippet:-1","max-image-preview":"max-image-preview:large","max-video-preview":"max-video-preview:-1"},"canonical":"https:\/\/lechienblanc.com\/en\/retour-et-garantie\/","og_locale":"en_US","og_type":"article","og_title":"Apprenez en plus sur Le chien blanc","og_description":"Cette garantie est seulement disponible au Canada et aux \u00c9tats-Unis.","og_url":"https:\/\/lechienblanc.com\/en\/retour-et-garantie\/","og_site_name":"Le Chien Blanc","article_publisher":"https:\/\/www.facebook.com\/golechienblanc","article_modified_time":"2025-02-21T17:39:19+00:00","schema":{"@context":"https:\/\/schema.org","@graph":[{"@type":"WebPage","@id":"https:\/\/lechienblanc.com\/retour-et-garantie\/","url":"https:\/\/lechienblanc.com\/retour-et-garantie\/","name":"Apprenez en plus sur Le chien blanc","isPartOf":{"@id":"https:\/\/lechienblanc.com\/#website"},"datePublished":"2024-12-14T18:54:47+00:00","dateModified":"2025-02-21T17:39:19+00:00","description":"This warranty is only available in Canada and the United States.","breadcrumb":{"@id":"https:\/\/lechienblanc.com\/retour-et-garantie\/#breadcrumb"},"inLanguage":"en-US","potentialAction":[{"@type":"ReadAction","target":["https:\/\/lechienblanc.com\/retour-et-garantie\/"]}]},{"@type":"BreadcrumbList","@id":"https:\/\/lechienblanc.com\/retour-et-garantie\/#breadcrumb","itemListElement":[{"@type":"ListItem","position":1,"name":"Accueil","item":"https:\/\/lechienblanc.com\/"},{"@type":"ListItem","position":2,"name":"RETOUR &#038; GARANTIE"}]},{"@type":"WebSite","@id":"https:\/\/lechienblanc.com\/#website","url":"https:\/\/lechienblanc.com\/","name":"Le Chien Blanc","description":"Accessoires pour chiens","publisher":{"@id":"https:\/\/lechienblanc.com\/#organization"},"potentialAction":[{"@type":"SearchAction","target":{"@type":"EntryPoint","urlTemplate":"https:\/\/lechienblanc.com\/?s={search_term_string}"},"query-input":{"@type":"PropertyValueSpecification","valueRequired":true,"valueName":"search_term_string"}}],"inLanguage":"en-US"},{"@type":"Organization","@id":"https:\/\/lechienblanc.com\/#organization","name":"Le Chien Blanc","url":"https:\/\/lechienblanc.com\/","logo":{"@type":"ImageObject","inLanguage":"en-US","@id":"https:\/\/lechienblanc.com\/#\/schema\/logo\/image\/","url":"http:\/\/lechienblanc.com\/wp-content\/uploads\/2019\/09\/LogoHeaderLCB.png","contentUrl":"http:\/\/lechienblanc.com\/wp-content\/uploads\/2019\/09\/LogoHeaderLCB.png","width":366,"height":286,"caption":"Le Chien Blanc"},"image":{"@id":"https:\/\/lechienblanc.com\/#\/schema\/logo\/image\/"},"sameAs":["https:\/\/www.facebook.com\/golechienblanc","https:\/\/www.instagram.com\/golechienblanc\/"]}]}},"_links":{"self":[{"href":"https:\/\/lechienblanc.com\/en\/wp-json\/wp\/v2\/pages\/12614","targetHints":{"allow":["GET"]}}],"collection":[{"href":"https:\/\/lechienblanc.com\/en\/wp-json\/wp\/v2\/pages"}],"about":[{"href":"https:\/\/lechienblanc.com\/en\/wp-json\/wp\/v2\/types\/page"}],"author":[{"embeddable":true,"href":"https:\/\/lechienblanc.com\/en\/wp-json\/wp\/v2\/users\/1"}],"replies":[{"embeddable":true,"href":"https:\/\/lechienblanc.com\/en\/wp-json\/wp\/v2\/comments?post=12614"}],"version-history":[{"count":17,"href":"https:\/\/lechienblanc.com\/en\/wp-json\/wp\/v2\/pages\/12614\/revisions"}],"predecessor-version":[{"id":13449,"href":"https:\/\/lechienblanc.com\/en\/wp-json\/wp\/v2\/pages\/12614\/revisions\/13449"}],"wp:attachment":[{"href":"https:\/\/lechienblanc.com\/en\/wp-json\/wp\/v2\/media?parent=12614"}],"curies":[{"name":"wp","href":"https:\/\/api.w.org\/{rel}","templated":true}]}}